{"id":31304,"date":"2024-10-26T03:14:45","date_gmt":"2024-10-26T07:14:45","guid":{"rendered":"https:\/\/shuji.ca\/?post_type=product&#038;p=31304"},"modified":"2024-12-30T21:48:32","modified_gmt":"2024-12-31T01:48:32","slug":"razer-x-pokemon-pikachu-special-edition-death-adder-gaming-mouse-and-mouse-pad-set-limited-edition-1","status":"publish","type":"product","link":"https:\/\/shuji.ca\/fr\/shop\/electronics\/computers-peripherals\/razer-x-pokemon-pikachu-special-edition-death-adder-gaming-mouse-and-mouse-pad-set-limited-edition-1\/","title":{"rendered":"Razer x Pok\u00e9mon Pikachu Special Edition Death Adder Gaming Mouse and Mouse Pad Set - Limited Edition Brand New"},"content":{"rendered":"<p><strong>Caract\u00e9ristiques :<\/strong><\/p>\n<ul>\n<li>Ce set comprend une souris de jeu Pok\u00e9mon Pikachu Death Adder en \u00e9dition limit\u00e9e et un tapis de souris Razer sur le th\u00e8me de Pikachu.<\/li>\n<li class=\"a-spacing-mini\"><span class=\"a-list-item\">Capteur optique haute pr\u00e9cision de 6 400 DPI : Permet d'ajuster la sensibilit\u00e9 \u00e0 la vol\u00e9e gr\u00e2ce \u00e0 des boutons DPI d\u00e9di\u00e9s (reprogrammables) pour les jeux et les travaux cr\u00e9atifs.<\/span><\/li>\n<li class=\"a-spacing-mini\"><span class=\"a-list-item\">Interrupteurs m\u00e9caniques durables : Supporte jusqu'\u00e0 10 millions de clics. Produit anthentique garanti.<\/span><\/li>\n<li class=\"a-spacing-mini\"><span class=\"a-list-item\">Molette de d\u00e9filement stri\u00e9e et caoutchout\u00e9e pour une pr\u00e9cision maximale : de petites bosses tactiles am\u00e9liorent la prise en main et permettent un d\u00e9filement plus contr\u00f4l\u00e9 dans les situations de jeu \u00e0 enjeux \u00e9lev\u00e9s.<\/span><\/li>\n<li class=\"a-spacing-mini\"><span class=\"a-list-item\">Boutons programmables : Permet le remappage des boutons et l'attribution de fonctions macro complexes via Razer Synapse.<\/span><\/li>\n<\/ul>\n<p>Taille du tapis de souris : 355 mm x 254 mm<\/p>\n<p><img fetchpriority=\"high\" decoding=\"async\" class=\"aligncenter\" src=\"https:\/\/img.alicdn.com\/imgextra\/i1\/1085315961\/O1CN01LiKEbs1tuBuw2IYp5_!!1085315961.jpg\" width=\"811\" height=\"1256\" \/><img decoding=\"async\" class=\"aligncenter\" src=\"https:\/\/img.alicdn.com\/imgextra\/i2\/1085315961\/O1CN01jQktKt1tuBuu1EBQi_!!1085315961.jpg\" width=\"814\" height=\"467\" \/><\/p>","protected":false},"excerpt":{"rendered":"<p>Features: This set features a Limited Edition Pok\u00e9mon Pikachu Death Adder Gaming Mouse and a Pikachu-themed Razer Mouse Pad. High-Precision 6,400 DPI Optical Sensor: Offers on-the-fly sensitivity adjustment through dedicated DPI buttons (reprogrammable) for gaming and creative work Durable Mechanical Switches: Supports up to 10 million clicks. Guaranteed anthentic product. Ridged, Rubberized Scroll Wheel for [&hellip;]<\/p>","protected":false},"featured_media":30838,"comment_status":"open","ping_status":"closed","template":"","meta":[],"product_brand":[],"product_cat":[1239,1198],"product_tag":[],"class_list":{"0":"post-31304","1":"product","2":"type-product","3":"status-publish","4":"has-post-thumbnail","6":"product_cat-computers-peripherals","7":"product_cat-electronics","8":"product_shipping_class-havestock","10":"first","11":"instock","12":"taxable","13":"shipping-taxable","14":"purchasable","15":"product-type-simple"},"_links":{"self":[{"href":"https:\/\/shuji.ca\/fr\/wp-json\/wp\/v2\/product\/31304","targetHints":{"allow":["GET"]}}],"collection":[{"href":"https:\/\/shuji.ca\/fr\/wp-json\/wp\/v2\/product"}],"about":[{"href":"https:\/\/shuji.ca\/fr\/wp-json\/wp\/v2\/types\/product"}],"replies":[{"embeddable":true,"href":"https:\/\/shuji.ca\/fr\/wp-json\/wp\/v2\/comments?post=31304"}],"wp:featuredmedia":[{"embeddable":true,"href":"https:\/\/shuji.ca\/fr\/wp-json\/wp\/v2\/media\/30838"}],"wp:attachment":[{"href":"https:\/\/shuji.ca\/fr\/wp-json\/wp\/v2\/media?parent=31304"}],"wp:term":[{"taxonomy":"product_brand","embeddable":true,"href":"https:\/\/shuji.ca\/fr\/wp-json\/wp\/v2\/product_brand?post=31304"},{"taxonomy":"product_cat","embeddable":true,"href":"https:\/\/shuji.ca\/fr\/wp-json\/wp\/v2\/product_cat?post=31304"},{"taxonomy":"product_tag","embeddable":true,"href":"https:\/\/shuji.ca\/fr\/wp-json\/wp\/v2\/product_tag?post=31304"}],"curies":[{"name":"wp","href":"https:\/\/api.w.org\/{rel}","templated":true}]}}