{"id":31303,"date":"2024-10-26T03:14:33","date_gmt":"2024-10-26T07:14:33","guid":{"rendered":"https:\/\/shuji.ca\/?post_type=product&#038;p=31303"},"modified":"2024-11-03T11:02:29","modified_gmt":"2024-11-03T15:02:29","slug":"razer-x-pokemon-pikachu-kraken-v3-x-wired-headset-limited-edition1","status":"publish","type":"product","link":"https:\/\/shuji.ca\/fr\/shop\/electronics\/computers-peripherals\/razer-x-pokemon-pikachu-kraken-v3-x-wired-headset-limited-edition1\/","title":{"rendered":"Razer x Pok\u00e9mon Pikachu Kraken V3 X Wired Headset Limited Edition Brand New"},"content":{"rendered":"<p><strong>Caract\u00e9ristiques :<\/strong><\/p>\n<ul>\n<li>Deux fois plus mignon, deux fois plus amusant : D\u00e9couvrez la collaboration Razer x Pok\u00e9mon avec un casque filaire Pikachu Kraken V3 X ultra mignon. Produit authentique garanti.<\/li>\n<li class=\"a-spacing-mini\"><span class=\"a-list-item\">Membranes Razer TriForce Titanium 50mm : Notre conception brevet\u00e9e de haut-parleurs en 3 parties permet d'obtenir des aigus, des m\u00e9diums et des graves exceptionnels, sans effet de boue, offrant une exp\u00e9rience d'\u00e9coute plus dynamique pour une immersion plus profonde.<\/span><\/li>\n<li class=\"a-spacing-mini\"><span class=\"a-list-item\">THX Spatial Audio : Avec notre son surround 7.1 avanc\u00e9, profitez d'une acoustique plus vraie que nature qui optimise la conception sonore de votre jeu pour que vous puissiez tout entendre comme si vous \u00e9tiez au c\u0153ur de l'action.<\/span><\/li>\n<li class=\"a-spacing-mini\"><span class=\"a-list-item\">Coussinets en tissu hybride et en mousse \u00e0 m\u00e9moire de forme en similicuir : Les oreillettes bien ajust\u00e9es offrent une isolation sonore et un confort sup\u00e9rieurs, vous permettant de jouer pendant des heures dans une immersion totale et ininterrompue.<\/span><\/li>\n<li class=\"a-spacing-mini\"><span class=\"a-list-item\">Micro cardio\u00efde d\u00e9tachable Razer HyperClear : Vous pouvez vous faire entendre haut et fort gr\u00e2ce \u00e0 un micro r\u00e9gl\u00e9 avec pr\u00e9cision pour supprimer les bruits de fond et am\u00e9liorer la capture de la voix pendant les jeux. Longueur du c\u00e2ble 1,3 m \/ 4,27 ft<\/span><\/li>\n<\/ul>\n<p><img fetchpriority=\"high\" decoding=\"async\" class=\"aligncenter\" src=\"https:\/\/img.alicdn.com\/imgextra\/i1\/1085315961\/O1CN01qk0a661tuBuxkJ5yR_!!1085315961.jpg\" width=\"853\" height=\"1320\" \/><img decoding=\"async\" class=\"aligncenter\" src=\"https:\/\/img.alicdn.com\/imgextra\/i2\/1085315961\/O1CN01TvwSuO1tuBtDM5Vaj_!!1085315961.jpg\" width=\"854\" height=\"1071\" \/><img decoding=\"async\" class=\"aligncenter\" src=\"https:\/\/img.alicdn.com\/imgextra\/i4\/1085315961\/O1CN01KV1fwi1tuBusZgYu6_!!1085315961.jpg\" width=\"853\" height=\"1320\" \/><img loading=\"lazy\" decoding=\"async\" class=\"aligncenter wp-image-30831\" src=\"https:\/\/shuji.ca\/wp-content\/uploads\/2024\/10\/pokemon-mouse.png\" alt=\"\" width=\"853\" height=\"847\" srcset=\"https:\/\/shuji.ca\/wp-content\/uploads\/2024\/10\/pokemon-mouse.png 771w, https:\/\/shuji.ca\/wp-content\/uploads\/2024\/10\/pokemon-mouse-300x298.png 300w, https:\/\/shuji.ca\/wp-content\/uploads\/2024\/10\/pokemon-mouse-150x150.png 150w, https:\/\/shuji.ca\/wp-content\/uploads\/2024\/10\/pokemon-mouse-768x763.png 768w, https:\/\/shuji.ca\/wp-content\/uploads\/2024\/10\/pokemon-mouse-12x12.png 12w, https:\/\/shuji.ca\/wp-content\/uploads\/2024\/10\/pokemon-mouse-600x596.png 600w, https:\/\/shuji.ca\/wp-content\/uploads\/2024\/10\/pokemon-mouse-100x100.png 100w\" sizes=\"(max-width: 853px) 100vw, 853px\" \/><\/p>","protected":false},"excerpt":{"rendered":"<p>Features: Double the Cuteness, Double the Fun: Experience Razer x Pok\u00e9mon collab with a ultra cute Pikachu Kraken V3 X Wired Headset. Guaranteed authentic product. Razer TriForce Titanium 50mm Drivers: Our patented 3-part driver design pushes out exceptional highs, mids and lows that doesn\u2019t muddy, providing a more dynamic listening experience for deeper immersion THX [&hellip;]<\/p>","protected":false},"featured_media":30835,"comment_status":"open","ping_status":"closed","template":"","meta":[],"product_brand":[],"product_cat":[1239,1198],"product_tag":[],"class_list":{"0":"post-31303","1":"product","2":"type-product","3":"status-publish","4":"has-post-thumbnail","6":"product_cat-computers-peripherals","7":"product_cat-electronics","8":"product_shipping_class-havestock","10":"first","11":"instock","12":"taxable","13":"shipping-taxable","14":"purchasable","15":"product-type-simple"},"_links":{"self":[{"href":"https:\/\/shuji.ca\/fr\/wp-json\/wp\/v2\/product\/31303","targetHints":{"allow":["GET"]}}],"collection":[{"href":"https:\/\/shuji.ca\/fr\/wp-json\/wp\/v2\/product"}],"about":[{"href":"https:\/\/shuji.ca\/fr\/wp-json\/wp\/v2\/types\/product"}],"replies":[{"embeddable":true,"href":"https:\/\/shuji.ca\/fr\/wp-json\/wp\/v2\/comments?post=31303"}],"wp:featuredmedia":[{"embeddable":true,"href":"https:\/\/shuji.ca\/fr\/wp-json\/wp\/v2\/media\/30835"}],"wp:attachment":[{"href":"https:\/\/shuji.ca\/fr\/wp-json\/wp\/v2\/media?parent=31303"}],"wp:term":[{"taxonomy":"product_brand","embeddable":true,"href":"https:\/\/shuji.ca\/fr\/wp-json\/wp\/v2\/product_brand?post=31303"},{"taxonomy":"product_cat","embeddable":true,"href":"https:\/\/shuji.ca\/fr\/wp-json\/wp\/v2\/product_cat?post=31303"},{"taxonomy":"product_tag","embeddable":true,"href":"https:\/\/shuji.ca\/fr\/wp-json\/wp\/v2\/product_tag?post=31303"}],"curies":[{"name":"wp","href":"https:\/\/api.w.org\/{rel}","templated":true}]}}