{"id":31226,"date":"2024-10-25T23:39:21","date_gmt":"2024-10-26T03:39:21","guid":{"rendered":"https:\/\/shuji.ca\/?post_type=product&#038;p=31226"},"modified":"2025-02-03T03:04:04","modified_gmt":"2025-02-03T07:04:04","slug":"razer-deathadder-essential-gaming-mouse-6400-dpi-optical-sensor-5-programmable-buttons-mechanical-switches-rubber-side-grips-classic-black-brand-new","status":"publish","type":"product","link":"https:\/\/shuji.ca\/fr\/shop\/electronics\/computers-peripherals\/razer-deathadder-essential-gaming-mouse-6400-dpi-optical-sensor-5-programmable-buttons-mechanical-switches-rubber-side-grips-classic-black-brand-new\/","title":{"rendered":"Razer DeathAdder Essential Gaming Mouse : Capteur optique 6400 DPI - 5 boutons programmables - Commutateurs m\u00e9caniques - Grips lat\u00e9raux en caoutchouc - Noir classique - Neuf"},"content":{"rendered":"<p><strong>Caract\u00e9ristiques :<\/strong><\/p>\n<ul class=\"a-unordered-list a-vertical a-spacing-mini\">\n<li class=\"a-spacing-mini\"><span class=\"a-list-item\">Le Razer Death Adder Essential, une qualit\u00e9 et une durabilit\u00e9 \u00e9prouv\u00e9es, appr\u00e9ci\u00e9es par des g\u00e9n\u00e9rations de joueurs.<\/span><\/li>\n<li class=\"a-spacing-mini\"><span class=\"a-list-item\">Capteur optique haute pr\u00e9cision de 6 400 DPI : Permet d'ajuster la sensibilit\u00e9 \u00e0 la vol\u00e9e gr\u00e2ce \u00e0 des boutons DPI d\u00e9di\u00e9s (reprogrammables) pour les jeux et les travaux cr\u00e9atifs.<\/span><\/li>\n<li class=\"a-spacing-mini\"><span class=\"a-list-item\">Interrupteurs m\u00e9caniques durables : Supporte jusqu'\u00e0 10 millions de clics. Produit anthentique garanti, couvert par la garantie nationale de Shuji.<\/span><\/li>\n<li class=\"a-spacing-mini\"><span class=\"a-list-item\">Molette de d\u00e9filement stri\u00e9e et caoutchout\u00e9e pour une pr\u00e9cision maximale : de petites bosses tactiles am\u00e9liorent la prise en main et permettent un d\u00e9filement plus contr\u00f4l\u00e9 dans les situations de jeu \u00e0 enjeux \u00e9lev\u00e9s.<\/span><\/li>\n<li class=\"a-spacing-mini\"><span class=\"a-list-item\">Boutons programmables : Permet le remappage des boutons et l'attribution de fonctions macro complexes via Razer Synapse.<\/span><\/li>\n<\/ul>\n<p><img fetchpriority=\"high\" decoding=\"async\" class=\"aligncenter wp-image-30788\" src=\"https:\/\/shuji.ca\/wp-content\/uploads\/2024\/10\/Image_20241017190236.png\" alt=\"\" width=\"672\" height=\"671\" srcset=\"https:\/\/shuji.ca\/wp-content\/uploads\/2024\/10\/Image_20241017190236.png 673w, https:\/\/shuji.ca\/wp-content\/uploads\/2024\/10\/Image_20241017190236-300x300.png 300w, https:\/\/shuji.ca\/wp-content\/uploads\/2024\/10\/Image_20241017190236-150x150.png 150w, https:\/\/shuji.ca\/wp-content\/uploads\/2024\/10\/Image_20241017190236-12x12.png 12w, https:\/\/shuji.ca\/wp-content\/uploads\/2024\/10\/Image_20241017190236-600x599.png 600w, https:\/\/shuji.ca\/wp-content\/uploads\/2024\/10\/Image_20241017190236-100x100.png 100w\" sizes=\"(max-width: 672px) 100vw, 672px\" \/><img decoding=\"async\" class=\"aligncenter size-full wp-image-30786\" src=\"https:\/\/shuji.ca\/wp-content\/uploads\/2024\/10\/Image_20241017190157.png\" alt=\"\" width=\"670\" height=\"670\" srcset=\"https:\/\/shuji.ca\/wp-content\/uploads\/2024\/10\/Image_20241017190157.png 670w, https:\/\/shuji.ca\/wp-content\/uploads\/2024\/10\/Image_20241017190157-300x300.png 300w, https:\/\/shuji.ca\/wp-content\/uploads\/2024\/10\/Image_20241017190157-150x150.png 150w, https:\/\/shuji.ca\/wp-content\/uploads\/2024\/10\/Image_20241017190157-12x12.png 12w, https:\/\/shuji.ca\/wp-content\/uploads\/2024\/10\/Image_20241017190157-600x600.png 600w, https:\/\/shuji.ca\/wp-content\/uploads\/2024\/10\/Image_20241017190157-100x100.png 100w\" sizes=\"(max-width: 670px) 100vw, 670px\" \/><img decoding=\"async\" class=\"aligncenter size-full wp-image-30783\" src=\"https:\/\/shuji.ca\/wp-content\/uploads\/2024\/10\/Image_20241017190248.png\" alt=\"\" width=\"672\" height=\"670\" srcset=\"https:\/\/shuji.ca\/wp-content\/uploads\/2024\/10\/Image_20241017190248.png 672w, https:\/\/shuji.ca\/wp-content\/uploads\/2024\/10\/Image_20241017190248-300x300.png 300w, https:\/\/shuji.ca\/wp-content\/uploads\/2024\/10\/Image_20241017190248-150x150.png 150w, https:\/\/shuji.ca\/wp-content\/uploads\/2024\/10\/Image_20241017190248-12x12.png 12w, https:\/\/shuji.ca\/wp-content\/uploads\/2024\/10\/Image_20241017190248-600x598.png 600w, https:\/\/shuji.ca\/wp-content\/uploads\/2024\/10\/Image_20241017190248-100x100.png 100w\" sizes=\"(max-width: 672px) 100vw, 672px\" \/> <img loading=\"lazy\" decoding=\"async\" class=\"aligncenter size-full wp-image-30784\" src=\"https:\/\/shuji.ca\/wp-content\/uploads\/2024\/10\/Image_20241017190223.png\" alt=\"\" width=\"671\" height=\"671\" srcset=\"https:\/\/shuji.ca\/wp-content\/uploads\/2024\/10\/Image_20241017190223.png 671w, https:\/\/shuji.ca\/wp-content\/uploads\/2024\/10\/Image_20241017190223-300x300.png 300w, https:\/\/shuji.ca\/wp-content\/uploads\/2024\/10\/Image_20241017190223-150x150.png 150w, https:\/\/shuji.ca\/wp-content\/uploads\/2024\/10\/Image_20241017190223-12x12.png 12w, https:\/\/shuji.ca\/wp-content\/uploads\/2024\/10\/Image_20241017190223-600x600.png 600w, https:\/\/shuji.ca\/wp-content\/uploads\/2024\/10\/Image_20241017190223-100x100.png 100w\" sizes=\"(max-width: 671px) 100vw, 671px\" \/> <img loading=\"lazy\" decoding=\"async\" class=\"aligncenter size-full wp-image-30785\" src=\"https:\/\/shuji.ca\/wp-content\/uploads\/2024\/10\/Image_20241017190210.png\" alt=\"\" width=\"672\" height=\"672\" srcset=\"https:\/\/shuji.ca\/wp-content\/uploads\/2024\/10\/Image_20241017190210.png 672w, https:\/\/shuji.ca\/wp-content\/uploads\/2024\/10\/Image_20241017190210-300x300.png 300w, https:\/\/shuji.ca\/wp-content\/uploads\/2024\/10\/Image_20241017190210-150x150.png 150w, https:\/\/shuji.ca\/wp-content\/uploads\/2024\/10\/Image_20241017190210-12x12.png 12w, https:\/\/shuji.ca\/wp-content\/uploads\/2024\/10\/Image_20241017190210-600x600.png 600w, https:\/\/shuji.ca\/wp-content\/uploads\/2024\/10\/Image_20241017190210-100x100.png 100w\" sizes=\"(max-width: 672px) 100vw, 672px\" \/> <img loading=\"lazy\" decoding=\"async\" class=\"aligncenter size-full wp-image-30787\" src=\"https:\/\/shuji.ca\/wp-content\/uploads\/2024\/10\/ooioi11.png\" alt=\"\" width=\"672\" height=\"672\" srcset=\"https:\/\/shuji.ca\/wp-content\/uploads\/2024\/10\/ooioi11.png 672w, https:\/\/shuji.ca\/wp-content\/uploads\/2024\/10\/ooioi11-300x300.png 300w, https:\/\/shuji.ca\/wp-content\/uploads\/2024\/10\/ooioi11-150x150.png 150w, https:\/\/shuji.ca\/wp-content\/uploads\/2024\/10\/ooioi11-12x12.png 12w, https:\/\/shuji.ca\/wp-content\/uploads\/2024\/10\/ooioi11-600x600.png 600w, https:\/\/shuji.ca\/wp-content\/uploads\/2024\/10\/ooioi11-100x100.png 100w\" sizes=\"(max-width: 672px) 100vw, 672px\" \/><\/p>","protected":false},"excerpt":{"rendered":"<p>Features: The Razer Death Adder Essential, proven quality and durabiliy, beloved by generations of gamers High-Precision 6,400 DPI Optical Sensor: Offers on-the-fly sensitivity adjustment through dedicated DPI buttons (reprogrammable) for gaming and creative work Durable Mechanical Switches: Supports up to 10 million clicks. Guaranteed anthentic product, backed by Shuji nation wide warranty Ridged, Rubberized Scroll [&hellip;]<\/p>","protected":false},"featured_media":30789,"comment_status":"closed","ping_status":"closed","template":"","meta":[],"product_brand":[],"product_cat":[1239,1198],"product_tag":[],"class_list":{"0":"post-31226","1":"product","2":"type-product","3":"status-publish","4":"has-post-thumbnail","6":"product_cat-computers-peripherals","7":"product_cat-electronics","8":"product_shipping_class-havestock","10":"first","11":"instock","12":"sale","13":"taxable","14":"shipping-taxable","15":"purchasable","16":"product-type-simple"},"_links":{"self":[{"href":"https:\/\/shuji.ca\/fr\/wp-json\/wp\/v2\/product\/31226","targetHints":{"allow":["GET"]}}],"collection":[{"href":"https:\/\/shuji.ca\/fr\/wp-json\/wp\/v2\/product"}],"about":[{"href":"https:\/\/shuji.ca\/fr\/wp-json\/wp\/v2\/types\/product"}],"replies":[{"embeddable":true,"href":"https:\/\/shuji.ca\/fr\/wp-json\/wp\/v2\/comments?post=31226"}],"wp:featuredmedia":[{"embeddable":true,"href":"https:\/\/shuji.ca\/fr\/wp-json\/wp\/v2\/media\/30789"}],"wp:attachment":[{"href":"https:\/\/shuji.ca\/fr\/wp-json\/wp\/v2\/media?parent=31226"}],"wp:term":[{"taxonomy":"product_brand","embeddable":true,"href":"https:\/\/shuji.ca\/fr\/wp-json\/wp\/v2\/product_brand?post=31226"},{"taxonomy":"product_cat","embeddable":true,"href":"https:\/\/shuji.ca\/fr\/wp-json\/wp\/v2\/product_cat?post=31226"},{"taxonomy":"product_tag","embeddable":true,"href":"https:\/\/shuji.ca\/fr\/wp-json\/wp\/v2\/product_tag?post=31226"}],"curies":[{"name":"wp","href":"https:\/\/api.w.org\/{rel}","templated":true}]}}