{"id":31225,"date":"2024-10-25T23:39:21","date_gmt":"2024-10-26T03:39:21","guid":{"rendered":"https:\/\/shuji.ca\/?post_type=product&#038;p=31225"},"modified":"2025-02-03T03:03:56","modified_gmt":"2025-02-03T07:03:56","slug":"razer-blackwidow-essential-mechanical-gaming-keyboard-green-mechanical-switches-tactile-clicky-razer-green-lighting-anti-ghosting-programmable-macro-functionality-brand-new","status":"publish","type":"product","link":"https:\/\/shuji.ca\/fr\/shop\/electronics\/computers-peripherals\/razer-blackwidow-essential-mechanical-gaming-keyboard-green-mechanical-switches-tactile-clicky-razer-green-lighting-anti-ghosting-programmable-macro-functionality-brand-new\/","title":{"rendered":"Clavier de jeu m\u00e9canique Razer BlackWidow Essential : Interrupteurs m\u00e9caniques verts - tactiles et cliquables - \u00e9clairage vert Razer - Anti-Ghosting - Fonction macro programmable Neuf"},"content":{"rendered":"<p><strong>Caract\u00e9ristiques :<\/strong><\/p>\n<ul class=\"a-unordered-list a-vertical a-spacing-mini\">\n<li>Clavier m\u00e9canique classique Razer Blackwidow, d'une qualit\u00e9 et d'une durabilit\u00e9 \u00e9prouv\u00e9es<\/li>\n<li class=\"a-spacing-mini\"><span class=\"a-list-item\">Interrupteur m\u00e9canique pour le jeu : La technologie du commutateur Razer Green offre un son cliquetant satisfaisant avec une force d'actionnement de 50 G, id\u00e9al pour la frappe et les jeux n\u00e9cessitant la plus grande pr\u00e9cision.<\/span><\/li>\n<li class=\"a-spacing-mini\"><span class=\"a-list-item\">Touches r\u00e9tro\u00e9clair\u00e9es individuellement : L'\u00e9clairage LED vert avec un contr\u00f4le total de la luminosit\u00e9 d\u00e9passe les possibilit\u00e9s de personnalisation des claviers \u00e0 \u00e9clairage par zone.<\/span><\/li>\n<li class=\"a-spacing-mini\"><span class=\"a-list-item\">Prise en charge des macros enti\u00e8rement programmables : Razer Hypershift permet de remapper toutes les touches et combinaisons de touches pour ex\u00e9cuter des commandes complexes.<\/span><\/li>\n<li class=\"a-spacing-mini\"><span class=\"a-list-item\">Gestion pratique des c\u00e2bles : Les options d'acheminement des c\u00e2bles int\u00e9gr\u00e9es en haut et sur les deux c\u00f4t\u00e9s offrent de multiples possibilit\u00e9s pour cacher ou organiser les fils.<\/span><\/li>\n<li class=\"a-spacing-mini\"><span class=\"a-list-item\">Construction durable : Supporte jusqu'\u00e0 80 millions de clics. Produit anthentique garanti, couvert par la garantie nationale de Shuji.<\/span><\/li>\n<\/ul>\n<p><img fetchpriority=\"high\" decoding=\"async\" class=\"aligncenter wp-image-30768\" src=\"https:\/\/shuji.ca\/wp-content\/uploads\/2024\/10\/razer-blackwidow-essential-gaming-keyboard-gallery01.jpg\" alt=\"\" width=\"1200\" height=\"800\" srcset=\"https:\/\/shuji.ca\/wp-content\/uploads\/2024\/10\/razer-blackwidow-essential-gaming-keyboard-gallery01.jpg 1500w, https:\/\/shuji.ca\/wp-content\/uploads\/2024\/10\/razer-blackwidow-essential-gaming-keyboard-gallery01-300x200.jpg 300w, https:\/\/shuji.ca\/wp-content\/uploads\/2024\/10\/razer-blackwidow-essential-gaming-keyboard-gallery01-1024x683.jpg 1024w, https:\/\/shuji.ca\/wp-content\/uploads\/2024\/10\/razer-blackwidow-essential-gaming-keyboard-gallery01-768x512.jpg 768w, https:\/\/shuji.ca\/wp-content\/uploads\/2024\/10\/razer-blackwidow-essential-gaming-keyboard-gallery01-18x12.jpg 18w, https:\/\/shuji.ca\/wp-content\/uploads\/2024\/10\/razer-blackwidow-essential-gaming-keyboard-gallery01-1320x880.jpg 1320w, https:\/\/shuji.ca\/wp-content\/uploads\/2024\/10\/razer-blackwidow-essential-gaming-keyboard-gallery01-600x400.jpg 600w\" sizes=\"(max-width: 1200px) 100vw, 1200px\" \/> <img decoding=\"async\" class=\"aligncenter size-full wp-image-30767\" src=\"https:\/\/shuji.ca\/wp-content\/uploads\/2024\/10\/s-l1200-1.jpg\" alt=\"\" width=\"1200\" height=\"1200\" srcset=\"https:\/\/shuji.ca\/wp-content\/uploads\/2024\/10\/s-l1200-1.jpg 1200w, https:\/\/shuji.ca\/wp-content\/uploads\/2024\/10\/s-l1200-1-300x300.jpg 300w, https:\/\/shuji.ca\/wp-content\/uploads\/2024\/10\/s-l1200-1-1024x1024.jpg 1024w, https:\/\/shuji.ca\/wp-content\/uploads\/2024\/10\/s-l1200-1-150x150.jpg 150w, https:\/\/shuji.ca\/wp-content\/uploads\/2024\/10\/s-l1200-1-768x768.jpg 768w, https:\/\/shuji.ca\/wp-content\/uploads\/2024\/10\/s-l1200-1-12x12.jpg 12w, https:\/\/shuji.ca\/wp-content\/uploads\/2024\/10\/s-l1200-1-600x600.jpg 600w, https:\/\/shuji.ca\/wp-content\/uploads\/2024\/10\/s-l1200-1-100x100.jpg 100w\" sizes=\"(max-width: 1200px) 100vw, 1200px\" \/> <img decoding=\"async\" class=\"aligncenter wp-image-30766\" src=\"https:\/\/shuji.ca\/wp-content\/uploads\/2024\/10\/razerjnn11.png\" alt=\"\" width=\"1201\" height=\"984\" srcset=\"https:\/\/shuji.ca\/wp-content\/uploads\/2024\/10\/razerjnn11.png 1461w, https:\/\/shuji.ca\/wp-content\/uploads\/2024\/10\/razerjnn11-300x246.png 300w, https:\/\/shuji.ca\/wp-content\/uploads\/2024\/10\/razerjnn11-1024x839.png 1024w, https:\/\/shuji.ca\/wp-content\/uploads\/2024\/10\/razerjnn11-768x629.png 768w, https:\/\/shuji.ca\/wp-content\/uploads\/2024\/10\/razerjnn11-15x12.png 15w, https:\/\/shuji.ca\/wp-content\/uploads\/2024\/10\/razerjnn11-1320x1081.png 1320w, https:\/\/shuji.ca\/wp-content\/uploads\/2024\/10\/razerjnn11-600x492.png 600w\" sizes=\"(max-width: 1201px) 100vw, 1201px\" \/> <img loading=\"lazy\" decoding=\"async\" class=\"aligncenter wp-image-30765\" src=\"https:\/\/shuji.ca\/wp-content\/uploads\/2024\/10\/Image_20241017183437.png\" alt=\"\" width=\"1202\" height=\"983\" srcset=\"https:\/\/shuji.ca\/wp-content\/uploads\/2024\/10\/Image_20241017183437.png 1459w, https:\/\/shuji.ca\/wp-content\/uploads\/2024\/10\/Image_20241017183437-300x246.png 300w, https:\/\/shuji.ca\/wp-content\/uploads\/2024\/10\/Image_20241017183437-1024x838.png 1024w, https:\/\/shuji.ca\/wp-content\/uploads\/2024\/10\/Image_20241017183437-768x629.png 768w, https:\/\/shuji.ca\/wp-content\/uploads\/2024\/10\/Image_20241017183437-15x12.png 15w, https:\/\/shuji.ca\/wp-content\/uploads\/2024\/10\/Image_20241017183437-1320x1080.png 1320w, https:\/\/shuji.ca\/wp-content\/uploads\/2024\/10\/Image_20241017183437-600x491.png 600w\" sizes=\"(max-width: 1202px) 100vw, 1202px\" \/> <img loading=\"lazy\" decoding=\"async\" class=\"aligncenter size-full wp-image-30764\" src=\"https:\/\/shuji.ca\/wp-content\/uploads\/2024\/10\/s-l1200.jpg\" alt=\"\" width=\"1200\" height=\"1200\" srcset=\"https:\/\/shuji.ca\/wp-content\/uploads\/2024\/10\/s-l1200.jpg 1200w, https:\/\/shuji.ca\/wp-content\/uploads\/2024\/10\/s-l1200-300x300.jpg 300w, https:\/\/shuji.ca\/wp-content\/uploads\/2024\/10\/s-l1200-1024x1024.jpg 1024w, https:\/\/shuji.ca\/wp-content\/uploads\/2024\/10\/s-l1200-150x150.jpg 150w, https:\/\/shuji.ca\/wp-content\/uploads\/2024\/10\/s-l1200-768x768.jpg 768w, https:\/\/shuji.ca\/wp-content\/uploads\/2024\/10\/s-l1200-12x12.jpg 12w, https:\/\/shuji.ca\/wp-content\/uploads\/2024\/10\/s-l1200-600x600.jpg 600w, https:\/\/shuji.ca\/wp-content\/uploads\/2024\/10\/s-l1200-100x100.jpg 100w\" sizes=\"(max-width: 1200px) 100vw, 1200px\" \/><\/p>","protected":false},"excerpt":{"rendered":"<p>Features: Classical Razer Blackwidow Mechanical Keybard, with proven quality and durability Signature Mechanical Switch for Gaming: Razer Green switch technology provides a satisfying clicky sound with 50 G of actuation force, ideal for typing and gaming requiring the highest accuracy Individually Backlit Keys: Green LED lighting with full brightness control beyond the customizability of zone-lit [&hellip;]<\/p>","protected":false},"featured_media":30768,"comment_status":"open","ping_status":"closed","template":"","meta":[],"product_brand":[],"product_cat":[1239,1198],"product_tag":[],"class_list":{"0":"post-31225","1":"product","2":"type-product","3":"status-publish","4":"has-post-thumbnail","6":"product_cat-computers-peripherals","7":"product_cat-electronics","8":"product_shipping_class-havestock","10":"first","11":"instock","12":"sale","13":"taxable","14":"shipping-taxable","15":"purchasable","16":"product-type-simple"},"_links":{"self":[{"href":"https:\/\/shuji.ca\/fr\/wp-json\/wp\/v2\/product\/31225","targetHints":{"allow":["GET"]}}],"collection":[{"href":"https:\/\/shuji.ca\/fr\/wp-json\/wp\/v2\/product"}],"about":[{"href":"https:\/\/shuji.ca\/fr\/wp-json\/wp\/v2\/types\/product"}],"replies":[{"embeddable":true,"href":"https:\/\/shuji.ca\/fr\/wp-json\/wp\/v2\/comments?post=31225"}],"wp:featuredmedia":[{"embeddable":true,"href":"https:\/\/shuji.ca\/fr\/wp-json\/wp\/v2\/media\/30768"}],"wp:attachment":[{"href":"https:\/\/shuji.ca\/fr\/wp-json\/wp\/v2\/media?parent=31225"}],"wp:term":[{"taxonomy":"product_brand","embeddable":true,"href":"https:\/\/shuji.ca\/fr\/wp-json\/wp\/v2\/product_brand?post=31225"},{"taxonomy":"product_cat","embeddable":true,"href":"https:\/\/shuji.ca\/fr\/wp-json\/wp\/v2\/product_cat?post=31225"},{"taxonomy":"product_tag","embeddable":true,"href":"https:\/\/shuji.ca\/fr\/wp-json\/wp\/v2\/product_tag?post=31225"}],"curies":[{"name":"wp","href":"https:\/\/api.w.org\/{rel}","templated":true}]}}