{"id":31208,"date":"2024-10-25T23:35:06","date_gmt":"2024-10-26T03:35:06","guid":{"rendered":"https:\/\/shuji.ca\/?post_type=product&#038;p=31208"},"modified":"2024-11-05T14:11:45","modified_gmt":"2024-11-05T18:11:45","slug":"razer-enki-gaming-chair-all-day-gaming-comfort-built-in-lumbar-arch-optimized-cushion-density-dual-textured-eco-friendly-synthetic-leather-reactive-seat-tilt-152-degree-recline-black","status":"publish","type":"product","link":"https:\/\/shuji.ca\/fr\/shop\/home-living\/desk-chairs\/razer-enki-gaming-chair-all-day-gaming-comfort-built-in-lumbar-arch-optimized-cushion-density-dual-textured-eco-friendly-synthetic-leather-reactive-seat-tilt-152-degree-recline-black\/","title":{"rendered":"Chaise de jeu Razer Enki : Confort de jeu tout au long de la journ\u00e9e - Arc lombaire int\u00e9gr\u00e9 - Densit\u00e9 de coussin optimis\u00e9e - Cuir synth\u00e9tique \u00e9cologique \u00e0 double texture - Inclinaison r\u00e9active de l'assise et inclinaison \u00e0 152 degr\u00e9s - Noir"},"content":{"rendered":"<p><strong>Fonctionnalit\u00e9 :<\/strong><\/p>\n<ul>\n<li>Con\u00e7u pour jouer toute la journ\u00e9e : Profitez d'un confort durable gr\u00e2ce \u00e0 une vo\u00fbte scapulaire de 110 degr\u00e9s et \u00e0 une assise spacieuse de 54 cm, garantissant une r\u00e9partition homog\u00e8ne du poids pendant les marathons de jeu.<\/li>\n<li>Soutien lombaire int\u00e9gr\u00e9 : R\u00e9duit la fatigue lors de sessions prolong\u00e9es gr\u00e2ce \u00e0 une courbe lombaire qui soutient le bas du dos et favorise une posture naturelle et neutre.<\/li>\n<li>Densit\u00e9 optimis\u00e9e des coussins : Profitez d'un confort in\u00e9gal\u00e9 gr\u00e2ce \u00e0 une assise moelleuse pour une sensation de confort et \u00e0 un dossier ferme pour un soutien solide.<\/li>\n<li>Cuir synth\u00e9tique \u00e9cologique \u00e0 double texture : Les zones centrales sont dot\u00e9es d'un tissu moelleux et textur\u00e9 pour un confort raffin\u00e9, tandis que le cuir lisse sur les bords ext\u00e9rieurs renforce la durabilit\u00e9 contre l'usure quotidienne.<\/li>\n<li>Inclinaison r\u00e9active et inclinaison de 152 degr\u00e9s : Le m\u00e9canisme r\u00e9actif qui s'adapte \u00e0 votre poids vous permet de vous pencher sans effort vers l'arri\u00e8re et de vous incliner jusqu'\u00e0 152 degr\u00e9s pour une relaxation personnalis\u00e9e.<\/li>\n<\/ul>\n<p><img fetchpriority=\"high\" decoding=\"async\" class=\"aligncenter wp-image-31220\" src=\"https:\/\/shuji.ca\/wp-content\/uploads\/2024\/10\/razer-enki-green-ogimg-1200x630-2.jpg\" alt=\"\" width=\"1193\" height=\"626\" srcset=\"https:\/\/shuji.ca\/wp-content\/uploads\/2024\/10\/razer-enki-green-ogimg-1200x630-2.jpg 1200w, https:\/\/shuji.ca\/wp-content\/uploads\/2024\/10\/razer-enki-green-ogimg-1200x630-2-300x158.jpg 300w, https:\/\/shuji.ca\/wp-content\/uploads\/2024\/10\/razer-enki-green-ogimg-1200x630-2-1024x538.jpg 1024w, https:\/\/shuji.ca\/wp-content\/uploads\/2024\/10\/razer-enki-green-ogimg-1200x630-2-768x403.jpg 768w, https:\/\/shuji.ca\/wp-content\/uploads\/2024\/10\/razer-enki-green-ogimg-1200x630-2-18x9.jpg 18w, https:\/\/shuji.ca\/wp-content\/uploads\/2024\/10\/razer-enki-green-ogimg-1200x630-2-600x315.jpg 600w\" sizes=\"(max-width: 1193px) 100vw, 1193px\" \/> <img decoding=\"async\" class=\"aligncenter wp-image-31212\" src=\"https:\/\/shuji.ca\/wp-content\/uploads\/2024\/10\/enki.jpg\" alt=\"\" width=\"1193\" height=\"1193\" srcset=\"https:\/\/shuji.ca\/wp-content\/uploads\/2024\/10\/enki.jpg 1500w, https:\/\/shuji.ca\/wp-content\/uploads\/2024\/10\/enki-300x300.jpg 300w, https:\/\/shuji.ca\/wp-content\/uploads\/2024\/10\/enki-1024x1024.jpg 1024w, https:\/\/shuji.ca\/wp-content\/uploads\/2024\/10\/enki-150x150.jpg 150w, https:\/\/shuji.ca\/wp-content\/uploads\/2024\/10\/enki-768x768.jpg 768w, https:\/\/shuji.ca\/wp-content\/uploads\/2024\/10\/enki-12x12.jpg 12w, https:\/\/shuji.ca\/wp-content\/uploads\/2024\/10\/enki-1320x1320.jpg 1320w, https:\/\/shuji.ca\/wp-content\/uploads\/2024\/10\/enki-600x600.jpg 600w, https:\/\/shuji.ca\/wp-content\/uploads\/2024\/10\/enki-100x100.jpg 100w\" sizes=\"(max-width: 1193px) 100vw, 1193px\" \/><\/p>\n<p>&nbsp;<\/p>","protected":false},"excerpt":{"rendered":"<p>Feature: Designed for All-Day Gaming: Experience long-lasting comfort with a 110-degree shoulder arch and a spacious 54 cm seat base, ensuring even weight distribution during gaming marathons. Built-In Lumbar Support: Reduce fatigue over extended sessions with a lumbar curve that supports the lower back, promoting a natural, neutral posture. Optimized Cushion Density: Enjoy unrivaled comfort [&hellip;]<\/p>","protected":false},"featured_media":31217,"comment_status":"open","ping_status":"closed","template":"","meta":[],"product_brand":[],"product_cat":[1254,1199],"product_tag":[],"class_list":{"0":"post-31208","1":"product","2":"type-product","3":"status-publish","4":"has-post-thumbnail","6":"product_cat-desk-chairs","7":"product_cat-home-living","8":"product_shipping_class-havestock","10":"first","11":"instock","12":"taxable","13":"shipping-taxable","14":"purchasable","15":"product-type-simple"},"_links":{"self":[{"href":"https:\/\/shuji.ca\/fr\/wp-json\/wp\/v2\/product\/31208","targetHints":{"allow":["GET"]}}],"collection":[{"href":"https:\/\/shuji.ca\/fr\/wp-json\/wp\/v2\/product"}],"about":[{"href":"https:\/\/shuji.ca\/fr\/wp-json\/wp\/v2\/types\/product"}],"replies":[{"embeddable":true,"href":"https:\/\/shuji.ca\/fr\/wp-json\/wp\/v2\/comments?post=31208"}],"wp:featuredmedia":[{"embeddable":true,"href":"https:\/\/shuji.ca\/fr\/wp-json\/wp\/v2\/media\/31217"}],"wp:attachment":[{"href":"https:\/\/shuji.ca\/fr\/wp-json\/wp\/v2\/media?parent=31208"}],"wp:term":[{"taxonomy":"product_brand","embeddable":true,"href":"https:\/\/shuji.ca\/fr\/wp-json\/wp\/v2\/product_brand?post=31208"},{"taxonomy":"product_cat","embeddable":true,"href":"https:\/\/shuji.ca\/fr\/wp-json\/wp\/v2\/product_cat?post=31208"},{"taxonomy":"product_tag","embeddable":true,"href":"https:\/\/shuji.ca\/fr\/wp-json\/wp\/v2\/product_tag?post=31208"}],"curies":[{"name":"wp","href":"https:\/\/api.w.org\/{rel}","templated":true}]}}