{"id":30909,"date":"2024-10-21T23:58:09","date_gmt":"2024-10-22T03:58:09","guid":{"rendered":"https:\/\/shuji.ca\/?post_type=product&#038;p=30909"},"modified":"2024-11-05T14:12:39","modified_gmt":"2024-11-05T18:12:39","slug":"modern-tempered-glass-computer-desk","status":"publish","type":"product","link":"https:\/\/shuji.ca\/fr\/shop\/home-living\/desk-chairs\/modern-tempered-glass-computer-desk\/","title":{"rendered":"Bureau d'ordinateur moderne en verre tremp\u00e9 avec structure robuste en acier au carbone - Id\u00e9al pour le bureau \u00e0 domicile, le salon de jeux 120cm x 60cm x 75cm"},"content":{"rendered":"<p><strong>Caract\u00e9ristiques :<\/strong><\/p>\n<ul>\n<li>Bureau en verre tremp\u00e9 : Verre tremp\u00e9 tr\u00e8s r\u00e9sistant, r\u00e9sistant \u00e0 la chaleur et facile \u00e0 nettoyer.<\/li>\n<li>Cadre en acier au carbone : Cadre robuste en acier au carbone avec poutres de soutien renforc\u00e9es pour une durabilit\u00e9 et une stabilit\u00e9 accrues.<\/li>\n<li>Grand espace de travail : Le bureau \u00e9tendu et \u00e9largi convient pour les ordinateurs, les livres, les boissons et bien d'autres choses encore.<\/li>\n<li>Design moderne : Disponible en plusieurs couleurs, il donne un aspect \u00e9l\u00e9gant et styl\u00e9 \u00e0 toutes les pi\u00e8ces.<\/li>\n<li>Utilisation polyvalente : id\u00e9al pour les jeux, les \u00e9tudes, le travail ou l'utilisation g\u00e9n\u00e9rale \u00e0 la maison. Bords arrondis pour \u00e9viter les accidents.<\/li>\n<\/ul>\n<p><img fetchpriority=\"high\" decoding=\"async\" class=\"aligncenter size-full wp-image-30912\" src=\"https:\/\/shuji.ca\/wp-content\/uploads\/2024\/10\/O1CN01MHOLAk1Kzg6G0gGer_2216542801235-0-cib.jpg\" alt=\"\" width=\"800\" height=\"800\" srcset=\"https:\/\/shuji.ca\/wp-content\/uploads\/2024\/10\/O1CN01MHOLAk1Kzg6G0gGer_2216542801235-0-cib.jpg 800w, https:\/\/shuji.ca\/wp-content\/uploads\/2024\/10\/O1CN01MHOLAk1Kzg6G0gGer_2216542801235-0-cib-300x300.jpg 300w, https:\/\/shuji.ca\/wp-content\/uploads\/2024\/10\/O1CN01MHOLAk1Kzg6G0gGer_2216542801235-0-cib-150x150.jpg 150w, https:\/\/shuji.ca\/wp-content\/uploads\/2024\/10\/O1CN01MHOLAk1Kzg6G0gGer_2216542801235-0-cib-768x768.jpg 768w, https:\/\/shuji.ca\/wp-content\/uploads\/2024\/10\/O1CN01MHOLAk1Kzg6G0gGer_2216542801235-0-cib-12x12.jpg 12w, https:\/\/shuji.ca\/wp-content\/uploads\/2024\/10\/O1CN01MHOLAk1Kzg6G0gGer_2216542801235-0-cib-600x600.jpg 600w, https:\/\/shuji.ca\/wp-content\/uploads\/2024\/10\/O1CN01MHOLAk1Kzg6G0gGer_2216542801235-0-cib-100x100.jpg 100w\" sizes=\"(max-width: 800px) 100vw, 800px\" \/> <img decoding=\"async\" class=\"aligncenter size-full wp-image-30910\" src=\"https:\/\/shuji.ca\/wp-content\/uploads\/2024\/10\/O1CN010KBUyh1JBvSbEo9pP_2216422480991-0-cib.jpg\" alt=\"\" width=\"800\" height=\"800\" srcset=\"https:\/\/shuji.ca\/wp-content\/uploads\/2024\/10\/O1CN010KBUyh1JBvSbEo9pP_2216422480991-0-cib.jpg 800w, https:\/\/shuji.ca\/wp-content\/uploads\/2024\/10\/O1CN010KBUyh1JBvSbEo9pP_2216422480991-0-cib-300x300.jpg 300w, https:\/\/shuji.ca\/wp-content\/uploads\/2024\/10\/O1CN010KBUyh1JBvSbEo9pP_2216422480991-0-cib-150x150.jpg 150w, https:\/\/shuji.ca\/wp-content\/uploads\/2024\/10\/O1CN010KBUyh1JBvSbEo9pP_2216422480991-0-cib-768x768.jpg 768w, https:\/\/shuji.ca\/wp-content\/uploads\/2024\/10\/O1CN010KBUyh1JBvSbEo9pP_2216422480991-0-cib-12x12.jpg 12w, https:\/\/shuji.ca\/wp-content\/uploads\/2024\/10\/O1CN010KBUyh1JBvSbEo9pP_2216422480991-0-cib-600x600.jpg 600w, https:\/\/shuji.ca\/wp-content\/uploads\/2024\/10\/O1CN010KBUyh1JBvSbEo9pP_2216422480991-0-cib-100x100.jpg 100w\" sizes=\"(max-width: 800px) 100vw, 800px\" \/><\/p>","protected":false},"excerpt":{"rendered":"<p>Features: Tempered Glass Desktop: High-strength heavy duty tempered glass, resistant to heat and easy to clean. Carbon Steel Frame: Sturdy carbon steel frame with enhanced support beams for durability and stability. Ample Desktop Space: Extended and widened desktop suitable for computers, books, beverages, and more. Modern Design: Available in multiple colors, providing a sleek and [&hellip;]<\/p>","protected":false},"featured_media":30913,"comment_status":"open","ping_status":"closed","template":"","meta":[],"product_brand":[],"product_cat":[1254,1199],"product_tag":[],"class_list":{"0":"post-30909","1":"product","2":"type-product","3":"status-publish","4":"has-post-thumbnail","6":"product_cat-desk-chairs","7":"product_cat-home-living","8":"product_shipping_class-havestock","10":"first","11":"instock","12":"taxable","13":"shipping-taxable","14":"purchasable","15":"product-type-simple"},"_links":{"self":[{"href":"https:\/\/shuji.ca\/fr\/wp-json\/wp\/v2\/product\/30909","targetHints":{"allow":["GET"]}}],"collection":[{"href":"https:\/\/shuji.ca\/fr\/wp-json\/wp\/v2\/product"}],"about":[{"href":"https:\/\/shuji.ca\/fr\/wp-json\/wp\/v2\/types\/product"}],"replies":[{"embeddable":true,"href":"https:\/\/shuji.ca\/fr\/wp-json\/wp\/v2\/comments?post=30909"}],"wp:featuredmedia":[{"embeddable":true,"href":"https:\/\/shuji.ca\/fr\/wp-json\/wp\/v2\/media\/30913"}],"wp:attachment":[{"href":"https:\/\/shuji.ca\/fr\/wp-json\/wp\/v2\/media?parent=30909"}],"wp:term":[{"taxonomy":"product_brand","embeddable":true,"href":"https:\/\/shuji.ca\/fr\/wp-json\/wp\/v2\/product_brand?post=30909"},{"taxonomy":"product_cat","embeddable":true,"href":"https:\/\/shuji.ca\/fr\/wp-json\/wp\/v2\/product_cat?post=30909"},{"taxonomy":"product_tag","embeddable":true,"href":"https:\/\/shuji.ca\/fr\/wp-json\/wp\/v2\/product_tag?post=30909"}],"curies":[{"name":"wp","href":"https:\/\/api.w.org\/{rel}","templated":true}]}}