{"id":30901,"date":"2024-10-21T23:47:50","date_gmt":"2024-10-22T03:47:50","guid":{"rendered":"https:\/\/shuji.ca\/?post_type=product&#038;p=30901"},"modified":"2024-11-05T14:14:19","modified_gmt":"2024-11-05T18:14:19","slug":"rgb-gaming-desk-120cm-x-60cm-t-shape-gaming-computer-desk-with-cup-holder-headphone-hook-e1-grade-material","status":"publish","type":"product","link":"https:\/\/shuji.ca\/fr\/shop\/home-living\/desk-chairs\/rgb-gaming-desk-120cm-x-60cm-t-shape-gaming-computer-desk-with-cup-holder-headphone-hook-e1-grade-material\/","title":{"rendered":"RGB Gaming Desk, 120cm x 60cm T-shape Gaming Computer Desk with Cup Holder, Headphone Hook, Made with E1 Grade Material - Black Trim"},"content":{"rendered":"<p>Caract\u00e9ristiques :<\/p>\n<ul>\n<li><strong>Qualit\u00e9 sup\u00e9rieure :<\/strong> Nous sommes diff\u00e9rents. Le bureau est fabriqu\u00e9 \u00e0 partir de panneaux de particules compacts de qualit\u00e9 E1, sans \u00e9mission et respectueux de l'environnement, avec une surface en fibre de carbone de haute qualit\u00e9. Ce bureau de jeu est sp\u00e9cialement con\u00e7u pour optimiser l'espace pour votre installation de jeu, offrant un style contemporain qui compl\u00e8te n'importe quel bureau \u00e0 domicile, dortoir ou chambre.<\/li>\n<li><strong>Design moderne :<\/strong> Ce bureau de jeu pr\u00e9sente un design ergonomique, id\u00e9al pour jouer, \u00e9crire, \u00e9tudier et travailler. Disponible en plusieurs tailles pour r\u00e9pondre \u00e0 diff\u00e9rents besoins, il permet d'organiser tout votre mat\u00e9riel sans prendre beaucoup de place. Tout est plac\u00e9 strat\u00e9giquement pour votre confort, ce qui en fait plus qu'un simple bureau de jeu - c'est un poste de travail polyvalent.<\/li>\n<li><strong>Multifonctionnel et facile \u00e0 assembler :<\/strong> Con\u00e7u pour de multiples usages, ce bureau est facile \u00e0 assembler gr\u00e2ce \u00e0 des instructions claires et \u00e0 tous les outils n\u00e9cessaires inclus. Sa surface stratifi\u00e9e en fibre de carbone se nettoie facilement \u00e0 l'aide d'un chiffon humide. Vous recevrez le bureau de jeu, les pieds r\u00e9glables, les outils de gestion des c\u00e2bles, les lumi\u00e8res LED RVB en option et des instructions faciles \u00e0 suivre pour un processus d'assemblage simple.<\/li>\n<li><strong>Riches caract\u00e9ristiques :<\/strong> En plus de son design \u00e9l\u00e9gant et moderne, le bureau comprend des fonctions pratiques telles qu'un porte-gobelet, un crochet pour casque d'\u00e9coute et des lumi\u00e8res LED environnantes pour une apparence plus nette. Le cadre m\u00e9tallique robuste garantit la stabilit\u00e9 et la durabilit\u00e9 tout en offrant plus d'espace pour les mouvements de la chaise.<\/li>\n<\/ul>\n<p>Remarque : la chaise de jeu illustr\u00e9e dans la photo du produit n'est pas incluse. Couleur : Noir<\/p>\n<p><img fetchpriority=\"high\" decoding=\"async\" class=\"aligncenter wp-image-30903\" src=\"https:\/\/shuji.ca\/wp-content\/uploads\/2024\/10\/1729568626702-scaled.jpg\" alt=\"\" width=\"1056\" height=\"1056\" srcset=\"https:\/\/shuji.ca\/wp-content\/uploads\/2024\/10\/1729568626702-scaled.jpg 2560w, https:\/\/shuji.ca\/wp-content\/uploads\/2024\/10\/1729568626702-300x300.jpg 300w, https:\/\/shuji.ca\/wp-content\/uploads\/2024\/10\/1729568626702-1024x1024.jpg 1024w, https:\/\/shuji.ca\/wp-content\/uploads\/2024\/10\/1729568626702-150x150.jpg 150w, https:\/\/shuji.ca\/wp-content\/uploads\/2024\/10\/1729568626702-768x768.jpg 768w, https:\/\/shuji.ca\/wp-content\/uploads\/2024\/10\/1729568626702-1536x1536.jpg 1536w, https:\/\/shuji.ca\/wp-content\/uploads\/2024\/10\/1729568626702-2048x2048.jpg 2048w, https:\/\/shuji.ca\/wp-content\/uploads\/2024\/10\/1729568626702-12x12.jpg 12w, https:\/\/shuji.ca\/wp-content\/uploads\/2024\/10\/1729568626702-1320x1320.jpg 1320w, https:\/\/shuji.ca\/wp-content\/uploads\/2024\/10\/1729568626702-600x600.jpg 600w, https:\/\/shuji.ca\/wp-content\/uploads\/2024\/10\/1729568626702-100x100.jpg 100w\" sizes=\"(max-width: 1056px) 100vw, 1056px\" \/> <img decoding=\"async\" class=\"aligncenter wp-image-30906\" src=\"https:\/\/shuji.ca\/wp-content\/uploads\/2024\/10\/1729568619926-scaled.jpg\" alt=\"\" width=\"1057\" height=\"1057\" srcset=\"https:\/\/shuji.ca\/wp-content\/uploads\/2024\/10\/1729568619926-scaled.jpg 2560w, https:\/\/shuji.ca\/wp-content\/uploads\/2024\/10\/1729568619926-300x300.jpg 300w, https:\/\/shuji.ca\/wp-content\/uploads\/2024\/10\/1729568619926-1024x1024.jpg 1024w, https:\/\/shuji.ca\/wp-content\/uploads\/2024\/10\/1729568619926-150x150.jpg 150w, https:\/\/shuji.ca\/wp-content\/uploads\/2024\/10\/1729568619926-768x768.jpg 768w, https:\/\/shuji.ca\/wp-content\/uploads\/2024\/10\/1729568619926-1536x1536.jpg 1536w, https:\/\/shuji.ca\/wp-content\/uploads\/2024\/10\/1729568619926-2048x2048.jpg 2048w, https:\/\/shuji.ca\/wp-content\/uploads\/2024\/10\/1729568619926-12x12.jpg 12w, https:\/\/shuji.ca\/wp-content\/uploads\/2024\/10\/1729568619926-1320x1320.jpg 1320w, https:\/\/shuji.ca\/wp-content\/uploads\/2024\/10\/1729568619926-600x600.jpg 600w, https:\/\/shuji.ca\/wp-content\/uploads\/2024\/10\/1729568619926-100x100.jpg 100w\" sizes=\"(max-width: 1057px) 100vw, 1057px\" \/> <img decoding=\"async\" class=\"aligncenter wp-image-30905\" src=\"https:\/\/shuji.ca\/wp-content\/uploads\/2024\/10\/1729568622423-scaled.jpg\" alt=\"\" width=\"1057\" height=\"1057\" srcset=\"https:\/\/shuji.ca\/wp-content\/uploads\/2024\/10\/1729568622423-scaled.jpg 2560w, https:\/\/shuji.ca\/wp-content\/uploads\/2024\/10\/1729568622423-300x300.jpg 300w, https:\/\/shuji.ca\/wp-content\/uploads\/2024\/10\/1729568622423-1024x1024.jpg 1024w, https:\/\/shuji.ca\/wp-content\/uploads\/2024\/10\/1729568622423-150x150.jpg 150w, https:\/\/shuji.ca\/wp-content\/uploads\/2024\/10\/1729568622423-768x768.jpg 768w, https:\/\/shuji.ca\/wp-content\/uploads\/2024\/10\/1729568622423-1536x1536.jpg 1536w, https:\/\/shuji.ca\/wp-content\/uploads\/2024\/10\/1729568622423-2048x2048.jpg 2048w, https:\/\/shuji.ca\/wp-content\/uploads\/2024\/10\/1729568622423-12x12.jpg 12w, https:\/\/shuji.ca\/wp-content\/uploads\/2024\/10\/1729568622423-1320x1320.jpg 1320w, https:\/\/shuji.ca\/wp-content\/uploads\/2024\/10\/1729568622423-600x600.jpg 600w, https:\/\/shuji.ca\/wp-content\/uploads\/2024\/10\/1729568622423-100x100.jpg 100w\" sizes=\"(max-width: 1057px) 100vw, 1057px\" \/> <img loading=\"lazy\" decoding=\"async\" class=\"aligncenter wp-image-30904\" src=\"https:\/\/shuji.ca\/wp-content\/uploads\/2024\/10\/1729568624302-scaled.jpg\" alt=\"\" width=\"1056\" height=\"1056\" srcset=\"https:\/\/shuji.ca\/wp-content\/uploads\/2024\/10\/1729568624302-scaled.jpg 2560w, https:\/\/shuji.ca\/wp-content\/uploads\/2024\/10\/1729568624302-300x300.jpg 300w, https:\/\/shuji.ca\/wp-content\/uploads\/2024\/10\/1729568624302-1024x1024.jpg 1024w, https:\/\/shuji.ca\/wp-content\/uploads\/2024\/10\/1729568624302-150x150.jpg 150w, https:\/\/shuji.ca\/wp-content\/uploads\/2024\/10\/1729568624302-768x768.jpg 768w, https:\/\/shuji.ca\/wp-content\/uploads\/2024\/10\/1729568624302-1536x1536.jpg 1536w, https:\/\/shuji.ca\/wp-content\/uploads\/2024\/10\/1729568624302-2048x2048.jpg 2048w, https:\/\/shuji.ca\/wp-content\/uploads\/2024\/10\/1729568624302-12x12.jpg 12w, https:\/\/shuji.ca\/wp-content\/uploads\/2024\/10\/1729568624302-1320x1320.jpg 1320w, https:\/\/shuji.ca\/wp-content\/uploads\/2024\/10\/1729568624302-600x600.jpg 600w, https:\/\/shuji.ca\/wp-content\/uploads\/2024\/10\/1729568624302-100x100.jpg 100w\" sizes=\"(max-width: 1056px) 100vw, 1056px\" \/><\/p>","protected":false},"excerpt":{"rendered":"<p>Features: Premium Quality: We are different. The desktop is made of E1 Grade heavy duty, emission free and enviromentally friendly compact particleboard with a high-quality carbon fiber surface. This gaming desk is specifically designed to optimize space for your gaming setup, offering a contemporary style that complements any home office, dorm, or bedroom. Modern Design: [&hellip;]<\/p>","protected":false},"featured_media":30903,"comment_status":"open","ping_status":"closed","template":"","meta":[],"product_brand":[],"product_cat":[1254,1199],"product_tag":[],"class_list":{"0":"post-30901","1":"product","2":"type-product","3":"status-publish","4":"has-post-thumbnail","6":"product_cat-desk-chairs","7":"product_cat-home-living","8":"product_shipping_class-havestock","10":"first","11":"instock","12":"taxable","13":"shipping-taxable","14":"purchasable","15":"product-type-simple"},"_links":{"self":[{"href":"https:\/\/shuji.ca\/fr\/wp-json\/wp\/v2\/product\/30901","targetHints":{"allow":["GET"]}}],"collection":[{"href":"https:\/\/shuji.ca\/fr\/wp-json\/wp\/v2\/product"}],"about":[{"href":"https:\/\/shuji.ca\/fr\/wp-json\/wp\/v2\/types\/product"}],"replies":[{"embeddable":true,"href":"https:\/\/shuji.ca\/fr\/wp-json\/wp\/v2\/comments?post=30901"}],"wp:featuredmedia":[{"embeddable":true,"href":"https:\/\/shuji.ca\/fr\/wp-json\/wp\/v2\/media\/30903"}],"wp:attachment":[{"href":"https:\/\/shuji.ca\/fr\/wp-json\/wp\/v2\/media?parent=30901"}],"wp:term":[{"taxonomy":"product_brand","embeddable":true,"href":"https:\/\/shuji.ca\/fr\/wp-json\/wp\/v2\/product_brand?post=30901"},{"taxonomy":"product_cat","embeddable":true,"href":"https:\/\/shuji.ca\/fr\/wp-json\/wp\/v2\/product_cat?post=30901"},{"taxonomy":"product_tag","embeddable":true,"href":"https:\/\/shuji.ca\/fr\/wp-json\/wp\/v2\/product_tag?post=30901"}],"curies":[{"name":"wp","href":"https:\/\/api.w.org\/{rel}","templated":true}]}}