{"id":30887,"date":"2024-10-20T19:55:24","date_gmt":"2024-10-20T23:55:24","guid":{"rendered":"https:\/\/shuji.ca\/?post_type=product&#038;p=30887"},"modified":"2024-11-05T14:15:57","modified_gmt":"2024-11-05T18:15:57","slug":"ergonomicchair","status":"publish","type":"product","link":"https:\/\/shuji.ca\/fr\/shop\/home-living\/desk-chairs\/ergonomicchair\/","title":{"rendered":"Chaise de bureau\/jeu ergonomique Shuji avec support lombaire r\u00e9glable, accoudoirs 3D et fonction inclinable - Noir"},"content":{"rendered":"<p><strong>Caract\u00e9ristiques :<\/strong><\/p>\n<ul>\n<li><strong>Support lombaire ergonomique :<\/strong> Con\u00e7u pour r\u00e9duire la pression sur le bas du dos et le cou pour un meilleur confort.<\/li>\n<li><strong>Accoudoirs r\u00e9glables en 3D :<\/strong> Peut se d\u00e9placer vers l'avant, l'arri\u00e8re, le haut, le bas et pivoter de 37 degr\u00e9s pour soutenir vos coudes et r\u00e9duire la tension musculaire.<\/li>\n<li><strong>Fonction inclinable :<\/strong> Le dossier du fauteuil peut \u00eatre inclin\u00e9 et bloqu\u00e9 \u00e0 diff\u00e9rents angles pour une meilleure relaxation.<\/li>\n<li><strong>Hauteur et profondeur du si\u00e8ge r\u00e9glables :<\/strong> Garantit une meilleure posture et un meilleur confort en cas de position assise prolong\u00e9e.<\/li>\n<li><strong>Bouteille de gaz certifi\u00e9e SGS :<\/strong> Le fauteuil est construit de mani\u00e8re solide avec des mat\u00e9riaux robustes, y compris un cylindre de levage \u00e0 gaz certifi\u00e9 SGS.<\/li>\n<\/ul>\n<p>Note : Cette version est livr\u00e9e en noir avec une base en nylon renforc\u00e9e.<\/p>\n<p><img fetchpriority=\"high\" decoding=\"async\" class=\"aligncenter size-full wp-image-30897\" src=\"https:\/\/shuji.ca\/wp-content\/uploads\/2024\/10\/new2.png\" alt=\"\" width=\"985\" height=\"1007\" srcset=\"https:\/\/shuji.ca\/wp-content\/uploads\/2024\/10\/new2.png 985w, https:\/\/shuji.ca\/wp-content\/uploads\/2024\/10\/new2-293x300.png 293w, https:\/\/shuji.ca\/wp-content\/uploads\/2024\/10\/new2-768x785.png 768w, https:\/\/shuji.ca\/wp-content\/uploads\/2024\/10\/new2-12x12.png 12w, https:\/\/shuji.ca\/wp-content\/uploads\/2024\/10\/new2-600x613.png 600w\" sizes=\"(max-width: 985px) 100vw, 985px\" \/> <img decoding=\"async\" class=\"aligncenter wp-image-30896\" src=\"https:\/\/shuji.ca\/wp-content\/uploads\/2024\/10\/new3.png\" alt=\"\" width=\"990\" height=\"988\" srcset=\"https:\/\/shuji.ca\/wp-content\/uploads\/2024\/10\/new3.png 1003w, https:\/\/shuji.ca\/wp-content\/uploads\/2024\/10\/new3-300x300.png 300w, https:\/\/shuji.ca\/wp-content\/uploads\/2024\/10\/new3-150x150.png 150w, https:\/\/shuji.ca\/wp-content\/uploads\/2024\/10\/new3-768x766.png 768w, https:\/\/shuji.ca\/wp-content\/uploads\/2024\/10\/new3-12x12.png 12w, https:\/\/shuji.ca\/wp-content\/uploads\/2024\/10\/new3-600x599.png 600w, https:\/\/shuji.ca\/wp-content\/uploads\/2024\/10\/new3-100x100.png 100w\" sizes=\"(max-width: 990px) 100vw, 990px\" \/> <img decoding=\"async\" class=\"aligncenter wp-image-30898\" src=\"https:\/\/shuji.ca\/wp-content\/uploads\/2024\/10\/new1.png\" alt=\"\" width=\"992\" height=\"1001\" srcset=\"https:\/\/shuji.ca\/wp-content\/uploads\/2024\/10\/new1.png 996w, https:\/\/shuji.ca\/wp-content\/uploads\/2024\/10\/new1-297x300.png 297w, https:\/\/shuji.ca\/wp-content\/uploads\/2024\/10\/new1-150x150.png 150w, https:\/\/shuji.ca\/wp-content\/uploads\/2024\/10\/new1-768x775.png 768w, https:\/\/shuji.ca\/wp-content\/uploads\/2024\/10\/new1-12x12.png 12w, https:\/\/shuji.ca\/wp-content\/uploads\/2024\/10\/new1-600x605.png 600w, https:\/\/shuji.ca\/wp-content\/uploads\/2024\/10\/new1-100x100.png 100w\" sizes=\"(max-width: 992px) 100vw, 992px\" \/><\/p>","protected":false},"excerpt":{"rendered":"<p>Features: Ergonomic Lumbar Support: Designed to reduce pressure on the lower back and neck for better comfort. 3D Adjustable Armrests: Can move forward, backward, up, down, and rotate 37 degrees to support your elbows and reduce muscle strain. Reclining Function: The chair&#8217;s backrest can be tilted and locked at different angles for better relaxation. Adjustable [&hellip;]<\/p>","protected":false},"featured_media":30892,"comment_status":"open","ping_status":"closed","template":"","meta":[],"product_brand":[],"product_cat":[1254,1199],"product_tag":[],"class_list":{"0":"post-30887","1":"product","2":"type-product","3":"status-publish","4":"has-post-thumbnail","6":"product_cat-desk-chairs","7":"product_cat-home-living","8":"product_shipping_class-havestock","10":"first","11":"instock","12":"sale","13":"taxable","14":"shipping-taxable","15":"purchasable","16":"product-type-simple"},"_links":{"self":[{"href":"https:\/\/shuji.ca\/fr\/wp-json\/wp\/v2\/product\/30887","targetHints":{"allow":["GET"]}}],"collection":[{"href":"https:\/\/shuji.ca\/fr\/wp-json\/wp\/v2\/product"}],"about":[{"href":"https:\/\/shuji.ca\/fr\/wp-json\/wp\/v2\/types\/product"}],"replies":[{"embeddable":true,"href":"https:\/\/shuji.ca\/fr\/wp-json\/wp\/v2\/comments?post=30887"}],"wp:featuredmedia":[{"embeddable":true,"href":"https:\/\/shuji.ca\/fr\/wp-json\/wp\/v2\/media\/30892"}],"wp:attachment":[{"href":"https:\/\/shuji.ca\/fr\/wp-json\/wp\/v2\/media?parent=30887"}],"wp:term":[{"taxonomy":"product_brand","embeddable":true,"href":"https:\/\/shuji.ca\/fr\/wp-json\/wp\/v2\/product_brand?post=30887"},{"taxonomy":"product_cat","embeddable":true,"href":"https:\/\/shuji.ca\/fr\/wp-json\/wp\/v2\/product_cat?post=30887"},{"taxonomy":"product_tag","embeddable":true,"href":"https:\/\/shuji.ca\/fr\/wp-json\/wp\/v2\/product_tag?post=30887"}],"curies":[{"name":"wp","href":"https:\/\/api.w.org\/{rel}","templated":true}]}}