{"id":30877,"date":"2024-10-18T02:17:11","date_gmt":"2024-10-18T06:17:11","guid":{"rendered":"https:\/\/shuji.ca\/?post_type=product&#038;p=30877"},"modified":"2024-11-05T14:16:34","modified_gmt":"2024-11-05T18:16:34","slug":"sihoo-m92-ergonomic-office-chair-with-adaptive-synced-armrests-and-enhanced-back-lumbar-support-white-grey","status":"publish","type":"product","link":"https:\/\/shuji.ca\/fr\/shop\/home-living\/desk-chairs\/sihoo-m92-ergonomic-office-chair-with-adaptive-synced-armrests-and-enhanced-back-lumbar-support-white-grey\/","title":{"rendered":"Sihoo M92 Ergonomic Office Chair - avec accoudoirs adaptatifs synchronis\u00e9s et support dorsal et lombaire am\u00e9lior\u00e9 - Blanc\/Gris"},"content":{"rendered":"<p><strong>Caract\u00e9ristiques :<\/strong><\/p>\n<ul>\n<li>Le M92, chef-d'\u0153uvre d'ergonomie, est un si\u00e8ge au design inspir\u00e9 de la nature, ax\u00e9 sur le confort et le soutien.<\/li>\n<li>Avec un soutien lombaire dynamique bio-inspir\u00e9 et un dossier en forme de S qui s'adapte aux courbes de votre corps, il soulage la pression et favorise une posture id\u00e9ale.<\/li>\n<li>L'appui-t\u00eate hautement r\u00e9glable et les accoudoirs synchronis\u00e9s s'adaptent sans effort \u00e0 vos besoins, vous offrant une exp\u00e9rience personnalis\u00e9e, que vous soyez plong\u00e9 dans le travail ou que vous ayez besoin d'une pause rafra\u00eechissante gr\u00e2ce \u00e0 l'inclinaison de 142\u00b0.<\/li>\n<li>Le M92 est le choix ultime, pour les amateurs de confort et les professionnels efficaces \u00e0 la recherche d'une exp\u00e9rience d'assise sup\u00e9rieure.<\/li>\n<\/ul>\n<p><img fetchpriority=\"high\" decoding=\"async\" class=\"aligncenter wp-image-30883\" src=\"https:\/\/shuji.ca\/wp-content\/uploads\/2024\/10\/Image_20241017231430.png\" alt=\"\" width=\"1059\" height=\"682\" srcset=\"https:\/\/shuji.ca\/wp-content\/uploads\/2024\/10\/Image_20241017231430.png 1422w, https:\/\/shuji.ca\/wp-content\/uploads\/2024\/10\/Image_20241017231430-300x193.png 300w, https:\/\/shuji.ca\/wp-content\/uploads\/2024\/10\/Image_20241017231430-1024x660.png 1024w, https:\/\/shuji.ca\/wp-content\/uploads\/2024\/10\/Image_20241017231430-768x495.png 768w, https:\/\/shuji.ca\/wp-content\/uploads\/2024\/10\/Image_20241017231430-18x12.png 18w, https:\/\/shuji.ca\/wp-content\/uploads\/2024\/10\/Image_20241017231430-1320x850.png 1320w, https:\/\/shuji.ca\/wp-content\/uploads\/2024\/10\/Image_20241017231430-600x386.png 600w\" sizes=\"(max-width: 1059px) 100vw, 1059px\" \/> <img decoding=\"async\" class=\"aligncenter wp-image-30884\" src=\"https:\/\/shuji.ca\/wp-content\/uploads\/2024\/10\/Image_20241017231422.png\" alt=\"\" width=\"1062\" height=\"682\" srcset=\"https:\/\/shuji.ca\/wp-content\/uploads\/2024\/10\/Image_20241017231422.png 1417w, https:\/\/shuji.ca\/wp-content\/uploads\/2024\/10\/Image_20241017231422-300x193.png 300w, https:\/\/shuji.ca\/wp-content\/uploads\/2024\/10\/Image_20241017231422-1024x658.png 1024w, https:\/\/shuji.ca\/wp-content\/uploads\/2024\/10\/Image_20241017231422-768x493.png 768w, https:\/\/shuji.ca\/wp-content\/uploads\/2024\/10\/Image_20241017231422-18x12.png 18w, https:\/\/shuji.ca\/wp-content\/uploads\/2024\/10\/Image_20241017231422-1320x848.png 1320w, https:\/\/shuji.ca\/wp-content\/uploads\/2024\/10\/Image_20241017231422-600x385.png 600w\" sizes=\"(max-width: 1062px) 100vw, 1062px\" \/> <img decoding=\"async\" class=\"aligncenter wp-image-30885\" src=\"https:\/\/shuji.ca\/wp-content\/uploads\/2024\/10\/Image_20241017231411.png\" alt=\"\" width=\"1066\" height=\"668\" srcset=\"https:\/\/shuji.ca\/wp-content\/uploads\/2024\/10\/Image_20241017231411.png 1427w, https:\/\/shuji.ca\/wp-content\/uploads\/2024\/10\/Image_20241017231411-300x188.png 300w, https:\/\/shuji.ca\/wp-content\/uploads\/2024\/10\/Image_20241017231411-1024x642.png 1024w, https:\/\/shuji.ca\/wp-content\/uploads\/2024\/10\/Image_20241017231411-768x481.png 768w, https:\/\/shuji.ca\/wp-content\/uploads\/2024\/10\/Image_20241017231411-18x12.png 18w, https:\/\/shuji.ca\/wp-content\/uploads\/2024\/10\/Image_20241017231411-1320x827.png 1320w, https:\/\/shuji.ca\/wp-content\/uploads\/2024\/10\/Image_20241017231411-600x376.png 600w\" sizes=\"(max-width: 1066px) 100vw, 1066px\" \/> <img loading=\"lazy\" decoding=\"async\" class=\"aligncenter wp-image-30886\" src=\"https:\/\/shuji.ca\/wp-content\/uploads\/2024\/10\/99922.png\" alt=\"\" width=\"1066\" height=\"694\" srcset=\"https:\/\/shuji.ca\/wp-content\/uploads\/2024\/10\/99922.png 1424w, https:\/\/shuji.ca\/wp-content\/uploads\/2024\/10\/99922-300x195.png 300w, https:\/\/shuji.ca\/wp-content\/uploads\/2024\/10\/99922-1024x667.png 1024w, https:\/\/shuji.ca\/wp-content\/uploads\/2024\/10\/99922-768x500.png 768w, https:\/\/shuji.ca\/wp-content\/uploads\/2024\/10\/99922-18x12.png 18w, https:\/\/shuji.ca\/wp-content\/uploads\/2024\/10\/99922-1320x859.png 1320w, https:\/\/shuji.ca\/wp-content\/uploads\/2024\/10\/99922-600x391.png 600w\" sizes=\"(max-width: 1066px) 100vw, 1066px\" \/><\/p>","protected":false},"excerpt":{"rendered":"<p>Features: Introducing the M92, a masterpiece of ergonomic advancement, this chair features a design inspired by nature, focusing on comfort and support. With bio-inspired dynamic lumbar support and an S-shaped backrest that conforms to your body\u2019s curves, it alleviates pressure and promotes an ideal posture. The highly adjustable headrest and synchronized armrests effortlessly adapt to [&hellip;]<\/p>","protected":false},"featured_media":30880,"comment_status":"open","ping_status":"closed","template":"","meta":[],"product_brand":[],"product_cat":[1254,1199],"product_tag":[],"class_list":{"0":"post-30877","1":"product","2":"type-product","3":"status-publish","4":"has-post-thumbnail","6":"product_cat-desk-chairs","7":"product_cat-home-living","8":"product_shipping_class-havestock","10":"first","11":"instock","12":"taxable","13":"shipping-taxable","14":"purchasable","15":"product-type-simple"},"_links":{"self":[{"href":"https:\/\/shuji.ca\/fr\/wp-json\/wp\/v2\/product\/30877","targetHints":{"allow":["GET"]}}],"collection":[{"href":"https:\/\/shuji.ca\/fr\/wp-json\/wp\/v2\/product"}],"about":[{"href":"https:\/\/shuji.ca\/fr\/wp-json\/wp\/v2\/types\/product"}],"replies":[{"embeddable":true,"href":"https:\/\/shuji.ca\/fr\/wp-json\/wp\/v2\/comments?post=30877"}],"wp:featuredmedia":[{"embeddable":true,"href":"https:\/\/shuji.ca\/fr\/wp-json\/wp\/v2\/media\/30880"}],"wp:attachment":[{"href":"https:\/\/shuji.ca\/fr\/wp-json\/wp\/v2\/media?parent=30877"}],"wp:term":[{"taxonomy":"product_brand","embeddable":true,"href":"https:\/\/shuji.ca\/fr\/wp-json\/wp\/v2\/product_brand?post=30877"},{"taxonomy":"product_cat","embeddable":true,"href":"https:\/\/shuji.ca\/fr\/wp-json\/wp\/v2\/product_cat?post=30877"},{"taxonomy":"product_tag","embeddable":true,"href":"https:\/\/shuji.ca\/fr\/wp-json\/wp\/v2\/product_tag?post=30877"}],"curies":[{"name":"wp","href":"https:\/\/api.w.org\/{rel}","templated":true}]}}