{"id":30867,"date":"2024-10-18T02:09:00","date_gmt":"2024-10-18T06:09:00","guid":{"rendered":"https:\/\/shuji.ca\/?post_type=product&#038;p=30867"},"modified":"2024-11-05T14:19:19","modified_gmt":"2024-11-05T18:19:19","slug":"sihoo-m59as-ergonomic-office-chair-with-dual-backrest-and-headrest-white-grey","status":"publish","type":"product","link":"https:\/\/shuji.ca\/fr\/shop\/home-living\/desk-chairs\/sihoo-m59as-ergonomic-office-chair-with-dual-backrest-and-headrest-white-grey\/","title":{"rendered":"Sihoo M59AS Chaise de bureau ergonomique - avec double dossier et appui-t\u00eate - Blanc\/Gris"},"content":{"rendered":"<p><strong>Caract\u00e9ristiques :<\/strong><\/p>\n<ul>\n<li>Le SIHOO M29AS offre un appui-t\u00eate r\u00e9glable pour un soutien facile et confortable de la nuque, un support lombaire r\u00e9glable pour une hauteur et une profondeur personnalisables convenant \u00e0 diverses t\u00e2ches de bureau. Le dossier de la chaise s'ajuste de 90\u00b0 \u00e0 126\u00b0, ce qui permet de multiples positions de travail. La chaise est dot\u00e9e d'une \u00e9l\u00e9vation de 3,15 pouces avec une rotation de 360\u00b0 et une grande libert\u00e9 de mouvement.<\/li>\n<li>Conception ergonomique : Recommand\u00e9 par l'Ergonomics Application Association, le si\u00e8ge de bureau ergonomique SIHOO est con\u00e7u \u00e0 partir d'un mod\u00e8le num\u00e9rique dynamique du corps humain. Le dossier refl\u00e8te la courbe naturelle de la colonne vert\u00e9brale, offrant un soutien ajust\u00e9 pour att\u00e9nuer la pression sur la colonne vert\u00e9brale. Le design de l'assise en arc de cercle offre un soutien aux cuisses pour plus de confort, garantissant ainsi une exp\u00e9rience d'assise plus confortable.<\/li>\n<li>Mat\u00e9riau : La base en aluminium de la chaise est stable, durable et con\u00e7ue pour supporter efficacement le poids. Les roulettes silencieuses permettent un d\u00e9placement en douceur et sans bruit. La conception du double dossier renforce la stabilit\u00e9 et la durabilit\u00e9.<\/li>\n<li>Le design : D\u00e9velopp\u00e9 gr\u00e2ce \u00e0 la collaboration d'experts en ergonomie, physiologie, conception de produits et ing\u00e9nierie m\u00e9canique, SIHOO donne la priorit\u00e9 au confort et \u00e0 la s\u00e9curit\u00e9 de ses utilisateurs. Chaque composant est soumis \u00e0 des tests de s\u00e9curit\u00e9 et de qualit\u00e9 rigoureux, notamment en ce qui concerne l'impact des coussins, la fatigue des accoudoirs et les tests de pression statique sur la base de la chaise, le tout conform\u00e9ment aux normes strictes applicables aux chaises de bureau.<\/li>\n<\/ul>\n<p>Marque : Sihoo<\/p>\n<p><img fetchpriority=\"high\" decoding=\"async\" class=\"aligncenter\" src=\"https:\/\/cbu01.alicdn.com\/img\/ibank\/O1CN01n1pYvd1brILAMVjkf_!!958843518-0-cib.jpg\" width=\"770\" height=\"1191\" \/><\/p>","protected":false},"excerpt":{"rendered":"<p>Features: The SIHOO M29AS offers an adjustable headrest for easy and comfortable neck support, an adjustable lumbar bracket for customizable height and depth suitable for various office tasks. The chair\u2019s backrest adjusts from 90\u00b0 to 126\u00b0, accommodating multiple work positions, and it features a height lift of 3.15 inches with 360\u00b0 rotation and freedom of [&hellip;]<\/p>","protected":false},"featured_media":30874,"comment_status":"open","ping_status":"closed","template":"","meta":[],"product_brand":[],"product_cat":[1254,1199],"product_tag":[],"class_list":{"0":"post-30867","1":"product","2":"type-product","3":"status-publish","4":"has-post-thumbnail","6":"product_cat-desk-chairs","7":"product_cat-home-living","8":"product_shipping_class-havestock","10":"first","11":"instock","12":"sale","13":"taxable","14":"shipping-taxable","15":"purchasable","16":"product-type-simple"},"_links":{"self":[{"href":"https:\/\/shuji.ca\/fr\/wp-json\/wp\/v2\/product\/30867","targetHints":{"allow":["GET"]}}],"collection":[{"href":"https:\/\/shuji.ca\/fr\/wp-json\/wp\/v2\/product"}],"about":[{"href":"https:\/\/shuji.ca\/fr\/wp-json\/wp\/v2\/types\/product"}],"replies":[{"embeddable":true,"href":"https:\/\/shuji.ca\/fr\/wp-json\/wp\/v2\/comments?post=30867"}],"wp:featuredmedia":[{"embeddable":true,"href":"https:\/\/shuji.ca\/fr\/wp-json\/wp\/v2\/media\/30874"}],"wp:attachment":[{"href":"https:\/\/shuji.ca\/fr\/wp-json\/wp\/v2\/media?parent=30867"}],"wp:term":[{"taxonomy":"product_brand","embeddable":true,"href":"https:\/\/shuji.ca\/fr\/wp-json\/wp\/v2\/product_brand?post=30867"},{"taxonomy":"product_cat","embeddable":true,"href":"https:\/\/shuji.ca\/fr\/wp-json\/wp\/v2\/product_cat?post=30867"},{"taxonomy":"product_tag","embeddable":true,"href":"https:\/\/shuji.ca\/fr\/wp-json\/wp\/v2\/product_tag?post=30867"}],"curies":[{"name":"wp","href":"https:\/\/api.w.org\/{rel}","templated":true}]}}