{"id":30855,"date":"2024-10-18T01:53:14","date_gmt":"2024-10-18T05:53:14","guid":{"rendered":"https:\/\/shuji.ca\/?post_type=product&#038;p=30855"},"modified":"2025-01-08T02:36:17","modified_gmt":"2025-01-08T06:36:17","slug":"sihoo-m76-ergonomic-office-chair","status":"publish","type":"product","link":"https:\/\/shuji.ca\/fr\/shop\/home-living\/desk-chairs\/sihoo-m76-ergonomic-office-chair\/","title":{"rendered":"Sihoo M76 Chaise de bureau ergonomique - Coussin en mousse haute densit\u00e9 et accoudoirs rabattables \u00e0 90\u00b0 - Noir"},"content":{"rendered":"<p><strong>Caract\u00e9ristiques :<\/strong><\/p>\n<ul class=\"a-unordered-list a-vertical a-spacing-mini\">\n<li class=\"a-spacing-mini\"><span class=\"a-list-item\">Conception ergonomique : Le Sihoo M76 est dot\u00e9 d'un dossier ergonomique en forme de C qui soutient parfaitement votre corps. Il peut \u00eatre inclin\u00e9 \u00e0 120\u00b0, offrant une excellente exp\u00e9rience d'assise pendant le travail et les loisirs. Le dossier en maille haute densit\u00e9 garde votre dos au frais et \u00e0 l'abri de la transpiration.<\/span><\/li>\n<li class=\"a-spacing-mini\"><span class=\"a-list-item\">Accoudoirs rabattables \u00e0 90\u00b0 : La chaise de bureau est \u00e9quip\u00e9e d'accoudoirs r\u00e9glables, qui peuvent \u00eatre relev\u00e9s pour gagner de la place. Il convient aux salons, aux chambres \u00e0 coucher, aux salles de r\u00e9union et aux bureaux.<\/span><\/li>\n<li class=\"a-spacing-mini\"><span class=\"a-list-item\">Solide comme le roc : les roues rotatives \u00e0 360 degr\u00e9s sont silencieuses et ne rayent pas le sol lors des d\u00e9placements. L'\u00e9l\u00e9vateur \u00e0 gaz a \u00e9t\u00e9 certifi\u00e9 par la BIFMA, ce qui le rend plus stable et plus s\u00fbr. Le fauteuil convient parfaitement aux personnes mesurant entre 150 et 175 cm et pouvant supporter une charge maximale de 300 livres.<\/span><\/li>\n<li class=\"a-spacing-mini\"><span class=\"a-list-item\">Assemblage facile : L'emballage contient les outils et les gants n\u00e9cessaires \u00e0 l'installation, ainsi que des instructions claires pour vous aider \u00e0 l'installer rapidement. L'assemblage de ce fauteuil de bureau de direction prend environ 15 \u00e0 20 minutes.<\/span><\/li>\n<\/ul>\n<p>Marque : Sihoo<\/p>\n<p><img fetchpriority=\"high\" decoding=\"async\" class=\"aligncenter wp-image-30863\" src=\"https:\/\/shuji.ca\/wp-content\/uploads\/2024\/10\/1.png\" alt=\"\" width=\"1117\" height=\"814\" srcset=\"https:\/\/shuji.ca\/wp-content\/uploads\/2024\/10\/1.png 1418w, https:\/\/shuji.ca\/wp-content\/uploads\/2024\/10\/1-300x219.png 300w, https:\/\/shuji.ca\/wp-content\/uploads\/2024\/10\/1-1024x746.png 1024w, https:\/\/shuji.ca\/wp-content\/uploads\/2024\/10\/1-768x559.png 768w, https:\/\/shuji.ca\/wp-content\/uploads\/2024\/10\/1-16x12.png 16w, https:\/\/shuji.ca\/wp-content\/uploads\/2024\/10\/1-1320x962.png 1320w, https:\/\/shuji.ca\/wp-content\/uploads\/2024\/10\/1-600x437.png 600w\" sizes=\"(max-width: 1117px) 100vw, 1117px\" \/><img decoding=\"async\" class=\"aligncenter wp-image-30862\" src=\"https:\/\/shuji.ca\/wp-content\/uploads\/2024\/10\/2.png\" alt=\"\" width=\"1115\" height=\"762\" srcset=\"https:\/\/shuji.ca\/wp-content\/uploads\/2024\/10\/2.png 1430w, https:\/\/shuji.ca\/wp-content\/uploads\/2024\/10\/2-300x205.png 300w, https:\/\/shuji.ca\/wp-content\/uploads\/2024\/10\/2-1024x700.png 1024w, https:\/\/shuji.ca\/wp-content\/uploads\/2024\/10\/2-768x525.png 768w, https:\/\/shuji.ca\/wp-content\/uploads\/2024\/10\/2-18x12.png 18w, https:\/\/shuji.ca\/wp-content\/uploads\/2024\/10\/2-1320x902.png 1320w, https:\/\/shuji.ca\/wp-content\/uploads\/2024\/10\/2-600x410.png 600w\" sizes=\"(max-width: 1115px) 100vw, 1115px\" \/> <img decoding=\"async\" class=\"aligncenter wp-image-30864\" src=\"https:\/\/shuji.ca\/wp-content\/uploads\/2024\/10\/Image_20241017225102.png\" alt=\"\" width=\"1120\" height=\"702\" srcset=\"https:\/\/shuji.ca\/wp-content\/uploads\/2024\/10\/Image_20241017225102.png 1419w, https:\/\/shuji.ca\/wp-content\/uploads\/2024\/10\/Image_20241017225102-300x188.png 300w, https:\/\/shuji.ca\/wp-content\/uploads\/2024\/10\/Image_20241017225102-1024x642.png 1024w, https:\/\/shuji.ca\/wp-content\/uploads\/2024\/10\/Image_20241017225102-768x481.png 768w, https:\/\/shuji.ca\/wp-content\/uploads\/2024\/10\/Image_20241017225102-18x12.png 18w, https:\/\/shuji.ca\/wp-content\/uploads\/2024\/10\/Image_20241017225102-1320x827.png 1320w, https:\/\/shuji.ca\/wp-content\/uploads\/2024\/10\/Image_20241017225102-600x376.png 600w\" sizes=\"(max-width: 1120px) 100vw, 1120px\" \/><\/p>","protected":false},"excerpt":{"rendered":"<p>Features: Ergonomic Design: The Sihoo M76 features ergonomically designed C-shaped backrest perfectly supports your body.And it can be tilted at 120\u00b0, providing an excellent seating experience during work and entertainment. High-density mesh back, keeping your back cool and sweat-free. 90\u00b0Folding Armrests: The home office chair has adjustable armrests, which can be turned up to save [&hellip;]<\/p>","protected":false},"featured_media":30860,"comment_status":"open","ping_status":"closed","template":"","meta":[],"product_brand":[],"product_cat":[1254,1199],"product_tag":[],"class_list":{"0":"post-30855","1":"product","2":"type-product","3":"status-publish","4":"has-post-thumbnail","6":"product_cat-desk-chairs","7":"product_cat-home-living","8":"product_shipping_class-havestock","10":"first","11":"instock","12":"sale","13":"taxable","14":"shipping-taxable","15":"purchasable","16":"product-type-simple"},"_links":{"self":[{"href":"https:\/\/shuji.ca\/fr\/wp-json\/wp\/v2\/product\/30855","targetHints":{"allow":["GET"]}}],"collection":[{"href":"https:\/\/shuji.ca\/fr\/wp-json\/wp\/v2\/product"}],"about":[{"href":"https:\/\/shuji.ca\/fr\/wp-json\/wp\/v2\/types\/product"}],"replies":[{"embeddable":true,"href":"https:\/\/shuji.ca\/fr\/wp-json\/wp\/v2\/comments?post=30855"}],"wp:featuredmedia":[{"embeddable":true,"href":"https:\/\/shuji.ca\/fr\/wp-json\/wp\/v2\/media\/30860"}],"wp:attachment":[{"href":"https:\/\/shuji.ca\/fr\/wp-json\/wp\/v2\/media?parent=30855"}],"wp:term":[{"taxonomy":"product_brand","embeddable":true,"href":"https:\/\/shuji.ca\/fr\/wp-json\/wp\/v2\/product_brand?post=30855"},{"taxonomy":"product_cat","embeddable":true,"href":"https:\/\/shuji.ca\/fr\/wp-json\/wp\/v2\/product_cat?post=30855"},{"taxonomy":"product_tag","embeddable":true,"href":"https:\/\/shuji.ca\/fr\/wp-json\/wp\/v2\/product_tag?post=30855"}],"curies":[{"name":"wp","href":"https:\/\/api.w.org\/{rel}","templated":true}]}}