{"id":30841,"date":"2024-10-18T00:43:12","date_gmt":"2024-10-18T04:43:12","guid":{"rendered":"https:\/\/shuji.ca\/?post_type=product&#038;p=30841"},"modified":"2024-11-03T13:34:59","modified_gmt":"2024-11-03T17:34:59","slug":"razer-x-sanrio-kuromi-special-edition-death-adder-gaming-mouse-and-mouse-pad-set-limited-edition","status":"publish","type":"product","link":"https:\/\/shuji.ca\/fr\/shop\/electronics\/computers-peripherals\/razer-x-sanrio-kuromi-special-edition-death-adder-gaming-mouse-and-mouse-pad-set-limited-edition\/","title":{"rendered":"Razer x Sanrio Kuromi Special Edition Death Adder Gaming Mouse and Mouse Pad Set - Limited Edition"},"content":{"rendered":"<p><strong>Caract\u00e9ristiques :<\/strong><\/p>\n<ul>\n<li>Ce set comprend une souris de jeu Sanrio Kuromi Death Adder en \u00e9dition limit\u00e9e et un tapis de souris Razer sur le th\u00e8me de Kuromi.<\/li>\n<li class=\"a-spacing-mini\"><span class=\"a-list-item\">Capteur optique haute pr\u00e9cision de 6 400 DPI : Permet d'ajuster la sensibilit\u00e9 \u00e0 la vol\u00e9e gr\u00e2ce \u00e0 des boutons DPI d\u00e9di\u00e9s (reprogrammables) pour les jeux et les travaux cr\u00e9atifs.<\/span><\/li>\n<li class=\"a-spacing-mini\"><span class=\"a-list-item\">Interrupteurs m\u00e9caniques durables : Supporte jusqu'\u00e0 10 millions de clics. Produit anthentique garanti, couvert par la garantie nationale de Shuji.<\/span><\/li>\n<li class=\"a-spacing-mini\"><span class=\"a-list-item\">Molette de d\u00e9filement stri\u00e9e et caoutchout\u00e9e pour une pr\u00e9cision maximale : de petites bosses tactiles am\u00e9liorent la prise en main et permettent un d\u00e9filement plus contr\u00f4l\u00e9 dans les situations de jeu \u00e0 enjeux \u00e9lev\u00e9s.<\/span><\/li>\n<li class=\"a-spacing-mini\"><span class=\"a-list-item\">Boutons programmables : Permet le remappage des boutons et l'attribution de fonctions macro complexes via Razer Synapse.<\/span><\/li>\n<\/ul>\n<p>Taille du tapis de souris : 355 mm x 254 mm<\/p>\n<p><img fetchpriority=\"high\" decoding=\"async\" class=\"aligncenter size-full wp-image-30849\" src=\"https:\/\/shuji.ca\/wp-content\/uploads\/2024\/10\/1111.png\" alt=\"\" width=\"1104\" height=\"1202\" srcset=\"https:\/\/shuji.ca\/wp-content\/uploads\/2024\/10\/1111.png 1104w, https:\/\/shuji.ca\/wp-content\/uploads\/2024\/10\/1111-276x300.png 276w, https:\/\/shuji.ca\/wp-content\/uploads\/2024\/10\/1111-941x1024.png 941w, https:\/\/shuji.ca\/wp-content\/uploads\/2024\/10\/1111-768x836.png 768w, https:\/\/shuji.ca\/wp-content\/uploads\/2024\/10\/1111-11x12.png 11w, https:\/\/shuji.ca\/wp-content\/uploads\/2024\/10\/1111-600x653.png 600w\" sizes=\"(max-width: 1104px) 100vw, 1104px\" \/><img decoding=\"async\" class=\"aligncenter size-full wp-image-30848\" src=\"https:\/\/shuji.ca\/wp-content\/uploads\/2024\/10\/22.png\" alt=\"\" width=\"1102\" height=\"1128\" srcset=\"https:\/\/shuji.ca\/wp-content\/uploads\/2024\/10\/22.png 1102w, https:\/\/shuji.ca\/wp-content\/uploads\/2024\/10\/22-293x300.png 293w, https:\/\/shuji.ca\/wp-content\/uploads\/2024\/10\/22-1000x1024.png 1000w, https:\/\/shuji.ca\/wp-content\/uploads\/2024\/10\/22-768x786.png 768w, https:\/\/shuji.ca\/wp-content\/uploads\/2024\/10\/22-12x12.png 12w, https:\/\/shuji.ca\/wp-content\/uploads\/2024\/10\/22-600x614.png 600w\" sizes=\"(max-width: 1102px) 100vw, 1102px\" \/><\/p>","protected":false},"excerpt":{"rendered":"<p>Features: This set features a Limited Edition Sanrio Kuromi Death Adder Gaming Mouse and a Kuromi-themed Razer Mouse Pad. High-Precision 6,400 DPI Optical Sensor: Offers on-the-fly sensitivity adjustment through dedicated DPI buttons (reprogrammable) for gaming and creative work Durable Mechanical Switches: Supports up to 10 million clicks. Guaranteed anthentic product, backed by Shuji nation wide [&hellip;]<\/p>","protected":false},"featured_media":30849,"comment_status":"open","ping_status":"closed","template":"","meta":[],"product_brand":[],"product_cat":[1239,1198],"product_tag":[],"class_list":{"0":"post-30841","1":"product","2":"type-product","3":"status-publish","4":"has-post-thumbnail","6":"product_cat-computers-peripherals","7":"product_cat-electronics","8":"product_shipping_class-havestock","10":"first","11":"instock","12":"taxable","13":"shipping-taxable","14":"purchasable","15":"product-type-simple"},"_links":{"self":[{"href":"https:\/\/shuji.ca\/fr\/wp-json\/wp\/v2\/product\/30841","targetHints":{"allow":["GET"]}}],"collection":[{"href":"https:\/\/shuji.ca\/fr\/wp-json\/wp\/v2\/product"}],"about":[{"href":"https:\/\/shuji.ca\/fr\/wp-json\/wp\/v2\/types\/product"}],"replies":[{"embeddable":true,"href":"https:\/\/shuji.ca\/fr\/wp-json\/wp\/v2\/comments?post=30841"}],"wp:featuredmedia":[{"embeddable":true,"href":"https:\/\/shuji.ca\/fr\/wp-json\/wp\/v2\/media\/30849"}],"wp:attachment":[{"href":"https:\/\/shuji.ca\/fr\/wp-json\/wp\/v2\/media?parent=30841"}],"wp:term":[{"taxonomy":"product_brand","embeddable":true,"href":"https:\/\/shuji.ca\/fr\/wp-json\/wp\/v2\/product_brand?post=30841"},{"taxonomy":"product_cat","embeddable":true,"href":"https:\/\/shuji.ca\/fr\/wp-json\/wp\/v2\/product_cat?post=30841"},{"taxonomy":"product_tag","embeddable":true,"href":"https:\/\/shuji.ca\/fr\/wp-json\/wp\/v2\/product_tag?post=30841"}],"curies":[{"name":"wp","href":"https:\/\/api.w.org\/{rel}","templated":true}]}}