{"id":30825,"date":"2024-10-17T23:49:57","date_gmt":"2024-10-18T03:49:57","guid":{"rendered":"https:\/\/shuji.ca\/?post_type=product&#038;p=30825"},"modified":"2025-02-07T16:37:01","modified_gmt":"2025-02-07T20:37:01","slug":"razer-x-pokemon-pikachu-limited-edition-104-key-blackwidow-mechanical-gaming-keyboard-special-pokemon-pikachu-edition","status":"publish","type":"product","link":"https:\/\/shuji.ca\/fr\/shop\/electronics\/computers-peripherals\/razer-x-pokemon-pikachu-limited-edition-104-key-blackwidow-mechanical-gaming-keyboard-special-pokemon-pikachu-edition\/","title":{"rendered":"Razer x Pokemon Pikachu Edition Limit\u00e9e Clavier de jeu m\u00e9canique BlackWidow 104 touches - Edition sp\u00e9ciale Pokemon Pikachu"},"content":{"rendered":"<p><strong>Caract\u00e9ristiques :<\/strong><\/p>\n<ul class=\"a-unordered-list a-vertical a-spacing-mini\">\n<li>Clavier m\u00e9canique classique Razer Blackwidow, avec design exclusif Pokemon Pikachu<\/li>\n<li class=\"a-spacing-mini\"><span class=\"a-list-item\">Interrupteur m\u00e9canique pour le jeu : La technologie du commutateur Razer Green offre un son cliquetant satisfaisant avec une force d'actionnement de 50 G, id\u00e9al pour la frappe et les jeux n\u00e9cessitant la plus grande pr\u00e9cision.<\/span><\/li>\n<li class=\"a-spacing-mini\"><span class=\"a-list-item\">Touches r\u00e9tro\u00e9clair\u00e9es \u00e9dition sp\u00e9ciale : \u00c9clairage LED jaune Pikachu avec contr\u00f4le total de la luminosit\u00e9, au-del\u00e0 des possibilit\u00e9s de personnalisation des claviers \u00e0 \u00e9clairage par zone.<\/span><\/li>\n<li class=\"a-spacing-mini\"><span class=\"a-list-item\">Prise en charge des macros enti\u00e8rement programmables : Razer Hypershift permet de remapper toutes les touches et combinaisons de touches pour ex\u00e9cuter des commandes complexes.<\/span><\/li>\n<li class=\"a-spacing-mini\"><span class=\"a-list-item\">Gestion pratique des c\u00e2bles : Les options d'acheminement des c\u00e2bles int\u00e9gr\u00e9es en haut et sur les deux c\u00f4t\u00e9s offrent de multiples possibilit\u00e9s pour cacher ou organiser les fils.<\/span><\/li>\n<li class=\"a-spacing-mini\"><span class=\"a-list-item\">Construction durable : Supporte jusqu'\u00e0 80 millions de clics. Produit anthentique garanti.<\/span><\/li>\n<\/ul>\n<p><img fetchpriority=\"high\" decoding=\"async\" class=\"aligncenter wp-image-30828\" src=\"https:\/\/shuji.ca\/wp-content\/uploads\/2024\/10\/Image_20241017203733.png\" alt=\"\" width=\"906\" height=\"906\" srcset=\"https:\/\/shuji.ca\/wp-content\/uploads\/2024\/10\/Image_20241017203733.png 1123w, https:\/\/shuji.ca\/wp-content\/uploads\/2024\/10\/Image_20241017203733-300x300.png 300w, https:\/\/shuji.ca\/wp-content\/uploads\/2024\/10\/Image_20241017203733-1024x1024.png 1024w, https:\/\/shuji.ca\/wp-content\/uploads\/2024\/10\/Image_20241017203733-150x150.png 150w, https:\/\/shuji.ca\/wp-content\/uploads\/2024\/10\/Image_20241017203733-768x768.png 768w, https:\/\/shuji.ca\/wp-content\/uploads\/2024\/10\/Image_20241017203733-12x12.png 12w, https:\/\/shuji.ca\/wp-content\/uploads\/2024\/10\/Image_20241017203733-600x600.png 600w, https:\/\/shuji.ca\/wp-content\/uploads\/2024\/10\/Image_20241017203733-100x100.png 100w\" sizes=\"(max-width: 906px) 100vw, 906px\" \/> <img decoding=\"async\" class=\"aligncenter wp-image-30827\" src=\"https:\/\/shuji.ca\/wp-content\/uploads\/2024\/10\/Image_20241017203838.png\" alt=\"\" width=\"908\" height=\"822\" srcset=\"https:\/\/shuji.ca\/wp-content\/uploads\/2024\/10\/Image_20241017203838.png 1254w, https:\/\/shuji.ca\/wp-content\/uploads\/2024\/10\/Image_20241017203838-300x272.png 300w, https:\/\/shuji.ca\/wp-content\/uploads\/2024\/10\/Image_20241017203838-1024x928.png 1024w, https:\/\/shuji.ca\/wp-content\/uploads\/2024\/10\/Image_20241017203838-768x696.png 768w, https:\/\/shuji.ca\/wp-content\/uploads\/2024\/10\/Image_20241017203838-13x12.png 13w, https:\/\/shuji.ca\/wp-content\/uploads\/2024\/10\/Image_20241017203838-600x544.png 600w\" sizes=\"(max-width: 908px) 100vw, 908px\" \/> <img decoding=\"async\" class=\"aligncenter wp-image-30831\" src=\"https:\/\/shuji.ca\/wp-content\/uploads\/2024\/10\/pokemon-mouse.png\" alt=\"\" width=\"910\" height=\"904\" srcset=\"https:\/\/shuji.ca\/wp-content\/uploads\/2024\/10\/pokemon-mouse.png 771w, https:\/\/shuji.ca\/wp-content\/uploads\/2024\/10\/pokemon-mouse-300x298.png 300w, https:\/\/shuji.ca\/wp-content\/uploads\/2024\/10\/pokemon-mouse-150x150.png 150w, https:\/\/shuji.ca\/wp-content\/uploads\/2024\/10\/pokemon-mouse-768x763.png 768w, https:\/\/shuji.ca\/wp-content\/uploads\/2024\/10\/pokemon-mouse-12x12.png 12w, https:\/\/shuji.ca\/wp-content\/uploads\/2024\/10\/pokemon-mouse-600x596.png 600w, https:\/\/shuji.ca\/wp-content\/uploads\/2024\/10\/pokemon-mouse-100x100.png 100w\" sizes=\"(max-width: 910px) 100vw, 910px\" \/> <img loading=\"lazy\" decoding=\"async\" class=\"aligncenter wp-image-30826\" src=\"https:\/\/shuji.ca\/wp-content\/uploads\/2024\/10\/Image_20241017203853.png\" alt=\"\" width=\"910\" height=\"639\" srcset=\"https:\/\/shuji.ca\/wp-content\/uploads\/2024\/10\/Image_20241017203853.png 1237w, https:\/\/shuji.ca\/wp-content\/uploads\/2024\/10\/Image_20241017203853-300x211.png 300w, https:\/\/shuji.ca\/wp-content\/uploads\/2024\/10\/Image_20241017203853-1024x719.png 1024w, https:\/\/shuji.ca\/wp-content\/uploads\/2024\/10\/Image_20241017203853-768x539.png 768w, https:\/\/shuji.ca\/wp-content\/uploads\/2024\/10\/Image_20241017203853-18x12.png 18w, https:\/\/shuji.ca\/wp-content\/uploads\/2024\/10\/Image_20241017203853-100x70.png 100w, https:\/\/shuji.ca\/wp-content\/uploads\/2024\/10\/Image_20241017203853-600x421.png 600w\" sizes=\"(max-width: 910px) 100vw, 910px\" \/><\/p>","protected":false},"excerpt":{"rendered":"<p>Features: Classic Razer Blackwidow Mechanical Keybard, with exclusive Pokemon Pikachu design Signature Mechanical Switch for Gaming: Razer Green switch technology provides a satisfying clicky sound with 50 G of actuation force, ideal for typing and gaming requiring the highest accuracy Special Edition Backlit Keys: Pikachu Yellow LED lighting with full brightness control beyond the customizability [&hellip;]<\/p>","protected":false},"featured_media":30828,"comment_status":"open","ping_status":"closed","template":"","meta":[],"product_brand":[],"product_cat":[1239,1198],"product_tag":[],"class_list":{"0":"post-30825","1":"product","2":"type-product","3":"status-publish","4":"has-post-thumbnail","6":"product_cat-computers-peripherals","7":"product_cat-electronics","8":"product_shipping_class-havestock","10":"first","11":"instock","12":"taxable","13":"shipping-taxable","14":"purchasable","15":"product-type-simple"},"_links":{"self":[{"href":"https:\/\/shuji.ca\/fr\/wp-json\/wp\/v2\/product\/30825","targetHints":{"allow":["GET"]}}],"collection":[{"href":"https:\/\/shuji.ca\/fr\/wp-json\/wp\/v2\/product"}],"about":[{"href":"https:\/\/shuji.ca\/fr\/wp-json\/wp\/v2\/types\/product"}],"replies":[{"embeddable":true,"href":"https:\/\/shuji.ca\/fr\/wp-json\/wp\/v2\/comments?post=30825"}],"wp:featuredmedia":[{"embeddable":true,"href":"https:\/\/shuji.ca\/fr\/wp-json\/wp\/v2\/media\/30828"}],"wp:attachment":[{"href":"https:\/\/shuji.ca\/fr\/wp-json\/wp\/v2\/media?parent=30825"}],"wp:term":[{"taxonomy":"product_brand","embeddable":true,"href":"https:\/\/shuji.ca\/fr\/wp-json\/wp\/v2\/product_brand?post=30825"},{"taxonomy":"product_cat","embeddable":true,"href":"https:\/\/shuji.ca\/fr\/wp-json\/wp\/v2\/product_cat?post=30825"},{"taxonomy":"product_tag","embeddable":true,"href":"https:\/\/shuji.ca\/fr\/wp-json\/wp\/v2\/product_tag?post=30825"}],"curies":[{"name":"wp","href":"https:\/\/api.w.org\/{rel}","templated":true}]}}