{"id":30813,"date":"2024-10-17T22:57:44","date_gmt":"2024-10-18T02:57:44","guid":{"rendered":"https:\/\/shuji.ca\/?post_type=product&#038;p=30813"},"modified":"2024-11-05T14:21:41","modified_gmt":"2024-11-05T18:21:41","slug":"officially-lisenced-razer-x-pokemon-iskur-x-pikachu-gaming-chair-ergonomic-lumber-support-system-multi-layered-synthetic-leather-durable-foam-cushions-engineered-to-carry-memory-foam-head-cus","status":"publish","type":"product","link":"https:\/\/shuji.ca\/fr\/shop\/home-living\/desk-chairs\/officially-lisenced-razer-x-pokemon-iskur-x-pikachu-gaming-chair-ergonomic-lumber-support-system-multi-layered-synthetic-leather-durable-foam-cushions-engineered-to-carry-memory-foam-head-cus\/","title":{"rendered":"Chaise de jeu Razer x Pok\u00e9mon Iskur X Pikachu : Syst\u00e8me de support ergonomique - Cuir synth\u00e9tique multicouche - Coussins en mousse durable - Con\u00e7u pour \u00eatre transport\u00e9 - Coussin de t\u00eate en mousse \u00e0 m\u00e9moire de forme avec motif Pikachu"},"content":{"rendered":"<p><strong>Caract\u00e9ristiques :<\/strong><\/p>\n<ul class=\"a-unordered-list a-vertical a-spacing-mini\">\n<li>Razer x Pok\u00e9mon : Cette chaise de jeu ergonomique pr\u00e9sente un design unique sur le th\u00e8me de Pikachu et une solide qualit\u00e9 de fabrication Razer.<\/li>\n<li class=\"a-spacing-mini\"><span class=\"a-list-item\">Syst\u00e8me de soutien lombaire ergonomique : Profitez d'un soutien total du bas du dos gr\u00e2ce \u00e0 une courbe lombaire int\u00e9gr\u00e9e et enti\u00e8rement r\u00e9glable qui s'aligne \u00e9troitement sur votre colonne vert\u00e9brale, garantissant une posture id\u00e9ale pour un confort maximal lors des marathons de jeu.<\/span><\/li>\n<li class=\"a-spacing-mini\"><span class=\"a-list-item\">Cuir synth\u00e9tique multicouche : Plus robuste et plus durable que le cuir PU standard, la chaise est envelopp\u00e9e de cuir synth\u00e9tique PVC multicouche, ce qui la rend plus apte \u00e0 r\u00e9sister \u00e0 l'usure des heures d'utilisation quotidienne.<\/span><\/li>\n<li class=\"a-spacing-mini\"><span class=\"a-list-item\">Coussins en mousse haute densit\u00e9 : Les coussins plus denses et durables offrent un toucher moelleux et un meilleur contour, permettant \u00e0 votre poids d'exercer juste la pression n\u00e9cessaire pour qu'ils se moulent \u00e0 la forme unique de votre corps.<\/span><\/li>\n<li class=\"a-spacing-mini\"><span class=\"a-list-item\">Accoudoirs 4D : R\u00e9glez la hauteur et l'angle des accoudoirs et d\u00e9placez-les vers l'avant ou vers l'arri\u00e8re pour une position adapt\u00e9e \u00e0 votre fa\u00e7on de vous asseoir<\/span><\/li>\n<li class=\"a-spacing-mini\"><span class=\"a-list-item\">Con\u00e7u pour \u00eatre transport\u00e9 : Recommand\u00e9 pour une taille de 5'6\u2033 \u00e0 6'2\u2033 et supporte un poids allant jusqu'\u00e0 300lbs gr\u00e2ce \u00e0 la combinaison de son ch\u00e2ssis, de ses accoudoirs, de son empattement et des bords d'assise inclin\u00e9s qui maximisent la surface de repos. Classe de levage \u00e0 gaz : 4<\/span><\/li>\n<\/ul>\n<p><img fetchpriority=\"high\" decoding=\"async\" class=\"aligncenter wp-image-30823\" src=\"https:\/\/shuji.ca\/wp-content\/uploads\/2024\/10\/iskur-p.jpg\" alt=\"\" width=\"909\" height=\"1407\" srcset=\"https:\/\/shuji.ca\/wp-content\/uploads\/2024\/10\/iskur-p.jpg 1500w, https:\/\/shuji.ca\/wp-content\/uploads\/2024\/10\/iskur-p-194x300.jpg 194w, https:\/\/shuji.ca\/wp-content\/uploads\/2024\/10\/iskur-p-661x1024.jpg 661w, https:\/\/shuji.ca\/wp-content\/uploads\/2024\/10\/iskur-p-768x1189.jpg 768w, https:\/\/shuji.ca\/wp-content\/uploads\/2024\/10\/iskur-p-992x1536.jpg 992w, https:\/\/shuji.ca\/wp-content\/uploads\/2024\/10\/iskur-p-1323x2048.jpg 1323w, https:\/\/shuji.ca\/wp-content\/uploads\/2024\/10\/iskur-p-8x12.jpg 8w, https:\/\/shuji.ca\/wp-content\/uploads\/2024\/10\/iskur-p-1320x2043.jpg 1320w, https:\/\/shuji.ca\/wp-content\/uploads\/2024\/10\/iskur-p-600x929.jpg 600w\" sizes=\"(max-width: 909px) 100vw, 909px\" \/> <img decoding=\"async\" class=\"aligncenter wp-image-30824\" src=\"https:\/\/shuji.ca\/wp-content\/uploads\/2024\/10\/O1CN01HfTloS1tuBq6eSHsz_1085315961.jpg\" alt=\"\" width=\"908\" height=\"1148\" srcset=\"https:\/\/shuji.ca\/wp-content\/uploads\/2024\/10\/O1CN01HfTloS1tuBq6eSHsz_1085315961.jpg 790w, https:\/\/shuji.ca\/wp-content\/uploads\/2024\/10\/O1CN01HfTloS1tuBq6eSHsz_1085315961-237x300.jpg 237w, https:\/\/shuji.ca\/wp-content\/uploads\/2024\/10\/O1CN01HfTloS1tuBq6eSHsz_1085315961-768x971.jpg 768w, https:\/\/shuji.ca\/wp-content\/uploads\/2024\/10\/O1CN01HfTloS1tuBq6eSHsz_1085315961-9x12.jpg 9w, https:\/\/shuji.ca\/wp-content\/uploads\/2024\/10\/O1CN01HfTloS1tuBq6eSHsz_1085315961-600x759.jpg 600w\" sizes=\"(max-width: 908px) 100vw, 908px\" \/> <img decoding=\"async\" class=\"aligncenter wp-image-30817\" src=\"https:\/\/shuji.ca\/wp-content\/uploads\/2024\/10\/O1CN01cOFOrO1tuBvGbvHaY_1085315961.jpg\" alt=\"\" width=\"908\" height=\"1405\" srcset=\"https:\/\/shuji.ca\/wp-content\/uploads\/2024\/10\/O1CN01cOFOrO1tuBvGbvHaY_1085315961.jpg 1500w, https:\/\/shuji.ca\/wp-content\/uploads\/2024\/10\/O1CN01cOFOrO1tuBvGbvHaY_1085315961-194x300.jpg 194w, https:\/\/shuji.ca\/wp-content\/uploads\/2024\/10\/O1CN01cOFOrO1tuBvGbvHaY_1085315961-661x1024.jpg 661w, https:\/\/shuji.ca\/wp-content\/uploads\/2024\/10\/O1CN01cOFOrO1tuBvGbvHaY_1085315961-768x1189.jpg 768w, https:\/\/shuji.ca\/wp-content\/uploads\/2024\/10\/O1CN01cOFOrO1tuBvGbvHaY_1085315961-992x1536.jpg 992w, https:\/\/shuji.ca\/wp-content\/uploads\/2024\/10\/O1CN01cOFOrO1tuBvGbvHaY_1085315961-1323x2048.jpg 1323w, https:\/\/shuji.ca\/wp-content\/uploads\/2024\/10\/O1CN01cOFOrO1tuBvGbvHaY_1085315961-8x12.jpg 8w, https:\/\/shuji.ca\/wp-content\/uploads\/2024\/10\/O1CN01cOFOrO1tuBvGbvHaY_1085315961-1320x2043.jpg 1320w, https:\/\/shuji.ca\/wp-content\/uploads\/2024\/10\/O1CN01cOFOrO1tuBvGbvHaY_1085315961-600x929.jpg 600w\" sizes=\"(max-width: 908px) 100vw, 908px\" \/> <img loading=\"lazy\" decoding=\"async\" class=\"aligncenter wp-image-30818\" src=\"https:\/\/shuji.ca\/wp-content\/uploads\/2024\/10\/O1CN01Y9Y1Xq1tuBq6eT5k6_1085315961.jpg\" alt=\"\" width=\"912\" height=\"1292\" srcset=\"https:\/\/shuji.ca\/wp-content\/uploads\/2024\/10\/O1CN01Y9Y1Xq1tuBq6eT5k6_1085315961.jpg 790w, https:\/\/shuji.ca\/wp-content\/uploads\/2024\/10\/O1CN01Y9Y1Xq1tuBq6eT5k6_1085315961-212x300.jpg 212w, https:\/\/shuji.ca\/wp-content\/uploads\/2024\/10\/O1CN01Y9Y1Xq1tuBq6eT5k6_1085315961-723x1024.jpg 723w, https:\/\/shuji.ca\/wp-content\/uploads\/2024\/10\/O1CN01Y9Y1Xq1tuBq6eT5k6_1085315961-768x1088.jpg 768w, https:\/\/shuji.ca\/wp-content\/uploads\/2024\/10\/O1CN01Y9Y1Xq1tuBq6eT5k6_1085315961-8x12.jpg 8w, https:\/\/shuji.ca\/wp-content\/uploads\/2024\/10\/O1CN01Y9Y1Xq1tuBq6eT5k6_1085315961-600x850.jpg 600w\" sizes=\"(max-width: 912px) 100vw, 912px\" \/> <img loading=\"lazy\" decoding=\"async\" class=\"aligncenter wp-image-30819\" src=\"https:\/\/shuji.ca\/wp-content\/uploads\/2024\/10\/O1CN01MLAvWW1tuBvEFeGqT_1085315961.jpg\" alt=\"\" width=\"914\" height=\"1415\" srcset=\"https:\/\/shuji.ca\/wp-content\/uploads\/2024\/10\/O1CN01MLAvWW1tuBvEFeGqT_1085315961.jpg 1500w, https:\/\/shuji.ca\/wp-content\/uploads\/2024\/10\/O1CN01MLAvWW1tuBvEFeGqT_1085315961-194x300.jpg 194w, https:\/\/shuji.ca\/wp-content\/uploads\/2024\/10\/O1CN01MLAvWW1tuBvEFeGqT_1085315961-661x1024.jpg 661w, https:\/\/shuji.ca\/wp-content\/uploads\/2024\/10\/O1CN01MLAvWW1tuBvEFeGqT_1085315961-768x1189.jpg 768w, https:\/\/shuji.ca\/wp-content\/uploads\/2024\/10\/O1CN01MLAvWW1tuBvEFeGqT_1085315961-992x1536.jpg 992w, https:\/\/shuji.ca\/wp-content\/uploads\/2024\/10\/O1CN01MLAvWW1tuBvEFeGqT_1085315961-1323x2048.jpg 1323w, https:\/\/shuji.ca\/wp-content\/uploads\/2024\/10\/O1CN01MLAvWW1tuBvEFeGqT_1085315961-8x12.jpg 8w, https:\/\/shuji.ca\/wp-content\/uploads\/2024\/10\/O1CN01MLAvWW1tuBvEFeGqT_1085315961-1320x2043.jpg 1320w, https:\/\/shuji.ca\/wp-content\/uploads\/2024\/10\/O1CN01MLAvWW1tuBvEFeGqT_1085315961-600x929.jpg 600w\" sizes=\"(max-width: 914px) 100vw, 914px\" \/> <img loading=\"lazy\" decoding=\"async\" class=\"aligncenter wp-image-30820\" src=\"https:\/\/shuji.ca\/wp-content\/uploads\/2024\/10\/O1CN01CsVcjI1tuBvFIYast_1085315961.jpg\" alt=\"\" width=\"916\" height=\"1418\" srcset=\"https:\/\/shuji.ca\/wp-content\/uploads\/2024\/10\/O1CN01CsVcjI1tuBvFIYast_1085315961.jpg 1500w, https:\/\/shuji.ca\/wp-content\/uploads\/2024\/10\/O1CN01CsVcjI1tuBvFIYast_1085315961-194x300.jpg 194w, https:\/\/shuji.ca\/wp-content\/uploads\/2024\/10\/O1CN01CsVcjI1tuBvFIYast_1085315961-661x1024.jpg 661w, https:\/\/shuji.ca\/wp-content\/uploads\/2024\/10\/O1CN01CsVcjI1tuBvFIYast_1085315961-768x1189.jpg 768w, https:\/\/shuji.ca\/wp-content\/uploads\/2024\/10\/O1CN01CsVcjI1tuBvFIYast_1085315961-992x1536.jpg 992w, https:\/\/shuji.ca\/wp-content\/uploads\/2024\/10\/O1CN01CsVcjI1tuBvFIYast_1085315961-1323x2048.jpg 1323w, https:\/\/shuji.ca\/wp-content\/uploads\/2024\/10\/O1CN01CsVcjI1tuBvFIYast_1085315961-8x12.jpg 8w, https:\/\/shuji.ca\/wp-content\/uploads\/2024\/10\/O1CN01CsVcjI1tuBvFIYast_1085315961-1320x2043.jpg 1320w, https:\/\/shuji.ca\/wp-content\/uploads\/2024\/10\/O1CN01CsVcjI1tuBvFIYast_1085315961-600x929.jpg 600w\" sizes=\"(max-width: 916px) 100vw, 916px\" \/> <img loading=\"lazy\" decoding=\"async\" class=\"aligncenter wp-image-30821\" src=\"https:\/\/shuji.ca\/wp-content\/uploads\/2024\/10\/O1CN016ZjMFE1tuBuptVJiJ_1085315961.jpg\" alt=\"\" width=\"917\" height=\"1393\" srcset=\"https:\/\/shuji.ca\/wp-content\/uploads\/2024\/10\/O1CN016ZjMFE1tuBuptVJiJ_1085315961.jpg 790w, https:\/\/shuji.ca\/wp-content\/uploads\/2024\/10\/O1CN016ZjMFE1tuBuptVJiJ_1085315961-198x300.jpg 198w, https:\/\/shuji.ca\/wp-content\/uploads\/2024\/10\/O1CN016ZjMFE1tuBuptVJiJ_1085315961-674x1024.jpg 674w, https:\/\/shuji.ca\/wp-content\/uploads\/2024\/10\/O1CN016ZjMFE1tuBuptVJiJ_1085315961-768x1167.jpg 768w, https:\/\/shuji.ca\/wp-content\/uploads\/2024\/10\/O1CN016ZjMFE1tuBuptVJiJ_1085315961-8x12.jpg 8w, https:\/\/shuji.ca\/wp-content\/uploads\/2024\/10\/O1CN016ZjMFE1tuBuptVJiJ_1085315961-600x911.jpg 600w\" sizes=\"(max-width: 917px) 100vw, 917px\" \/> <img loading=\"lazy\" decoding=\"async\" class=\"aligncenter wp-image-30822\" src=\"https:\/\/shuji.ca\/wp-content\/uploads\/2024\/10\/O1CN01EQMsWY1tuBq5c5oTv_1085315961.jpg\" alt=\"\" width=\"918\" height=\"1278\" srcset=\"https:\/\/shuji.ca\/wp-content\/uploads\/2024\/10\/O1CN01EQMsWY1tuBq5c5oTv_1085315961.jpg 790w, https:\/\/shuji.ca\/wp-content\/uploads\/2024\/10\/O1CN01EQMsWY1tuBq5c5oTv_1085315961-215x300.jpg 215w, https:\/\/shuji.ca\/wp-content\/uploads\/2024\/10\/O1CN01EQMsWY1tuBq5c5oTv_1085315961-735x1024.jpg 735w, https:\/\/shuji.ca\/wp-content\/uploads\/2024\/10\/O1CN01EQMsWY1tuBq5c5oTv_1085315961-768x1069.jpg 768w, https:\/\/shuji.ca\/wp-content\/uploads\/2024\/10\/O1CN01EQMsWY1tuBq5c5oTv_1085315961-9x12.jpg 9w, https:\/\/shuji.ca\/wp-content\/uploads\/2024\/10\/O1CN01EQMsWY1tuBq5c5oTv_1085315961-600x835.jpg 600w\" sizes=\"(max-width: 918px) 100vw, 918px\" \/><\/p>","protected":false},"excerpt":{"rendered":"<p>Features: Razer x Pok\u00e9mon: This ergonomic gaming chair features unique Pikachu themed design and solid Razer build quality Ergonomic Lumber Support System: Enjoy total lower back support with a built-in, fully adjustable lumbar curve that closely aligns to your spine\u2014ensuring ideal posture for maximum comfort in gaming marathons Multi-Layered Synthetic Leather: Tougher and more durable [&hellip;]<\/p>","protected":false},"featured_media":30814,"comment_status":"open","ping_status":"closed","template":"","meta":[],"product_brand":[],"product_cat":[1254,1199],"product_tag":[],"class_list":{"0":"post-30813","1":"product","2":"type-product","3":"status-publish","4":"has-post-thumbnail","6":"product_cat-desk-chairs","7":"product_cat-home-living","8":"product_shipping_class-havestock","10":"first","11":"instock","12":"taxable","13":"shipping-taxable","14":"purchasable","15":"product-type-simple"},"_links":{"self":[{"href":"https:\/\/shuji.ca\/fr\/wp-json\/wp\/v2\/product\/30813","targetHints":{"allow":["GET"]}}],"collection":[{"href":"https:\/\/shuji.ca\/fr\/wp-json\/wp\/v2\/product"}],"about":[{"href":"https:\/\/shuji.ca\/fr\/wp-json\/wp\/v2\/types\/product"}],"replies":[{"embeddable":true,"href":"https:\/\/shuji.ca\/fr\/wp-json\/wp\/v2\/comments?post=30813"}],"wp:featuredmedia":[{"embeddable":true,"href":"https:\/\/shuji.ca\/fr\/wp-json\/wp\/v2\/media\/30814"}],"wp:attachment":[{"href":"https:\/\/shuji.ca\/fr\/wp-json\/wp\/v2\/media?parent=30813"}],"wp:term":[{"taxonomy":"product_brand","embeddable":true,"href":"https:\/\/shuji.ca\/fr\/wp-json\/wp\/v2\/product_brand?post=30813"},{"taxonomy":"product_cat","embeddable":true,"href":"https:\/\/shuji.ca\/fr\/wp-json\/wp\/v2\/product_cat?post=30813"},{"taxonomy":"product_tag","embeddable":true,"href":"https:\/\/shuji.ca\/fr\/wp-json\/wp\/v2\/product_tag?post=30813"}],"curies":[{"name":"wp","href":"https:\/\/api.w.org\/{rel}","templated":true}]}}