{"id":30802,"date":"2024-10-17T22:41:50","date_gmt":"2024-10-18T02:41:50","guid":{"rendered":"https:\/\/shuji.ca\/?post_type=product&#038;p=30802"},"modified":"2024-11-05T14:22:38","modified_gmt":"2024-11-05T18:22:38","slug":"razer-iskur-x-ergonomic-gaming-chair-ergonomically-designed-for-hardcore-gaming-multi-layered-synthetic-leather-durable-foam-cushions-2d-armrests-steel-reinforced-body","status":"publish","type":"product","link":"https:\/\/shuji.ca\/fr\/shop\/home-living\/desk-chairs\/razer-iskur-x-ergonomic-gaming-chair-ergonomically-designed-for-hardcore-gaming-multi-layered-synthetic-leather-durable-foam-cushions-2d-armrests-steel-reinforced-body\/","title":{"rendered":"Chaise de jeu ergonomique Razer Iskur X : Conception ergonomique pour le Hardcore Gaming - Cuir synth\u00e9tique multicouche - Coussins en mousse durable - Accoudoirs 2D - Corps renforc\u00e9 par de l'acier"},"content":{"rendered":"<p><strong>Caract\u00e9ristiques :<\/strong><\/p>\n<ul class=\"a-unordered-list a-vertical a-spacing-mini\">\n<li>Produit anthentique garanti<\/li>\n<li class=\"a-spacing-mini\"><span class=\"a-list-item\">Con\u00e7u de mani\u00e8re ergonomique pour les joueurs inv\u00e9t\u00e9r\u00e9s : Avec ses contours uniques et ses bords d'assise inclin\u00e9s, son inclinaison et sa hauteur enti\u00e8rement r\u00e9glables, le Razer Iskur X favorise une position assise saine afin que vous puissiez jouer pendant des heures en tout confort.<\/span><\/li>\n<li class=\"a-spacing-mini\"><span class=\"a-list-item\">Cuir synth\u00e9tique multicouche : La chaise est envelopp\u00e9e d'un mat\u00e9riau plus r\u00e9sistant et plus durable que le cuir PU standard, ce qui lui permet de mieux r\u00e9sister \u00e0 l'usure des heures d'utilisation quotidienne.<\/span><\/li>\n<li class=\"a-spacing-mini\"><span class=\"a-list-item\">Coussins en mousse haute densit\u00e9 : Les coussins plus denses et durables ont un toucher moelleux et offrent un meilleur contour, permettant \u00e0 votre poids d'exercer juste assez de pression alors qu'ils se moulent pour soutenir la forme unique de votre corps.<\/span><\/li>\n<li class=\"a-spacing-mini\"><span class=\"a-list-item\">Accoudoirs 2D : Les accoudoirs du Razer Iskur X peuvent \u00eatre r\u00e9gl\u00e9s en hauteur et tourn\u00e9s vers l'int\u00e9rieur ou l'ext\u00e9rieur, afin que vos bras soient toujours dans une position naturelle et d\u00e9tendue lorsque vous jouez.<\/span><\/li>\n<li class=\"a-spacing-mini\"><span class=\"a-list-item\">Corps renforc\u00e9 en acier : Gr\u00e2ce \u00e0 la combinaison de son ch\u00e2ssis, de ses accoudoirs et de son empattement, le Razer Iskur X est recommand\u00e9 pour une taille de 6\u2032 \u00e0 6'10\" et supporte un poids allant jusqu'\u00e0 400lbs.<\/span><\/li>\n<\/ul>\n<p>Remarque : il s'agit de la version standard de l'Iskur X, et non de la version XL.<\/p>\n<p><img fetchpriority=\"high\" decoding=\"async\" class=\"aligncenter size-full wp-image-30808\" src=\"https:\/\/shuji.ca\/wp-content\/uploads\/2024\/10\/iskurx-mobile-usp4.jpg\" alt=\"\" width=\"768\" height=\"500\" srcset=\"https:\/\/shuji.ca\/wp-content\/uploads\/2024\/10\/iskurx-mobile-usp4.jpg 768w, https:\/\/shuji.ca\/wp-content\/uploads\/2024\/10\/iskurx-mobile-usp4-300x195.jpg 300w, https:\/\/shuji.ca\/wp-content\/uploads\/2024\/10\/iskurx-mobile-usp4-18x12.jpg 18w, https:\/\/shuji.ca\/wp-content\/uploads\/2024\/10\/iskurx-mobile-usp4-600x391.jpg 600w\" sizes=\"(max-width: 768px) 100vw, 768px\" \/> <img decoding=\"async\" class=\"aligncenter size-full wp-image-30807\" src=\"https:\/\/shuji.ca\/wp-content\/uploads\/2024\/10\/iskurx-mobile-usp3.jpg\" alt=\"\" width=\"768\" height=\"500\" srcset=\"https:\/\/shuji.ca\/wp-content\/uploads\/2024\/10\/iskurx-mobile-usp3.jpg 768w, https:\/\/shuji.ca\/wp-content\/uploads\/2024\/10\/iskurx-mobile-usp3-300x195.jpg 300w, https:\/\/shuji.ca\/wp-content\/uploads\/2024\/10\/iskurx-mobile-usp3-18x12.jpg 18w, https:\/\/shuji.ca\/wp-content\/uploads\/2024\/10\/iskurx-mobile-usp3-600x391.jpg 600w\" sizes=\"(max-width: 768px) 100vw, 768px\" \/> <img decoding=\"async\" class=\"aligncenter size-full wp-image-30806\" src=\"https:\/\/shuji.ca\/wp-content\/uploads\/2024\/10\/iskurx-mobile-usp5.jpg\" alt=\"\" width=\"768\" height=\"500\" srcset=\"https:\/\/shuji.ca\/wp-content\/uploads\/2024\/10\/iskurx-mobile-usp5.jpg 768w, https:\/\/shuji.ca\/wp-content\/uploads\/2024\/10\/iskurx-mobile-usp5-300x195.jpg 300w, https:\/\/shuji.ca\/wp-content\/uploads\/2024\/10\/iskurx-mobile-usp5-18x12.jpg 18w, https:\/\/shuji.ca\/wp-content\/uploads\/2024\/10\/iskurx-mobile-usp5-600x391.jpg 600w\" sizes=\"(max-width: 768px) 100vw, 768px\" \/><\/p>","protected":false},"excerpt":{"rendered":"<p>Features: Guaranteed anthentic product Ergonomically Designed for Hardcore Gaming: From its unique contours and angled seat edges, to its fully adjustable recline, tilt, and height, the Razer Iskur X supports a healthy sitting posture so you can game for hours in comfort Multi-Layered Synthetic Leather: The chair comes wrapped in a material that\u2019s tougher and [&hellip;]<\/p>","protected":false},"featured_media":31151,"comment_status":"open","ping_status":"closed","template":"","meta":[],"product_brand":[],"product_cat":[1254,1199],"product_tag":[],"class_list":{"0":"post-30802","1":"product","2":"type-product","3":"status-publish","4":"has-post-thumbnail","6":"product_cat-desk-chairs","7":"product_cat-home-living","8":"product_shipping_class-havestock","10":"first","11":"instock","12":"sale","13":"taxable","14":"shipping-taxable","15":"purchasable","16":"product-type-simple"},"_links":{"self":[{"href":"https:\/\/shuji.ca\/fr\/wp-json\/wp\/v2\/product\/30802","targetHints":{"allow":["GET"]}}],"collection":[{"href":"https:\/\/shuji.ca\/fr\/wp-json\/wp\/v2\/product"}],"about":[{"href":"https:\/\/shuji.ca\/fr\/wp-json\/wp\/v2\/types\/product"}],"replies":[{"embeddable":true,"href":"https:\/\/shuji.ca\/fr\/wp-json\/wp\/v2\/comments?post=30802"}],"wp:featuredmedia":[{"embeddable":true,"href":"https:\/\/shuji.ca\/fr\/wp-json\/wp\/v2\/media\/31151"}],"wp:attachment":[{"href":"https:\/\/shuji.ca\/fr\/wp-json\/wp\/v2\/media?parent=30802"}],"wp:term":[{"taxonomy":"product_brand","embeddable":true,"href":"https:\/\/shuji.ca\/fr\/wp-json\/wp\/v2\/product_brand?post=30802"},{"taxonomy":"product_cat","embeddable":true,"href":"https:\/\/shuji.ca\/fr\/wp-json\/wp\/v2\/product_cat?post=30802"},{"taxonomy":"product_tag","embeddable":true,"href":"https:\/\/shuji.ca\/fr\/wp-json\/wp\/v2\/product_tag?post=30802"}],"curies":[{"name":"wp","href":"https:\/\/api.w.org\/{rel}","templated":true}]}}