{"id":30797,"date":"2024-10-17T22:30:33","date_gmt":"2024-10-18T02:30:33","guid":{"rendered":"https:\/\/shuji.ca\/?post_type=product&#038;p=30797"},"modified":"2024-11-03T13:46:46","modified_gmt":"2024-11-03T17:46:46","slug":"razer-goliathus-v3-medium-gaming-mouse-pad-soft-high-density-rubber-foam-gaming-mouse-mat-anti-slip-mouse-mats-medium-360-x275x3mm","status":"publish","type":"product","link":"https:\/\/shuji.ca\/fr\/shop\/electronics\/computers-peripherals\/razer-goliathus-v3-medium-gaming-mouse-pad-soft-high-density-rubber-foam-gaming-mouse-mat-anti-slip-mouse-mats-medium-360-x275x3mm\/","title":{"rendered":"Razer Goliathus V3 Medium Gaming Mouse Pad Tapis de souris de jeu souple en mousse de caoutchouc haute densit\u00e9 Tapis de souris antid\u00e9rapant - Medium 360 x275x3mm"},"content":{"rendered":"<p><strong>Caract\u00e9ristiques :<\/strong><\/p>\n<ul>\n<li>Mat\u00e9riau de haute qualit\u00e9 : La surface est fabriqu\u00e9e en fibre de polyester de haute qualit\u00e9, ce qui lui conf\u00e8re une grande r\u00e9sistance aux chocs et aux d\u00e9chirures. \u00c9cologique, non toxique et inoffensif, s\u00fbr et durable. Produit authentique garanti.<\/li>\n<li>Surface en tissu textur\u00e9 Mesh : Optimis\u00e9 pour tous les capteurs de la souris pour une pr\u00e9cision au pixel pr\u00e8s et une r\u00e9activit\u00e9 totale du suivi. La densit\u00e9 \u00e9lev\u00e9e de la cha\u00eene et de la trame de la surface du tissu permet \u00e0 votre souris de glisser facilement sur le tapis de souris, ce qui vous permet de profiter de mouvements rapides et fluides.<\/li>\n<li>Mousse de caoutchouc haute densit\u00e9 \u00e9paissie : Avec une \u00e9paisseur de 3 mm (M&amp;L) et de 4 mm (XXL&amp;3XL), le tapis de souris reste uniform\u00e9ment plat, m\u00eame sur des surfaces qui ne le sont pas. Il pr\u00e9sente une forte friction \u00e0 la base, ce qui permet de le maintenir fermement m\u00eame en cours de jeu. Il assure un mouvement r\u00e9gulier de la souris et son \u00e9paisseur permet de prot\u00e9ger votre poignet pendant que vous jouez.<\/li>\n<li>Base antid\u00e9rapante : M\u00eame si vous jouez \u00e0 des jeux o\u00f9 les mouvements de bras sont intenses, ce tapis de souris stable et antid\u00e9rapant vous permet de r\u00e9aliser des coups gagnants, ce qui est important pour les jeux comp\u00e9titifs.<\/li>\n<\/ul>\n<p>Taille : Moyen 360 x275x3mm<\/p>\n<p><img fetchpriority=\"high\" decoding=\"async\" class=\"aligncenter wp-image-30801\" src=\"https:\/\/shuji.ca\/wp-content\/uploads\/2024\/10\/Image_20241017192703.png\" alt=\"\" width=\"755\" height=\"1051\" srcset=\"https:\/\/shuji.ca\/wp-content\/uploads\/2024\/10\/Image_20241017192703.png 914w, https:\/\/shuji.ca\/wp-content\/uploads\/2024\/10\/Image_20241017192703-216x300.png 216w, https:\/\/shuji.ca\/wp-content\/uploads\/2024\/10\/Image_20241017192703-736x1024.png 736w, https:\/\/shuji.ca\/wp-content\/uploads\/2024\/10\/Image_20241017192703-768x1069.png 768w, https:\/\/shuji.ca\/wp-content\/uploads\/2024\/10\/Image_20241017192703-9x12.png 9w, https:\/\/shuji.ca\/wp-content\/uploads\/2024\/10\/Image_20241017192703-600x835.png 600w\" sizes=\"(max-width: 755px) 100vw, 755px\" \/><\/p>","protected":false},"excerpt":{"rendered":"<p>Features: High-quality Material: The surface is made of high quality polyester fiber, which is strong impact resistance and tear resistance. Eco-friendly, non-toxic and harmless, safe and durable to use. Guaranteed authentic product. Mesh Textured Fabric Surface: Optimized across all mouse sensors for pixel-precise accuracy and total tracking responsiveness. The high warp and weft density of [&hellip;]<\/p>","protected":false},"featured_media":30800,"comment_status":"open","ping_status":"closed","template":"","meta":[],"product_brand":[],"product_cat":[1239,1198],"product_tag":[],"class_list":{"0":"post-30797","1":"product","2":"type-product","3":"status-publish","4":"has-post-thumbnail","6":"product_cat-computers-peripherals","7":"product_cat-electronics","8":"product_shipping_class-havestock","10":"first","11":"instock","12":"sale","13":"taxable","14":"shipping-taxable","15":"purchasable","16":"product-type-simple"},"_links":{"self":[{"href":"https:\/\/shuji.ca\/fr\/wp-json\/wp\/v2\/product\/30797","targetHints":{"allow":["GET"]}}],"collection":[{"href":"https:\/\/shuji.ca\/fr\/wp-json\/wp\/v2\/product"}],"about":[{"href":"https:\/\/shuji.ca\/fr\/wp-json\/wp\/v2\/types\/product"}],"replies":[{"embeddable":true,"href":"https:\/\/shuji.ca\/fr\/wp-json\/wp\/v2\/comments?post=30797"}],"wp:featuredmedia":[{"embeddable":true,"href":"https:\/\/shuji.ca\/fr\/wp-json\/wp\/v2\/media\/30800"}],"wp:attachment":[{"href":"https:\/\/shuji.ca\/fr\/wp-json\/wp\/v2\/media?parent=30797"}],"wp:term":[{"taxonomy":"product_brand","embeddable":true,"href":"https:\/\/shuji.ca\/fr\/wp-json\/wp\/v2\/product_brand?post=30797"},{"taxonomy":"product_cat","embeddable":true,"href":"https:\/\/shuji.ca\/fr\/wp-json\/wp\/v2\/product_cat?post=30797"},{"taxonomy":"product_tag","embeddable":true,"href":"https:\/\/shuji.ca\/fr\/wp-json\/wp\/v2\/product_tag?post=30797"}],"curies":[{"name":"wp","href":"https:\/\/api.w.org\/{rel}","templated":true}]}}