{"id":30790,"date":"2024-10-17T22:22:52","date_gmt":"2024-10-18T02:22:52","guid":{"rendered":"https:\/\/shuji.ca\/?post_type=product&#038;p=30790"},"modified":"2025-01-08T02:59:37","modified_gmt":"2025-01-08T06:59:37","slug":"razer-kraken-essential-x-gaming-headset-7-1-surround-sound-headphone-replacement-for-pc-xbox-one-ps4-mobile-device","status":"publish","type":"product","link":"https:\/\/shuji.ca\/fr\/shop\/electronics\/computers-peripherals\/razer-kraken-essential-x-gaming-headset-7-1-surround-sound-headphone-replacement-for-pc-xbox-one-ps4-mobile-device\/","title":{"rendered":"Razer Kraken Essential X Gaming Headset 7.1 Surround Sound Headphone Replacement for PC, Xbox One, PS4, Mobile Device - Brand New"},"content":{"rendered":"<p><strong>Caract\u00e9ristiques :<\/strong><\/p>\n<ul class=\"a-unordered-list a-vertical a-spacing-mini\">\n<li class=\"a-spacing-mini\"><span class=\"a-list-item\">Son surround 7.1 immersif pour l'audio positionnel : \u00e9quip\u00e9 de haut-parleurs de 40 mm r\u00e9gl\u00e9s sur mesure, capable d'un son surround activ\u00e9 par logiciel lorsqu'il est utilis\u00e9 pour les jeux sur PC uniquement (code de t\u00e9l\u00e9chargement \u00e0 l'int\u00e9rieur de la bo\u00eete).<\/span><\/li>\n<li class=\"a-spacing-mini\"><span class=\"a-list-item\">Con\u00e7u pour un confort tout au long de la journ\u00e9e : le casque kraken le plus l\u00e9ger de tous les temps avec 250 grammes, soit environ 40% de moins que la concurrence sensibilit\u00e9 de 109 db (1 khz)<\/span><\/li>\n<li class=\"a-spacing-mini\"><span class=\"a-list-item\">Microphone antibruit pliable : un micro cardio\u00efde r\u00e9duit les bruits de fond et les bruits ambiants pour une communication cristalline Type de connexion : usb type a<\/span><\/li>\n<li class=\"a-spacing-mini\"><span class=\"a-list-item\">Commandes audio dans l'oreillette : comprend une molette de r\u00e9glage du volume analogique et un interrupteur de coupure du micro sur l'oreillette pour des r\u00e9glages rapides et pratiques.<\/span><\/li>\n<li class=\"a-spacing-mini\"><span class=\"a-list-item\">Construction durable : le cadre kraken x est flexible et con\u00e7u pour durer, capable de r\u00e9sister \u00e0 une utilisation quotidienne sans entretien.<\/span><\/li>\n<li>Produit anthentique garanti, couvert par la garantie nationale de Shuji<\/li>\n<\/ul>\n<p><img fetchpriority=\"high\" decoding=\"async\" class=\"aligncenter size-full wp-image-30796\" src=\"https:\/\/shuji.ca\/wp-content\/uploads\/2024\/10\/Image_20241017191707.png\" alt=\"\" width=\"732\" height=\"732\" srcset=\"https:\/\/shuji.ca\/wp-content\/uploads\/2024\/10\/Image_20241017191707.png 732w, https:\/\/shuji.ca\/wp-content\/uploads\/2024\/10\/Image_20241017191707-300x300.png 300w, https:\/\/shuji.ca\/wp-content\/uploads\/2024\/10\/Image_20241017191707-150x150.png 150w, https:\/\/shuji.ca\/wp-content\/uploads\/2024\/10\/Image_20241017191707-12x12.png 12w, https:\/\/shuji.ca\/wp-content\/uploads\/2024\/10\/Image_20241017191707-600x600.png 600w, https:\/\/shuji.ca\/wp-content\/uploads\/2024\/10\/Image_20241017191707-100x100.png 100w\" sizes=\"(max-width: 732px) 100vw, 732px\" \/> <img decoding=\"async\" class=\"aligncenter size-full wp-image-30794\" src=\"https:\/\/shuji.ca\/wp-content\/uploads\/2024\/10\/Image_20241017191535.png\" alt=\"\" width=\"732\" height=\"732\" srcset=\"https:\/\/shuji.ca\/wp-content\/uploads\/2024\/10\/Image_20241017191535.png 732w, https:\/\/shuji.ca\/wp-content\/uploads\/2024\/10\/Image_20241017191535-300x300.png 300w, https:\/\/shuji.ca\/wp-content\/uploads\/2024\/10\/Image_20241017191535-150x150.png 150w, https:\/\/shuji.ca\/wp-content\/uploads\/2024\/10\/Image_20241017191535-12x12.png 12w, https:\/\/shuji.ca\/wp-content\/uploads\/2024\/10\/Image_20241017191535-600x600.png 600w, https:\/\/shuji.ca\/wp-content\/uploads\/2024\/10\/Image_20241017191535-100x100.png 100w\" sizes=\"(max-width: 732px) 100vw, 732px\" \/> <img decoding=\"async\" class=\"aligncenter size-full wp-image-30793\" src=\"https:\/\/shuji.ca\/wp-content\/uploads\/2024\/10\/Image_20241017191608.png\" alt=\"\" width=\"763\" height=\"762\" srcset=\"https:\/\/shuji.ca\/wp-content\/uploads\/2024\/10\/Image_20241017191608.png 763w, https:\/\/shuji.ca\/wp-content\/uploads\/2024\/10\/Image_20241017191608-300x300.png 300w, https:\/\/shuji.ca\/wp-content\/uploads\/2024\/10\/Image_20241017191608-150x150.png 150w, https:\/\/shuji.ca\/wp-content\/uploads\/2024\/10\/Image_20241017191608-12x12.png 12w, https:\/\/shuji.ca\/wp-content\/uploads\/2024\/10\/Image_20241017191608-600x599.png 600w, https:\/\/shuji.ca\/wp-content\/uploads\/2024\/10\/Image_20241017191608-100x100.png 100w\" sizes=\"(max-width: 763px) 100vw, 763px\" \/> <img loading=\"lazy\" decoding=\"async\" class=\"aligncenter size-full wp-image-30791\" src=\"https:\/\/shuji.ca\/wp-content\/uploads\/2024\/10\/Image_20241017191647.png\" alt=\"\" width=\"731\" height=\"732\" srcset=\"https:\/\/shuji.ca\/wp-content\/uploads\/2024\/10\/Image_20241017191647.png 731w, https:\/\/shuji.ca\/wp-content\/uploads\/2024\/10\/Image_20241017191647-300x300.png 300w, https:\/\/shuji.ca\/wp-content\/uploads\/2024\/10\/Image_20241017191647-150x150.png 150w, https:\/\/shuji.ca\/wp-content\/uploads\/2024\/10\/Image_20241017191647-12x12.png 12w, https:\/\/shuji.ca\/wp-content\/uploads\/2024\/10\/Image_20241017191647-600x601.png 600w, https:\/\/shuji.ca\/wp-content\/uploads\/2024\/10\/Image_20241017191647-100x100.png 100w\" sizes=\"(max-width: 731px) 100vw, 731px\" \/> <img loading=\"lazy\" decoding=\"async\" class=\"aligncenter size-full wp-image-30792\" src=\"https:\/\/shuji.ca\/wp-content\/uploads\/2024\/10\/Image_20241017191628.png\" alt=\"\" width=\"763\" height=\"762\" srcset=\"https:\/\/shuji.ca\/wp-content\/uploads\/2024\/10\/Image_20241017191628.png 763w, https:\/\/shuji.ca\/wp-content\/uploads\/2024\/10\/Image_20241017191628-300x300.png 300w, https:\/\/shuji.ca\/wp-content\/uploads\/2024\/10\/Image_20241017191628-150x150.png 150w, https:\/\/shuji.ca\/wp-content\/uploads\/2024\/10\/Image_20241017191628-12x12.png 12w, https:\/\/shuji.ca\/wp-content\/uploads\/2024\/10\/Image_20241017191628-600x599.png 600w, https:\/\/shuji.ca\/wp-content\/uploads\/2024\/10\/Image_20241017191628-100x100.png 100w\" sizes=\"(max-width: 763px) 100vw, 763px\" \/><\/p>","protected":false},"excerpt":{"rendered":"<p>Features: Immersive, 7.1 surround sound for positional audio: outfitted with custom-tuned 40 mm drivers, capable of software-enabled surround sound when used for pc gaming only (download code slip inside the box) Designed for all-day comfort: the lightest kraken headset ever at 250 grams, around 40% lighter than the competition sensitivity is 109 db (1 khz) [&hellip;]<\/p>","protected":false},"featured_media":30795,"comment_status":"open","ping_status":"closed","template":"","meta":[],"product_brand":[],"product_cat":[1239,1198],"product_tag":[],"class_list":{"0":"post-30790","1":"product","2":"type-product","3":"status-publish","4":"has-post-thumbnail","6":"product_cat-computers-peripherals","7":"product_cat-electronics","8":"product_shipping_class-havestock","10":"first","11":"instock","12":"sale","13":"taxable","14":"shipping-taxable","15":"purchasable","16":"product-type-simple"},"_links":{"self":[{"href":"https:\/\/shuji.ca\/fr\/wp-json\/wp\/v2\/product\/30790","targetHints":{"allow":["GET"]}}],"collection":[{"href":"https:\/\/shuji.ca\/fr\/wp-json\/wp\/v2\/product"}],"about":[{"href":"https:\/\/shuji.ca\/fr\/wp-json\/wp\/v2\/types\/product"}],"replies":[{"embeddable":true,"href":"https:\/\/shuji.ca\/fr\/wp-json\/wp\/v2\/comments?post=30790"}],"wp:featuredmedia":[{"embeddable":true,"href":"https:\/\/shuji.ca\/fr\/wp-json\/wp\/v2\/media\/30795"}],"wp:attachment":[{"href":"https:\/\/shuji.ca\/fr\/wp-json\/wp\/v2\/media?parent=30790"}],"wp:term":[{"taxonomy":"product_brand","embeddable":true,"href":"https:\/\/shuji.ca\/fr\/wp-json\/wp\/v2\/product_brand?post=30790"},{"taxonomy":"product_cat","embeddable":true,"href":"https:\/\/shuji.ca\/fr\/wp-json\/wp\/v2\/product_cat?post=30790"},{"taxonomy":"product_tag","embeddable":true,"href":"https:\/\/shuji.ca\/fr\/wp-json\/wp\/v2\/product_tag?post=30790"}],"curies":[{"name":"wp","href":"https:\/\/api.w.org\/{rel}","templated":true}]}}