{"id":30754,"date":"2024-10-17T21:30:31","date_gmt":"2024-10-18T01:30:31","guid":{"rendered":"https:\/\/shuji.ca\/?post_type=product&#038;p=30754"},"modified":"2024-11-05T14:18:06","modified_gmt":"2024-11-05T18:18:06","slug":"electric-adjustable-standing-computer-desk-for-home-and-office-real-wood-walnut-with-single-motor","status":"publish","type":"product","link":"https:\/\/shuji.ca\/fr\/shop\/home-living\/desk-chairs\/electric-adjustable-standing-computer-desk-for-home-and-office-real-wood-walnut-with-single-motor\/","title":{"rendered":"Bureau d'ordinateur debout r\u00e9glable \u00e9lectriquement pour la maison et le bureau - Bois v\u00e9ritable noyer avec moteur unique"},"content":{"rendered":"<p><strong>Caract\u00e9ristiques :<\/strong><\/p>\n<ul>\n<li>Hauteur comprise entre 70 et 120 cm, convenant aux adultes et aux enfants.<\/li>\n<li>Plateau en bois v\u00e9ritable de 25 mm d'\u00e9paisseur pour une surface de travail robuste et durable.<\/li>\n<li>Le syst\u00e8me \u00e0 moteur unique assure un r\u00e9glage en douceur de la hauteur et permet d'enregistrer les pr\u00e9r\u00e9glages de hauteur.<\/li>\n<li>Supporte jusqu'\u00e0 100 kg, id\u00e9al pour supporter deux moniteurs, des ordinateurs portables et d'autres \u00e9quipements de bureau.<\/li>\n<li>La conception ergonomique favorise une meilleure posture et r\u00e9duit les tensions dorsales.<\/li>\n<li>Assemblage simple et commandes conviviales pour une utilisation et un r\u00e9glage ais\u00e9s.<\/li>\n<\/ul>\n<p><img fetchpriority=\"high\" decoding=\"async\" class=\"aligncenter wp-image-30760\" src=\"https:\/\/shuji.ca\/wp-content\/uploads\/2024\/10\/Image_20241017181834.png\" alt=\"\" width=\"1005\" height=\"916\" srcset=\"https:\/\/shuji.ca\/wp-content\/uploads\/2024\/10\/Image_20241017181834.png 1104w, https:\/\/shuji.ca\/wp-content\/uploads\/2024\/10\/Image_20241017181834-300x273.png 300w, https:\/\/shuji.ca\/wp-content\/uploads\/2024\/10\/Image_20241017181834-1024x933.png 1024w, https:\/\/shuji.ca\/wp-content\/uploads\/2024\/10\/Image_20241017181834-768x700.png 768w, https:\/\/shuji.ca\/wp-content\/uploads\/2024\/10\/Image_20241017181834-13x12.png 13w, https:\/\/shuji.ca\/wp-content\/uploads\/2024\/10\/Image_20241017181834-600x547.png 600w\" sizes=\"(max-width: 1005px) 100vw, 1005px\" \/> <img decoding=\"async\" class=\"aligncenter size-full wp-image-30755\" src=\"https:\/\/shuji.ca\/wp-content\/uploads\/2024\/10\/Image_20241017180852.png\" alt=\"\" width=\"1005\" height=\"957\" srcset=\"https:\/\/shuji.ca\/wp-content\/uploads\/2024\/10\/Image_20241017180852.png 1005w, https:\/\/shuji.ca\/wp-content\/uploads\/2024\/10\/Image_20241017180852-300x286.png 300w, https:\/\/shuji.ca\/wp-content\/uploads\/2024\/10\/Image_20241017180852-768x731.png 768w, https:\/\/shuji.ca\/wp-content\/uploads\/2024\/10\/Image_20241017180852-13x12.png 13w, https:\/\/shuji.ca\/wp-content\/uploads\/2024\/10\/Image_20241017180852-600x571.png 600w\" sizes=\"(max-width: 1005px) 100vw, 1005px\" \/> <img decoding=\"async\" class=\"aligncenter wp-image-30758\" src=\"https:\/\/shuji.ca\/wp-content\/uploads\/2024\/10\/Image_20241017180936.png\" alt=\"\" width=\"1005\" height=\"849\" srcset=\"https:\/\/shuji.ca\/wp-content\/uploads\/2024\/10\/Image_20241017180936.png 1029w, https:\/\/shuji.ca\/wp-content\/uploads\/2024\/10\/Image_20241017180936-300x253.png 300w, https:\/\/shuji.ca\/wp-content\/uploads\/2024\/10\/Image_20241017180936-1024x865.png 1024w, https:\/\/shuji.ca\/wp-content\/uploads\/2024\/10\/Image_20241017180936-768x649.png 768w, https:\/\/shuji.ca\/wp-content\/uploads\/2024\/10\/Image_20241017180936-14x12.png 14w, https:\/\/shuji.ca\/wp-content\/uploads\/2024\/10\/Image_20241017180936-600x507.png 600w\" sizes=\"(max-width: 1005px) 100vw, 1005px\" \/><\/p>","protected":false},"excerpt":{"rendered":"<p>Features: Height range from 70cm to 120cm, suitable for both adults and children. 25mm thick real wood tabletop for a sturdy and durable work surface. Single motor system ensures smooth height adjustment and can save height presets. Supports up to 100kg, ideal for holding dual monitors, laptops, and other office equipment. Ergonomic design promotes better [&hellip;]<\/p>","protected":false},"featured_media":30760,"comment_status":"open","ping_status":"closed","template":"","meta":[],"product_brand":[],"product_cat":[1254,1199],"product_tag":[],"class_list":{"0":"post-30754","1":"product","2":"type-product","3":"status-publish","4":"has-post-thumbnail","6":"product_cat-desk-chairs","7":"product_cat-home-living","8":"product_shipping_class-havestock","10":"first","11":"instock","12":"taxable","13":"shipping-taxable","14":"purchasable","15":"product-type-simple"},"_links":{"self":[{"href":"https:\/\/shuji.ca\/fr\/wp-json\/wp\/v2\/product\/30754","targetHints":{"allow":["GET"]}}],"collection":[{"href":"https:\/\/shuji.ca\/fr\/wp-json\/wp\/v2\/product"}],"about":[{"href":"https:\/\/shuji.ca\/fr\/wp-json\/wp\/v2\/types\/product"}],"replies":[{"embeddable":true,"href":"https:\/\/shuji.ca\/fr\/wp-json\/wp\/v2\/comments?post=30754"}],"wp:featuredmedia":[{"embeddable":true,"href":"https:\/\/shuji.ca\/fr\/wp-json\/wp\/v2\/media\/30760"}],"wp:attachment":[{"href":"https:\/\/shuji.ca\/fr\/wp-json\/wp\/v2\/media?parent=30754"}],"wp:term":[{"taxonomy":"product_brand","embeddable":true,"href":"https:\/\/shuji.ca\/fr\/wp-json\/wp\/v2\/product_brand?post=30754"},{"taxonomy":"product_cat","embeddable":true,"href":"https:\/\/shuji.ca\/fr\/wp-json\/wp\/v2\/product_cat?post=30754"},{"taxonomy":"product_tag","embeddable":true,"href":"https:\/\/shuji.ca\/fr\/wp-json\/wp\/v2\/product_tag?post=30754"}],"curies":[{"name":"wp","href":"https:\/\/api.w.org\/{rel}","templated":true}]}}