{"id":29907,"date":"2024-08-12T19:52:46","date_gmt":"2024-08-12T23:52:46","guid":{"rendered":"https:\/\/shuji.ca\/?post_type=product&#038;p=29907"},"modified":"2024-09-02T21:17:08","modified_gmt":"2024-09-03T01:17:08","slug":"cutehome-dreamland-trilogy-tinplate-box-theatre-sakura-blossoms-lucky-market-box-theatre-with-led-lights-and-detailed-accessories","status":"publish","type":"product","link":"https:\/\/shuji.ca\/fr\/shop\/toys-games\/collectibles\/cutehome-dreamland-trilogy-tinplate-box-theatre-sakura-blossoms-lucky-market-box-theatre-with-led-lights-and-detailed-accessories\/","title":{"rendered":"CuteRoom Dreamland Trilogy Tinplate Box Theatre - Sakura Blossoms &amp; Lucky Market Box Theatre avec lumi\u00e8res LED et accessoires d\u00e9taill\u00e9s"},"content":{"rendered":"<p><strong>Caract\u00e9ristiques :<\/strong><\/p>\n<ul>\n<li>Mat\u00e9riaux de haute qualit\u00e9 : Fabriqu\u00e9 \u00e0 partir de bois, de tissu, de papier et de plastique durables pour une finition r\u00e9aliste et d\u00e9taill\u00e9e.<\/li>\n<li>Design compact : Bo\u00eete en fer blanc de petite taille (14,3 x 8,4 x 2,6 cm), parfaite pour \u00eatre expos\u00e9e sur un bureau, une \u00e9tag\u00e8re ou comme cadeau.<\/li>\n<li>\u00c9clairage LED : Chaque sc\u00e8ne comprend des lumi\u00e8res LED int\u00e9gr\u00e9es qui cr\u00e9ent une atmosph\u00e8re chaleureuse et invitante, aliment\u00e9es par les piles incluses.<\/li>\n<li>Trois sc\u00e8nes uniques : Trois th\u00e8mes distincts - Cherry Blossoms, Lucky Market et Candy Adventure - avec des d\u00e9tails et des accessoires complexes.<\/li>\n<li>Assemblage \u00e0 la main : N\u00e9cessite 6 \u00e0 12 heures d'assemblage gr\u00e2ce aux instructions d\u00e9taill\u00e9es en couleur incluses, pour une exp\u00e9rience de bricolage int\u00e9ressante et gratifiante.<\/li>\n<li>Emballage de l'\u00e9dition collector : Pr\u00e9sent\u00e9 dans un coffret haut de gamme au design nostalgique, il constitue un excellent cadeau pour les amateurs et les collectionneurs.<\/li>\n<\/ul>\n<p><img fetchpriority=\"high\" decoding=\"async\" class=\"aligncenter\" src=\"https:\/\/cbu01.alicdn.com\/img\/ibank\/O1CN01ZgRYa5288IU0zn8m6_!!970307887-0-cib.jpg\" alt=\"ind\u00e9fini\" width=\"958\" height=\"1273\" \/><img decoding=\"async\" class=\"aligncenter\" src=\"https:\/\/cbu01.alicdn.com\/img\/ibank\/O1CN01xu6xjo288IU0Nl6oC_!!970307887-0-cib.jpg\" alt=\"ind\u00e9fini\" width=\"958\" height=\"1455\" \/><img decoding=\"async\" class=\"aligncenter\" src=\"https:\/\/cbu01.alicdn.com\/img\/ibank\/O1CN01eH6GYx288IU79c1Ra_!!970307887-0-cib.jpg\" alt=\"ind\u00e9fini\" width=\"959\" height=\"1517\" \/><img loading=\"lazy\" decoding=\"async\" class=\"aligncenter\" src=\"https:\/\/cbu01.alicdn.com\/img\/ibank\/O1CN01YuYs8g288IU4fswkh_!!970307887-0-cib.jpg\" alt=\"ind\u00e9fini\" width=\"959\" height=\"1517\" \/><img loading=\"lazy\" decoding=\"async\" class=\"aligncenter\" src=\"https:\/\/cbu01.alicdn.com\/img\/ibank\/O1CN01x3SaQB288IU4zajBG_!!970307887-0-cib.jpg\" alt=\"ind\u00e9fini\" width=\"956\" height=\"1331\" \/><img loading=\"lazy\" decoding=\"async\" class=\"aligncenter\" src=\"https:\/\/cbu01.alicdn.com\/img\/ibank\/O1CN01vav83g288IU38KKCX_!!970307887-0-cib.jpg\" alt=\"ind\u00e9fini\" width=\"958\" height=\"1334\" \/><img loading=\"lazy\" decoding=\"async\" class=\"aligncenter\" src=\"https:\/\/cbu01.alicdn.com\/img\/ibank\/O1CN01nxBxr2288ITyq7nWO_!!970307887-0-cib.jpg\" alt=\"ind\u00e9fini\" width=\"955\" height=\"1330\" \/><img loading=\"lazy\" decoding=\"async\" class=\"aligncenter\" src=\"https:\/\/cbu01.alicdn.com\/img\/ibank\/O1CN01HS69gJ288ITu8Xuw9_!!970307887-0-cib.jpg\" alt=\"ind\u00e9fini\" width=\"951\" height=\"1409\" \/><img loading=\"lazy\" decoding=\"async\" class=\"aligncenter\" src=\"https:\/\/cbu01.alicdn.com\/img\/ibank\/O1CN01ICbTJh288IU4zh2XS_!!970307887-0-cib.jpg\" alt=\"ind\u00e9fini\" width=\"959\" height=\"2185\" \/><img loading=\"lazy\" decoding=\"async\" class=\"aligncenter\" src=\"https:\/\/cbu01.alicdn.com\/img\/ibank\/O1CN01d8xMnI288IU3Atda6_!!970307887-0-cib.jpg\" alt=\"ind\u00e9fini\" width=\"928\" height=\"1292\" \/><img loading=\"lazy\" decoding=\"async\" class=\"aligncenter\" src=\"https:\/\/cbu01.alicdn.com\/img\/ibank\/O1CN01pxYApn288IU8miMqd_!!970307887-0-cib.jpg\" alt=\"ind\u00e9fini\" width=\"935\" height=\"1266\" \/><img loading=\"lazy\" decoding=\"async\" class=\"aligncenter\" src=\"https:\/\/cbu01.alicdn.com\/img\/ibank\/O1CN01lF4B7w288IU68iv8X_!!970307887-0-cib.jpg\" alt=\"ind\u00e9fini\" width=\"937\" height=\"2319\" \/><\/p>","protected":false},"excerpt":{"rendered":"<p>Features: High-Quality Materials: Made from durable wood, fabric, paper, and plastic for a realistic and detailed finish. Compact Design: Small-sized tinplate box (14.3 x 8.4 x 2.6 cm) that is perfect for display on desks, shelves, or as a gift. LED Lighting: Each scene includes built-in LED lights that create a warm and inviting atmosphere, [&hellip;]<\/p>","protected":false},"featured_media":29908,"comment_status":"open","ping_status":"closed","template":"","meta":[],"product_brand":[],"product_cat":[1224,1230,1203],"product_tag":[],"class_list":{"0":"post-29907","1":"product","2":"type-product","3":"status-publish","4":"has-post-thumbnail","6":"product_cat-collectibles","7":"product_cat-miniature-homes","8":"product_cat-toys-games","9":"product-has-variation-images","11":"first","12":"instock","13":"taxable","14":"shipping-taxable","15":"purchasable","16":"product-type-variable"},"_links":{"self":[{"href":"https:\/\/shuji.ca\/fr\/wp-json\/wp\/v2\/product\/29907","targetHints":{"allow":["GET"]}}],"collection":[{"href":"https:\/\/shuji.ca\/fr\/wp-json\/wp\/v2\/product"}],"about":[{"href":"https:\/\/shuji.ca\/fr\/wp-json\/wp\/v2\/types\/product"}],"replies":[{"embeddable":true,"href":"https:\/\/shuji.ca\/fr\/wp-json\/wp\/v2\/comments?post=29907"}],"wp:featuredmedia":[{"embeddable":true,"href":"https:\/\/shuji.ca\/fr\/wp-json\/wp\/v2\/media\/29908"}],"wp:attachment":[{"href":"https:\/\/shuji.ca\/fr\/wp-json\/wp\/v2\/media?parent=29907"}],"wp:term":[{"taxonomy":"product_brand","embeddable":true,"href":"https:\/\/shuji.ca\/fr\/wp-json\/wp\/v2\/product_brand?post=29907"},{"taxonomy":"product_cat","embeddable":true,"href":"https:\/\/shuji.ca\/fr\/wp-json\/wp\/v2\/product_cat?post=29907"},{"taxonomy":"product_tag","embeddable":true,"href":"https:\/\/shuji.ca\/fr\/wp-json\/wp\/v2\/product_tag?post=29907"}],"curies":[{"name":"wp","href":"https:\/\/api.w.org\/{rel}","templated":true}]}}