{"id":29895,"date":"2024-08-12T19:21:30","date_gmt":"2024-08-12T23:21:30","guid":{"rendered":"https:\/\/shuji.ca\/?post_type=product&#038;p=29895"},"modified":"2024-09-02T21:17:14","modified_gmt":"2024-09-03T01:17:14","slug":"cutehome-handmade-vintage-bakery-miniature-house-sweet-berries-time-diy-kit-with-led-lighting-transparent-roof-and-complete-mini-furniture-set","status":"publish","type":"product","link":"https:\/\/shuji.ca\/fr\/shop\/toys-games\/collectibles\/cutehome-handmade-vintage-bakery-miniature-house-sweet-berries-time-diy-kit-with-led-lighting-transparent-roof-and-complete-mini-furniture-set\/","title":{"rendered":"CuteRoom Maison miniature de boulangerie vintage faite \u00e0 la main - Kit de bricolage Sweet Berries Time avec \u00e9clairage LED, toit transparent et mini mobilier complet"},"content":{"rendered":"<p><strong>Caract\u00e9ristiques :<\/strong><\/p>\n<ul>\n<li>Ensemble complet de boulangerie miniature : Comprend tous les mat\u00e9riaux n\u00e9cessaires \u00e0 la construction d'une boulangerie de style ancien, avec des meubles et des accessoires d\u00e9taill\u00e9s.<\/li>\n<li>Eclairage LED : Livr\u00e9e avec un jeu de lumi\u00e8res LED, elle renforce l'ambiance r\u00e9aliste de la maison miniature.<\/li>\n<li>Toit et fen\u00eatres transparents : Le toit transparent et les grandes fen\u00eatres permettent de voir les d\u00e9tails de l'int\u00e9rieur sans avoir \u00e0 ouvrir la maison.<\/li>\n<li>Mat\u00e9riaux de haute qualit\u00e9 : Fabriqu\u00e9 \u00e0 partir de bois, de tissu et de papier durables, il garantit un plaisir durable.<\/li>\n<li>Assemblage facile : Comprend des instructions claires en couleur, \u00e9tape par \u00e9tape, pour un assemblage facile et agr\u00e9able.<\/li>\n<\/ul>\n<p>Marque : CuteHome. Dimensions : 33,5*19*23,5 cm : 33.5*19*23.5 cm<\/p>\n<p><img decoding=\"async\" class=\"aligncenter\" src=\"https:\/\/cbu01.alicdn.com\/img\/ibank\/O1CN01LHc85J288IkYe85dJ_!!970307887-0-cib.jpg?__r__=1723097221550\" alt=\"ind\u00e9fini\" \/><img decoding=\"async\" class=\"aligncenter\" src=\"https:\/\/cbu01.alicdn.com\/img\/ibank\/O1CN01S9PMTj288IkYe9Z4H_!!970307887-0-cib.jpg?__r__=1723097221550\" alt=\"ind\u00e9fini\" \/><img decoding=\"async\" class=\"aligncenter\" src=\"https:\/\/cbu01.alicdn.com\/img\/ibank\/O1CN01DWABiK288IkUNLHWq_!!970307887-0-cib.jpg?__r__=1723097221550\" alt=\"ind\u00e9fini\" \/><img decoding=\"async\" class=\"aligncenter\" src=\"https:\/\/cbu01.alicdn.com\/img\/ibank\/O1CN01BoGlUs288IkPrdObk_!!970307887-0-cib.jpg?__r__=1723097236976\" alt=\"ind\u00e9fini\" \/><img decoding=\"async\" class=\"aligncenter\" src=\"https:\/\/cbu01.alicdn.com\/img\/ibank\/O1CN01WZ3CY9288IkVUT9Ke_!!970307887-0-cib.jpg?__r__=1723097236976\" alt=\"ind\u00e9fini\" \/><img decoding=\"async\" class=\"aligncenter\" src=\"https:\/\/cbu01.alicdn.com\/img\/ibank\/O1CN01yhm2jD288IkZiv9Nq_!!970307887-0-cib.jpg?__r__=1723097255638\" alt=\"ind\u00e9fini\" \/><img decoding=\"async\" class=\"aligncenter\" src=\"https:\/\/cbu01.alicdn.com\/img\/ibank\/O1CN01VuWBwE288IkWsGgKD_!!970307887-0-cib.jpg?__r__=1723097255638\" alt=\"ind\u00e9fini\" \/><img decoding=\"async\" class=\"aligncenter\" src=\"https:\/\/cbu01.alicdn.com\/img\/ibank\/O1CN01JABtxI288IkXXvHfC_!!970307887-0-cib.jpg?__r__=1723097255638\" alt=\"ind\u00e9fini\" \/><\/p>","protected":false},"excerpt":{"rendered":"<p>Features: Complete Miniature Bakery Set: Includes all materials to build a vintage-style bakery with detailed furniture and accessories. LED Lighting: Comes with a LED light set, enhancing the realistic ambiance of the miniature house. Transparent Roof &amp; Windows: Features a clear roof and large windows to view interior details easily without opening the house. High-Quality [&hellip;]<\/p>","protected":false},"featured_media":29897,"comment_status":"open","ping_status":"closed","template":"","meta":[],"product_brand":[],"product_cat":[1224,1230,1203],"product_tag":[],"class_list":{"0":"post-29895","1":"product","2":"type-product","3":"status-publish","4":"has-post-thumbnail","6":"product_cat-collectibles","7":"product_cat-miniature-homes","8":"product_cat-toys-games","10":"first","11":"instock","12":"taxable","13":"shipping-taxable","14":"purchasable","15":"product-type-simple"},"_links":{"self":[{"href":"https:\/\/shuji.ca\/fr\/wp-json\/wp\/v2\/product\/29895","targetHints":{"allow":["GET"]}}],"collection":[{"href":"https:\/\/shuji.ca\/fr\/wp-json\/wp\/v2\/product"}],"about":[{"href":"https:\/\/shuji.ca\/fr\/wp-json\/wp\/v2\/types\/product"}],"replies":[{"embeddable":true,"href":"https:\/\/shuji.ca\/fr\/wp-json\/wp\/v2\/comments?post=29895"}],"wp:featuredmedia":[{"embeddable":true,"href":"https:\/\/shuji.ca\/fr\/wp-json\/wp\/v2\/media\/29897"}],"wp:attachment":[{"href":"https:\/\/shuji.ca\/fr\/wp-json\/wp\/v2\/media?parent=29895"}],"wp:term":[{"taxonomy":"product_brand","embeddable":true,"href":"https:\/\/shuji.ca\/fr\/wp-json\/wp\/v2\/product_brand?post=29895"},{"taxonomy":"product_cat","embeddable":true,"href":"https:\/\/shuji.ca\/fr\/wp-json\/wp\/v2\/product_cat?post=29895"},{"taxonomy":"product_tag","embeddable":true,"href":"https:\/\/shuji.ca\/fr\/wp-json\/wp\/v2\/product_tag?post=29895"}],"curies":[{"name":"wp","href":"https:\/\/api.w.org\/{rel}","templated":true}]}}