{"id":29889,"date":"2024-08-12T19:07:34","date_gmt":"2024-08-12T23:07:34","guid":{"rendered":"https:\/\/shuji.ca\/?post_type=product&#038;p=29889"},"modified":"2024-09-02T21:17:21","modified_gmt":"2024-09-03T01:17:21","slug":"cutehome-handmade-diy-miniature-duplex-loft-dollhouse-with-led-lights-and-furniture-24-5-x-20-5-x-15-cm","status":"publish","type":"product","link":"https:\/\/shuji.ca\/fr\/shop\/toys-games\/collectibles\/cutehome-handmade-diy-miniature-duplex-loft-dollhouse-with-led-lights-and-furniture-24-5-x-20-5-x-15-cm\/","title":{"rendered":"CuteRoom Maison de poup\u00e9e miniature avec lumi\u00e8re LED et meubles - 24.5 x 20.5 x 15 cm"},"content":{"rendered":"<h6>Caract\u00e9ristiques :<\/h6>\n<ul>\n<li>Assemblage \u00e0 la main : Profitez d'une exp\u00e9rience pratique avec des composants d\u00e9taill\u00e9s pour cr\u00e9er un loft miniature unique.<\/li>\n<li>\u00c9clairage LED : Comprend des lumi\u00e8res LED aliment\u00e9es par un bo\u00eetier de piles avec un interrupteur marche\/arr\u00eat pour \u00e9clairer les pi\u00e8ces miniatures.<\/li>\n<li>Meubles miniatures r\u00e9alistes : Comprend divers meubles miniatures, notamment un canap\u00e9, un lit, des ustensiles de cuisine, etc.<\/li>\n<li>Mat\u00e9riaux s\u00fbrs et durables : Fabriqu\u00e9 \u00e0 partir de bois, de tissu et de papier de haute qualit\u00e9, il garantit la s\u00e9curit\u00e9 et la durabilit\u00e9.<\/li>\n<li>Guide d'assemblage d\u00e9taill\u00e9 : Un tutoriel color\u00e9 \u00e9tape par \u00e9tape est fourni pour un assemblage facile et agr\u00e9able.<\/li>\n<\/ul>\n<p>Marque : CuteHome. Remarque : L'ensemble est livr\u00e9 avec un paquet de mat\u00e9riel et une housse de protection.<\/p>\n<p><img decoding=\"async\" class=\"aligncenter\" src=\"https:\/\/cbu01.alicdn.com\/img\/ibank\/2020\/765\/472\/23208274567_621043134.jpg\" alt=\"ind\u00e9fini\" \/><img decoding=\"async\" class=\"aligncenter\" src=\"https:\/\/cbu01.alicdn.com\/img\/ibank\/2020\/885\/857\/23304758588_621043134.jpg\" alt=\"ind\u00e9fini\" \/><img decoding=\"async\" class=\"aligncenter\" src=\"https:\/\/cbu01.alicdn.com\/img\/ibank\/2020\/823\/872\/23122278328_621043134.jpg\" alt=\"ind\u00e9fini\" \/><img decoding=\"async\" class=\"aligncenter\" src=\"https:\/\/cbu01.alicdn.com\/img\/ibank\/2020\/952\/047\/23304740259_621043134.jpg\" alt=\"ind\u00e9fini\" \/><img decoding=\"async\" class=\"aligncenter\" src=\"https:\/\/cbu01.alicdn.com\/img\/ibank\/2020\/239\/896\/23304698932_621043134.jpg\" alt=\"ind\u00e9fini\" \/><img decoding=\"async\" class=\"aligncenter\" src=\"https:\/\/cbu01.alicdn.com\/img\/ibank\/2020\/349\/707\/23304707943_621043134.jpg\" alt=\"ind\u00e9fini\" \/><\/p>","protected":false},"excerpt":{"rendered":"<p>Features: Handmade Assembling: Enjoy a hands-on experience with detailed components for a unique miniature loft setup. LED Lighting: Includes LED lights powered by a battery box with an on\/off switch to illuminate the miniature rooms. Realistic Miniature Furniture: Comes with various pieces of miniature furniture including a sofa, bed, kitchenware, and more. Safe and Durable [&hellip;]<\/p>","protected":false},"featured_media":29891,"comment_status":"open","ping_status":"closed","template":"","meta":[],"product_brand":[],"product_cat":[1224,1230,1203],"product_tag":[],"class_list":{"0":"post-29889","1":"product","2":"type-product","3":"status-publish","4":"has-post-thumbnail","6":"product_cat-collectibles","7":"product_cat-miniature-homes","8":"product_cat-toys-games","10":"first","11":"instock","12":"taxable","13":"shipping-taxable","14":"purchasable","15":"product-type-simple"},"_links":{"self":[{"href":"https:\/\/shuji.ca\/fr\/wp-json\/wp\/v2\/product\/29889","targetHints":{"allow":["GET"]}}],"collection":[{"href":"https:\/\/shuji.ca\/fr\/wp-json\/wp\/v2\/product"}],"about":[{"href":"https:\/\/shuji.ca\/fr\/wp-json\/wp\/v2\/types\/product"}],"replies":[{"embeddable":true,"href":"https:\/\/shuji.ca\/fr\/wp-json\/wp\/v2\/comments?post=29889"}],"wp:featuredmedia":[{"embeddable":true,"href":"https:\/\/shuji.ca\/fr\/wp-json\/wp\/v2\/media\/29891"}],"wp:attachment":[{"href":"https:\/\/shuji.ca\/fr\/wp-json\/wp\/v2\/media?parent=29889"}],"wp:term":[{"taxonomy":"product_brand","embeddable":true,"href":"https:\/\/shuji.ca\/fr\/wp-json\/wp\/v2\/product_brand?post=29889"},{"taxonomy":"product_cat","embeddable":true,"href":"https:\/\/shuji.ca\/fr\/wp-json\/wp\/v2\/product_cat?post=29889"},{"taxonomy":"product_tag","embeddable":true,"href":"https:\/\/shuji.ca\/fr\/wp-json\/wp\/v2\/product_tag?post=29889"}],"curies":[{"name":"wp","href":"https:\/\/api.w.org\/{rel}","templated":true}]}}