{"id":29721,"date":"2024-08-10T19:09:33","date_gmt":"2024-08-10T23:09:33","guid":{"rendered":"https:\/\/shuji.ca\/?post_type=product&#038;p=29721"},"modified":"2024-08-17T06:21:03","modified_gmt":"2024-08-17T10:21:03","slug":"officially-licensed-sanrio-kuromi-plush-keychains-hanakotoba-spirit-series-kuromi-14cm","status":"publish","type":"product","link":"https:\/\/shuji.ca\/fr\/shop\/toys-games\/soft-toy\/sanrio-toys\/officially-licensed-sanrio-kuromi-plush-keychains-hanakotoba-spirit-series-kuromi-14cm\/","title":{"rendered":"Porte-cl\u00e9s peluche Sanrio Kuromi sous licence officielle - Hanakotoba Spirit Series Kuromi (14cm)"},"content":{"rendered":"<h6>Caract\u00e9ristiques :<\/h6>\n<ul>\n<li>Sous licence officielle : Sanrio Kuromi &amp; Cinnamoroll Hanakotoba Spirit Series plushies porte-cl\u00e9s et d\u00e9coration de sac.<\/li>\n<li>Taille de l'\u00e9treinte : La taille de ce Kuromi est d'environ 14-15cm. Id\u00e9al pour d\u00e9corer les sacs et les porte-cl\u00e9s.<\/li>\n<li>Mat\u00e9riaux de haute qualit\u00e9 : Fabriqu\u00e9 \u00e0 partir de peluche ultra-douce, de coton, de tissu non tiss\u00e9 et de soie pour une sensation de confort.<\/li>\n<li>S\u00fbr pour tous les \u00e2ges : Rempli de coton PP 3D sous vide, s\u00fbr et non toxique, adapt\u00e9 aux enfants de 3 ans et plus.<\/li>\n<li>Des techniques de broderie sp\u00e9ciales ont \u00e9t\u00e9 utilis\u00e9es pour donner aux robes de Kuromi la meilleure impression possible.<\/li>\n<\/ul>\n<p>Marque : AOGER x Sanrio SMILES<\/p>\n<p><img fetchpriority=\"high\" decoding=\"async\" class=\"aligncenter\" src=\"https:\/\/cbu01.alicdn.com\/img\/ibank\/O1CN01rImLOu1EsS5G9kncd_!!2544550407-0-cib.jpg\" width=\"908\" height=\"1326\" \/><br \/>\n<img decoding=\"async\" class=\"aligncenter\" src=\"https:\/\/cbu01.alicdn.com\/img\/ibank\/O1CN01MdyIJg1EsS5RJy1zI_!!2544550407-0-cib.jpg\" width=\"911\" height=\"1331\" \/><img decoding=\"async\" class=\"aligncenter wp-image-29695\" src=\"https:\/\/shuji.ca\/wp-content\/uploads\/2024\/08\/20240810181653.png\" alt=\"\" width=\"911\" height=\"1059\" srcset=\"https:\/\/shuji.ca\/wp-content\/uploads\/2024\/08\/20240810181653.png 906w, https:\/\/shuji.ca\/wp-content\/uploads\/2024\/08\/20240810181653-258x300.png 258w, https:\/\/shuji.ca\/wp-content\/uploads\/2024\/08\/20240810181653-881x1024.png 881w, https:\/\/shuji.ca\/wp-content\/uploads\/2024\/08\/20240810181653-768x893.png 768w, https:\/\/shuji.ca\/wp-content\/uploads\/2024\/08\/20240810181653-600x697.png 600w\" sizes=\"(max-width: 911px) 100vw, 911px\" \/><img loading=\"lazy\" decoding=\"async\" class=\"aligncenter wp-image-29696\" src=\"https:\/\/shuji.ca\/wp-content\/uploads\/2024\/08\/20240810181918.png\" alt=\"\" width=\"916\" height=\"1536\" srcset=\"https:\/\/shuji.ca\/wp-content\/uploads\/2024\/08\/20240810181918.png 708w, https:\/\/shuji.ca\/wp-content\/uploads\/2024\/08\/20240810181918-179x300.png 179w, https:\/\/shuji.ca\/wp-content\/uploads\/2024\/08\/20240810181918-611x1024.png 611w, https:\/\/shuji.ca\/wp-content\/uploads\/2024\/08\/20240810181918-600x1006.png 600w\" sizes=\"(max-width: 916px) 100vw, 916px\" \/> <img loading=\"lazy\" decoding=\"async\" class=\"aligncenter wp-image-29697\" src=\"https:\/\/shuji.ca\/wp-content\/uploads\/2024\/08\/20240810181937.png\" alt=\"\" width=\"912\" height=\"1523\" srcset=\"https:\/\/shuji.ca\/wp-content\/uploads\/2024\/08\/20240810181937.png 709w, https:\/\/shuji.ca\/wp-content\/uploads\/2024\/08\/20240810181937-180x300.png 180w, https:\/\/shuji.ca\/wp-content\/uploads\/2024\/08\/20240810181937-613x1024.png 613w, https:\/\/shuji.ca\/wp-content\/uploads\/2024\/08\/20240810181937-600x1002.png 600w\" sizes=\"(max-width: 912px) 100vw, 912px\" \/><img loading=\"lazy\" decoding=\"async\" class=\"aligncenter\" src=\"https:\/\/cbu01.alicdn.com\/img\/ibank\/O1CN01RFU0xl1EsS5SidTWa_!!2544550407-0-cib.jpg\" width=\"916\" height=\"1338\" \/><img loading=\"lazy\" decoding=\"async\" class=\"aligncenter wp-image-29709\" src=\"https:\/\/shuji.ca\/wp-content\/uploads\/2024\/08\/3l.png\" alt=\"\" width=\"918\" height=\"1531\" srcset=\"https:\/\/shuji.ca\/wp-content\/uploads\/2024\/08\/3l.png 711w, https:\/\/shuji.ca\/wp-content\/uploads\/2024\/08\/3l-180x300.png 180w, https:\/\/shuji.ca\/wp-content\/uploads\/2024\/08\/3l-614x1024.png 614w, https:\/\/shuji.ca\/wp-content\/uploads\/2024\/08\/3l-600x1001.png 600w\" sizes=\"(max-width: 918px) 100vw, 918px\" \/><\/p>","protected":false},"excerpt":{"rendered":"<p>Features: Officially Licensed: Orginal Sanrio Kuromi &amp; Cinnamoroll Hanakotoba Spirit Series plushies Keychains &amp; Bag decor. Hugging Size: The size of this Kuromi is approximately 14-15cm. Ideal for bag decor and keychains. High-Quality Materials: Made from ultra-soft short plush, cotton, non-woven fabric, and silk for a comfortable feel. Safe for All Ages: Filled with 3D [&hellip;]<\/p>","protected":false},"featured_media":29723,"comment_status":"open","ping_status":"closed","template":"","meta":[],"product_brand":[],"product_cat":[1214,1213,1203],"product_tag":[],"class_list":{"0":"post-29721","1":"product","2":"type-product","3":"status-publish","4":"has-post-thumbnail","6":"product_cat-sanrio-toys","7":"product_cat-soft-toy","8":"product_cat-toys-games","9":"product_shipping_class-havestock","11":"first","12":"instock","13":"taxable","14":"shipping-taxable","15":"purchasable","16":"product-type-simple"},"_links":{"self":[{"href":"https:\/\/shuji.ca\/fr\/wp-json\/wp\/v2\/product\/29721","targetHints":{"allow":["GET"]}}],"collection":[{"href":"https:\/\/shuji.ca\/fr\/wp-json\/wp\/v2\/product"}],"about":[{"href":"https:\/\/shuji.ca\/fr\/wp-json\/wp\/v2\/types\/product"}],"replies":[{"embeddable":true,"href":"https:\/\/shuji.ca\/fr\/wp-json\/wp\/v2\/comments?post=29721"}],"wp:featuredmedia":[{"embeddable":true,"href":"https:\/\/shuji.ca\/fr\/wp-json\/wp\/v2\/media\/29723"}],"wp:attachment":[{"href":"https:\/\/shuji.ca\/fr\/wp-json\/wp\/v2\/media?parent=29721"}],"wp:term":[{"taxonomy":"product_brand","embeddable":true,"href":"https:\/\/shuji.ca\/fr\/wp-json\/wp\/v2\/product_brand?post=29721"},{"taxonomy":"product_cat","embeddable":true,"href":"https:\/\/shuji.ca\/fr\/wp-json\/wp\/v2\/product_cat?post=29721"},{"taxonomy":"product_tag","embeddable":true,"href":"https:\/\/shuji.ca\/fr\/wp-json\/wp\/v2\/product_tag?post=29721"}],"curies":[{"name":"wp","href":"https:\/\/api.w.org\/{rel}","templated":true}]}}