{"id":29685,"date":"2024-08-10T18:05:40","date_gmt":"2024-08-10T22:05:40","guid":{"rendered":"https:\/\/shuji.ca\/?post_type=product&#038;p=29685"},"modified":"2024-08-11T01:04:48","modified_gmt":"2024-08-11T05:04:48","slug":"officially-licensed-sanrio-hugging-size-kuromi-plush-black-gold-classic-kuromi-25cm","status":"publish","type":"product","link":"https:\/\/shuji.ca\/fr\/shop\/toys-games\/soft-toy\/sanrio-toys\/officially-licensed-sanrio-hugging-size-kuromi-plush-black-gold-classic-kuromi-25cm\/","title":{"rendered":"Plush Kuromi Hugging Size sous licence officielle Sanrio - Black Gold Classic Kuromi (25cm)"},"content":{"rendered":"<h6>Caract\u00e9ristiques :<\/h6>\n<ul>\n<li>Sous licence officielle : Peluches originales Sanrio Kuromi &amp; Cinnamonroll Black Gold Series Design.<\/li>\n<li>Taille de l'\u00e9treinte : La taille de Kuromi est de ~25cm. Id\u00e9al pour les c\u00e2lins et les oreillers.<\/li>\n<li>Mat\u00e9riaux de haute qualit\u00e9 : Fabriqu\u00e9 \u00e0 partir de peluche ultra-douce, de coton, de tissu non tiss\u00e9 et de soie pour une sensation de confort.<\/li>\n<li>S\u00fbr pour tous les \u00e2ges : Rempli de coton PP 3D sous vide, s\u00fbr et non toxique, adapt\u00e9 aux enfants de 3 ans et plus.<\/li>\n<li>Des techniques de broderie sp\u00e9ciales ont \u00e9t\u00e9 utilis\u00e9es pour donner aux robes de Kuromi la meilleure impression possible.<\/li>\n<\/ul>\n<p>Marque : AOGER &amp; Sanrio SMILES<\/p>\n<p><img fetchpriority=\"high\" decoding=\"async\" class=\"aligncenter\" src=\"https:\/\/cbu01.alicdn.com\/img\/ibank\/O1CN01swwFiK1PypJhgp9LD_!!2210218351910-0-cib.jpg\" alt=\"ind\u00e9fini\" width=\"869\" height=\"1371\" \/><img decoding=\"async\" class=\"aligncenter\" src=\"https:\/\/cbu01.alicdn.com\/img\/ibank\/O1CN01iHX1hA1PypJhhAyZd_!!2210218351910-0-cib.jpg\" alt=\"ind\u00e9fini\" width=\"868\" height=\"1304\" \/><img decoding=\"async\" class=\"aligncenter\" src=\"https:\/\/cbu01.alicdn.com\/img\/ibank\/O1CN01p2MmDg1PypJYswYAz_!!2210218351910-0-cib.jpg\" alt=\"ind\u00e9fini\" width=\"868\" height=\"993\" \/><img loading=\"lazy\" decoding=\"async\" class=\"aligncenter\" src=\"https:\/\/cbu01.alicdn.com\/img\/ibank\/O1CN018lhQsM1PypJlMFbnU_!!2210218351910-0-cib.jpg\" alt=\"ind\u00e9fini\" width=\"870\" height=\"801\" \/><img loading=\"lazy\" decoding=\"async\" class=\"aligncenter\" src=\"https:\/\/cbu01.alicdn.com\/img\/ibank\/O1CN01ALwGLg1PypJj77VB1_!!2210218351910-0-cib.jpg\" alt=\"ind\u00e9fini\" width=\"870\" height=\"1398\" \/><img loading=\"lazy\" decoding=\"async\" class=\"aligncenter\" src=\"https:\/\/cbu01.alicdn.com\/img\/ibank\/O1CN01LDKI401PypJpSUqWX_!!2210218351910-0-cib.jpg\" alt=\"ind\u00e9fini\" width=\"870\" height=\"1346\" \/><img loading=\"lazy\" decoding=\"async\" class=\"aligncenter\" src=\"https:\/\/cbu01.alicdn.com\/img\/ibank\/O1CN019tuFjE1PypJpSU6mX_!!2210218351910-0-cib.jpg\" alt=\"ind\u00e9fini\" width=\"870\" height=\"1497\" \/><img loading=\"lazy\" decoding=\"async\" class=\"aligncenter\" src=\"https:\/\/cbu01.alicdn.com\/img\/ibank\/O1CN01ygZWZy1PypJkd4UV6_!!2210218351910-0-cib.jpg\" alt=\"ind\u00e9fini\" width=\"869\" height=\"847\" \/><img loading=\"lazy\" decoding=\"async\" class=\"aligncenter\" src=\"https:\/\/cbu01.alicdn.com\/img\/ibank\/O1CN01hq7cWu1PypJnW0SiH_!!2210218351910-0-cib.jpg\" alt=\"ind\u00e9fini\" width=\"868\" height=\"922\" \/><\/p>","protected":false},"excerpt":{"rendered":"<p>Features: Officially Licensed: Orginal Sanrio Kuromi &amp; Cinnamonroll Black Gold Series Design plushies. Hugging Size: The size for Kuromi is ~25cm. Ideal for hugging and use for pillow. High-Quality Materials: Made from ultra-soft short plush, cotton, non-woven fabric, and silk for a comfortable feel. Safe for All Ages: Filled with 3D vacuum PP cotton, safe [&hellip;]<\/p>","protected":false},"featured_media":29689,"comment_status":"open","ping_status":"closed","template":"","meta":[],"product_brand":[],"product_cat":[1214,1213,1203],"product_tag":[],"class_list":{"0":"post-29685","1":"product","2":"type-product","3":"status-publish","4":"has-post-thumbnail","6":"product_cat-sanrio-toys","7":"product_cat-soft-toy","8":"product_cat-toys-games","10":"first","11":"instock","12":"taxable","13":"shipping-taxable","14":"purchasable","15":"product-type-simple"},"_links":{"self":[{"href":"https:\/\/shuji.ca\/fr\/wp-json\/wp\/v2\/product\/29685","targetHints":{"allow":["GET"]}}],"collection":[{"href":"https:\/\/shuji.ca\/fr\/wp-json\/wp\/v2\/product"}],"about":[{"href":"https:\/\/shuji.ca\/fr\/wp-json\/wp\/v2\/types\/product"}],"replies":[{"embeddable":true,"href":"https:\/\/shuji.ca\/fr\/wp-json\/wp\/v2\/comments?post=29685"}],"wp:featuredmedia":[{"embeddable":true,"href":"https:\/\/shuji.ca\/fr\/wp-json\/wp\/v2\/media\/29689"}],"wp:attachment":[{"href":"https:\/\/shuji.ca\/fr\/wp-json\/wp\/v2\/media?parent=29685"}],"wp:term":[{"taxonomy":"product_brand","embeddable":true,"href":"https:\/\/shuji.ca\/fr\/wp-json\/wp\/v2\/product_brand?post=29685"},{"taxonomy":"product_cat","embeddable":true,"href":"https:\/\/shuji.ca\/fr\/wp-json\/wp\/v2\/product_cat?post=29685"},{"taxonomy":"product_tag","embeddable":true,"href":"https:\/\/shuji.ca\/fr\/wp-json\/wp\/v2\/product_tag?post=29685"}],"curies":[{"name":"wp","href":"https:\/\/api.w.org\/{rel}","templated":true}]}}