{"id":29682,"date":"2024-08-10T17:57:22","date_gmt":"2024-08-10T21:57:22","guid":{"rendered":"https:\/\/shuji.ca\/?post_type=product&#038;p=29682"},"modified":"2024-08-11T01:06:29","modified_gmt":"2024-08-11T05:06:29","slug":"officially-licensed-sanrio-hugging-size-kuromi-plush-jk-%e3%82%b8%e3%82%a7%e3%83%bc%e3%82%b1%e3%83%bc-series-kuromi-28cm","status":"publish","type":"product","link":"https:\/\/shuji.ca\/fr\/shop\/toys-games\/soft-toy\/sanrio-toys\/officially-licensed-sanrio-hugging-size-kuromi-plush-jk-%e3%82%b8%e3%82%a7%e3%83%bc%e3%82%b1%e3%83%bc-series-kuromi-28cm\/","title":{"rendered":"Plush Kuromi Hugging Size sous licence officielle Sanrio - JK \u30b8\u30a7\u30fc\u30b1\u30fc Series Kuromi (28cm)"},"content":{"rendered":"<h6>Caract\u00e9ristiques :<\/h6>\n<ul>\n<li>Licence officielle : Peluches originales Sanrio Kuromi &amp; Cinnamoroll White Gold Series Design.<\/li>\n<li>Taille de l'\u00e9treinte : La taille de ce Kuromi est de ~28cm. Id\u00e9al pour les c\u00e2lins et les oreillers.<\/li>\n<li>Mat\u00e9riaux de haute qualit\u00e9 : Fabriqu\u00e9 \u00e0 partir de peluche ultra-douce, de coton, de tissu non tiss\u00e9 et de soie pour une sensation de confort.<\/li>\n<li>S\u00fbr pour tous les \u00e2ges : Rempli de coton PP 3D sous vide, s\u00fbr et non toxique, adapt\u00e9 aux enfants de 3 ans et plus.<\/li>\n<li>Des techniques de broderie sp\u00e9ciales ont \u00e9t\u00e9 utilis\u00e9es pour donner aux robes de Kuromi la meilleure impression possible.<\/li>\n<\/ul>\n<p>Marque : AOGER &amp; Sanrio SMILES<\/p>\n<p><img fetchpriority=\"high\" decoding=\"async\" class=\"aligncenter\" src=\"https:\/\/cbu01.alicdn.com\/img\/ibank\/O1CN01mX7XF91ag0oNttFKH_!!2303483358-0-cib.jpg\" width=\"901\" height=\"1575\" \/><img decoding=\"async\" class=\"aligncenter\" src=\"https:\/\/cbu01.alicdn.com\/img\/ibank\/O1CN01V6QO9l1ag0oVsl2ON_!!2303483358-0-cib.jpg\" width=\"901\" height=\"1360\" \/><img decoding=\"async\" class=\"aligncenter\" src=\"https:\/\/cbu01.alicdn.com\/img\/ibank\/O1CN01Sw2iC61ag0oL2qhPN_!!2303483358-0-cib.jpg\" width=\"901\" height=\"1088\" \/><img loading=\"lazy\" decoding=\"async\" class=\"aligncenter\" src=\"https:\/\/cbu01.alicdn.com\/img\/ibank\/O1CN01WMTwhV1ag0oTLabjh_!!2303483358-0-cib.jpg\" width=\"900\" height=\"997\" \/><img loading=\"lazy\" decoding=\"async\" class=\"aligncenter\" src=\"https:\/\/cbu01.alicdn.com\/img\/ibank\/O1CN01eNdm1O1ag0oF0tEMB_!!2303483358-0-cib.jpg\" width=\"900\" height=\"827\" \/><img loading=\"lazy\" decoding=\"async\" class=\"aligncenter\" src=\"https:\/\/cbu01.alicdn.com\/img\/ibank\/O1CN01bcE3Yt1ag0oQtzRf3_!!2303483358-0-cib.jpg\" width=\"899\" height=\"1302\" \/><img loading=\"lazy\" decoding=\"async\" class=\"aligncenter\" src=\"https:\/\/cbu01.alicdn.com\/img\/ibank\/O1CN01AdGudZ1ag0oOGxop8_!!2303483358-0-cib.jpg\" width=\"901\" height=\"1413\" \/><img loading=\"lazy\" decoding=\"async\" class=\"aligncenter\" src=\"https:\/\/cbu01.alicdn.com\/img\/ibank\/O1CN01XPVaw21ag0oL2uJyh_!!2303483358-0-cib.jpg\" width=\"901\" height=\"1366\" \/><img loading=\"lazy\" decoding=\"async\" class=\"aligncenter\" src=\"https:\/\/cbu01.alicdn.com\/img\/ibank\/O1CN01CkuEBQ1ag0oPkRsKO_!!2303483358-0-cib.jpg\" width=\"899\" height=\"1085\" \/><\/p>","protected":false},"excerpt":{"rendered":"<p>Features: Officially Licensed: Orginal Sanrio Kuromi &amp; Cinnamoroll White Gold Series Design plushies. Hugging Size: The size of this Kuromi is ~28cm. Ideal for hugging and use for pillow. High-Quality Materials: Made from ultra-soft short plush, cotton, non-woven fabric, and silk for a comfortable feel. Safe for All Ages: Filled with 3D vacuum PP cotton, [&hellip;]<\/p>","protected":false},"featured_media":29683,"comment_status":"open","ping_status":"closed","template":"","meta":[],"product_brand":[],"product_cat":[1214,1213,1203],"product_tag":[],"class_list":{"0":"post-29682","1":"product","2":"type-product","3":"status-publish","4":"has-post-thumbnail","6":"product_cat-sanrio-toys","7":"product_cat-soft-toy","8":"product_cat-toys-games","10":"first","11":"instock","12":"taxable","13":"shipping-taxable","14":"purchasable","15":"product-type-simple"},"_links":{"self":[{"href":"https:\/\/shuji.ca\/fr\/wp-json\/wp\/v2\/product\/29682","targetHints":{"allow":["GET"]}}],"collection":[{"href":"https:\/\/shuji.ca\/fr\/wp-json\/wp\/v2\/product"}],"about":[{"href":"https:\/\/shuji.ca\/fr\/wp-json\/wp\/v2\/types\/product"}],"replies":[{"embeddable":true,"href":"https:\/\/shuji.ca\/fr\/wp-json\/wp\/v2\/comments?post=29682"}],"wp:featuredmedia":[{"embeddable":true,"href":"https:\/\/shuji.ca\/fr\/wp-json\/wp\/v2\/media\/29683"}],"wp:attachment":[{"href":"https:\/\/shuji.ca\/fr\/wp-json\/wp\/v2\/media?parent=29682"}],"wp:term":[{"taxonomy":"product_brand","embeddable":true,"href":"https:\/\/shuji.ca\/fr\/wp-json\/wp\/v2\/product_brand?post=29682"},{"taxonomy":"product_cat","embeddable":true,"href":"https:\/\/shuji.ca\/fr\/wp-json\/wp\/v2\/product_cat?post=29682"},{"taxonomy":"product_tag","embeddable":true,"href":"https:\/\/shuji.ca\/fr\/wp-json\/wp\/v2\/product_tag?post=29682"}],"curies":[{"name":"wp","href":"https:\/\/api.w.org\/{rel}","templated":true}]}}