{"id":29653,"date":"2024-08-10T17:05:16","date_gmt":"2024-08-10T21:05:16","guid":{"rendered":"https:\/\/shuji.ca\/?post_type=product&#038;p=29653"},"modified":"2024-08-18T15:57:24","modified_gmt":"2024-08-18T19:57:24","slug":"officially-licensed-sanrio-kuromi-plush-keychains-pink-ribbon-kuromi-purple-2","status":"publish","type":"product","link":"https:\/\/shuji.ca\/fr\/shop\/toys-games\/soft-toy\/sanrio-toys\/officially-licensed-sanrio-kuromi-plush-keychains-pink-ribbon-kuromi-purple-2\/","title":{"rendered":"Plush - Kuromi de la s\u00e9rie Black Gold Disponible en trois tailles (50cm)"},"content":{"rendered":"<h6>Caract\u00e9ristiques :<\/h6>\n<ul>\n<li>Sous licence officielle : Peluches originales Sanrio Kuromi &amp; Cinnamonroll Black Gold Series Design.<\/li>\n<li>Taille de l'\u00e9treinte : Diff\u00e9rentes tailles pour Kuromi, de 30,5 cm \u00e0 50 cm environ. Id\u00e9al pour les c\u00e2lins et les oreillers.<\/li>\n<li>Mat\u00e9riaux de haute qualit\u00e9 : Fabriqu\u00e9 \u00e0 partir de peluche ultra-douce, de coton, de tissu non tiss\u00e9 et de soie pour une sensation de confort.<\/li>\n<li>S\u00fbr pour tous les \u00e2ges : Rempli de coton PP 3D sous vide, s\u00fbr et non toxique, adapt\u00e9 aux enfants de 3 ans et plus.<\/li>\n<li>Des techniques de broderie sp\u00e9ciales ont \u00e9t\u00e9 utilis\u00e9es pour donner aux robes de Kuromi la meilleure impression possible.<\/li>\n<\/ul>\n<p>Marque : AOGER &amp; Sanrio SMILES<\/p>\n<p><img fetchpriority=\"high\" decoding=\"async\" class=\"aligncenter\" src=\"https:\/\/cbu01.alicdn.com\/img\/ibank\/O1CN01swwFiK1PypJhgp9LD_!!2210218351910-0-cib.jpg\" alt=\"ind\u00e9fini\" width=\"869\" height=\"1371\" \/><img decoding=\"async\" class=\"aligncenter\" src=\"https:\/\/cbu01.alicdn.com\/img\/ibank\/O1CN01iHX1hA1PypJhhAyZd_!!2210218351910-0-cib.jpg\" alt=\"ind\u00e9fini\" width=\"868\" height=\"1304\" \/><img decoding=\"async\" class=\"aligncenter\" src=\"https:\/\/cbu01.alicdn.com\/img\/ibank\/O1CN01p2MmDg1PypJYswYAz_!!2210218351910-0-cib.jpg\" alt=\"ind\u00e9fini\" width=\"868\" height=\"993\" \/><img loading=\"lazy\" decoding=\"async\" class=\"aligncenter\" src=\"https:\/\/cbu01.alicdn.com\/img\/ibank\/O1CN018lhQsM1PypJlMFbnU_!!2210218351910-0-cib.jpg\" alt=\"ind\u00e9fini\" width=\"870\" height=\"801\" \/><img loading=\"lazy\" decoding=\"async\" class=\"aligncenter\" src=\"https:\/\/cbu01.alicdn.com\/img\/ibank\/O1CN01ALwGLg1PypJj77VB1_!!2210218351910-0-cib.jpg\" alt=\"ind\u00e9fini\" width=\"870\" height=\"1398\" \/><img loading=\"lazy\" decoding=\"async\" class=\"aligncenter\" src=\"https:\/\/cbu01.alicdn.com\/img\/ibank\/O1CN01LDKI401PypJpSUqWX_!!2210218351910-0-cib.jpg\" alt=\"ind\u00e9fini\" width=\"870\" height=\"1346\" \/><img loading=\"lazy\" decoding=\"async\" class=\"aligncenter\" src=\"https:\/\/cbu01.alicdn.com\/img\/ibank\/O1CN019tuFjE1PypJpSU6mX_!!2210218351910-0-cib.jpg\" alt=\"ind\u00e9fini\" width=\"870\" height=\"1497\" \/><img loading=\"lazy\" decoding=\"async\" class=\"aligncenter\" src=\"https:\/\/cbu01.alicdn.com\/img\/ibank\/O1CN01ygZWZy1PypJkd4UV6_!!2210218351910-0-cib.jpg\" alt=\"ind\u00e9fini\" width=\"869\" height=\"847\" \/><img loading=\"lazy\" decoding=\"async\" class=\"aligncenter\" src=\"https:\/\/cbu01.alicdn.com\/img\/ibank\/O1CN01hq7cWu1PypJnW0SiH_!!2210218351910-0-cib.jpg\" alt=\"ind\u00e9fini\" width=\"868\" height=\"922\" \/><\/p>","protected":false},"excerpt":{"rendered":"<p>Features: Officially Licensed: Orginal Sanrio Kuromi &amp; Cinnamonroll Black Gold Series Design plushies. Hugging Size: Various sizes for Kuromi from approximately 30.5 cm to 50cm. Ideal for hugging and use for pillow. High-Quality Materials: Made from ultra-soft short plush, cotton, non-woven fabric, and silk for a comfortable feel. Safe for All Ages: Filled with 3D [&hellip;]<\/p>","protected":false},"featured_media":29655,"comment_status":"open","ping_status":"closed","template":"","meta":[],"product_brand":[],"product_cat":[1214,1213,1203],"product_tag":[],"class_list":{"0":"post-29653","1":"product","2":"type-product","3":"status-publish","4":"has-post-thumbnail","6":"product_cat-sanrio-toys","7":"product_cat-soft-toy","8":"product_cat-toys-games","9":"product_shipping_class-havestock","11":"first","12":"instock","13":"featured","14":"taxable","15":"shipping-taxable","16":"purchasable","17":"product-type-variable"},"_links":{"self":[{"href":"https:\/\/shuji.ca\/fr\/wp-json\/wp\/v2\/product\/29653","targetHints":{"allow":["GET"]}}],"collection":[{"href":"https:\/\/shuji.ca\/fr\/wp-json\/wp\/v2\/product"}],"about":[{"href":"https:\/\/shuji.ca\/fr\/wp-json\/wp\/v2\/types\/product"}],"replies":[{"embeddable":true,"href":"https:\/\/shuji.ca\/fr\/wp-json\/wp\/v2\/comments?post=29653"}],"wp:featuredmedia":[{"embeddable":true,"href":"https:\/\/shuji.ca\/fr\/wp-json\/wp\/v2\/media\/29655"}],"wp:attachment":[{"href":"https:\/\/shuji.ca\/fr\/wp-json\/wp\/v2\/media?parent=29653"}],"wp:term":[{"taxonomy":"product_brand","embeddable":true,"href":"https:\/\/shuji.ca\/fr\/wp-json\/wp\/v2\/product_brand?post=29653"},{"taxonomy":"product_cat","embeddable":true,"href":"https:\/\/shuji.ca\/fr\/wp-json\/wp\/v2\/product_cat?post=29653"},{"taxonomy":"product_tag","embeddable":true,"href":"https:\/\/shuji.ca\/fr\/wp-json\/wp\/v2\/product_tag?post=29653"}],"curies":[{"name":"wp","href":"https:\/\/api.w.org\/{rel}","templated":true}]}}