{"id":29498,"date":"2024-08-08T17:19:09","date_gmt":"2024-08-08T21:19:09","guid":{"rendered":"https:\/\/shuji.ca\/?post_type=product&#038;p=29498"},"modified":"2024-08-11T01:46:57","modified_gmt":"2024-08-11T05:46:57","slug":"officially-licensed-sanrio-cinnamoroll-plush-keychains-summer-love-mymelody-13cm","status":"publish","type":"product","link":"https:\/\/shuji.ca\/fr\/shop\/toys-games\/soft-toy\/sanrio-toys\/officially-licensed-sanrio-cinnamoroll-plush-keychains-summer-love-mymelody-13cm\/","title":{"rendered":"Porte-cl\u00e9s peluche Sanrio Cinnamoroll sous licence officielle - Summer Love MyMelody (13cm)"},"content":{"rendered":"<h6>Caract\u00e9ristiques :<\/h6>\n<ul>\n<li>Sous licence officielle : Porte-cl\u00e9s en peluche authentiques Sanrio Kuromi &amp; Cinamonroll.<\/li>\n<li>Taille parfaite : MyMelody mesure environ 12-13 cm, ce qui est id\u00e9al pour les sacs \u00e0 dos, les sacs \u00e0 main et les porte-cl\u00e9s.<\/li>\n<li>Mat\u00e9riaux de haute qualit\u00e9 : Fabriqu\u00e9 \u00e0 partir de peluche ultra-douce, de coton, de tissu non tiss\u00e9 et de soie pour une sensation de confort.<\/li>\n<li>S\u00fbr pour tous les \u00e2ges : Rempli de coton PP 3D sous vide, s\u00fbr et non toxique, adapt\u00e9 aux enfants de 3 ans et plus.<\/li>\n<li>Facile \u00e0 nettoyer : La surface est lavable \u00e0 l'aide d'un chiffon humide, ce qui garantit sa long\u00e9vit\u00e9 et sa propret\u00e9.<\/li>\n<\/ul>\n<p>Marque : E-Strong x Sanrio SMILES<\/p>\n<p>&nbsp;<\/p>\n<p><img fetchpriority=\"high\" decoding=\"async\" class=\"aligncenter\" src=\"https:\/\/cbu01.alicdn.com\/img\/ibank\/O1CN01mfZxKu1PypPjsSLsv_!!2210218351910-0-cib.jpg\" width=\"943\" height=\"686\" \/><\/p>\n<p><img decoding=\"async\" class=\"aligncenter\" src=\"https:\/\/cbu01.alicdn.com\/img\/ibank\/O1CN01qMgPkO1nzn1M1R8A9_!!2215654835161-0-cib.jpg\" width=\"943\" height=\"1737\" \/><img decoding=\"async\" class=\"aligncenter\" src=\"https:\/\/cbu01.alicdn.com\/img\/ibank\/O1CN01bozKbS1nzn1IiW4NC_!!2215654835161-0-cib.jpg\" width=\"943\" height=\"1677\" \/><img loading=\"lazy\" decoding=\"async\" class=\"aligncenter\" src=\"https:\/\/cbu01.alicdn.com\/img\/ibank\/O1CN01ZDFx3E1nzn1MsY57B_!!2215654835161-0-cib.jpg\" width=\"942\" height=\"1281\" \/><img loading=\"lazy\" decoding=\"async\" class=\"aligncenter\" src=\"https:\/\/cbu01.alicdn.com\/img\/ibank\/O1CN01hXfv821nzn1POqwfa_!!2215654835161-0-cib.jpg\" width=\"946\" height=\"1167\" \/><img loading=\"lazy\" decoding=\"async\" class=\"aligncenter\" src=\"https:\/\/cbu01.alicdn.com\/img\/ibank\/O1CN01RBSqlf1nzn1E9MtaY_!!2215654835161-0-cib.jpg\" width=\"947\" height=\"929\" \/><img loading=\"lazy\" decoding=\"async\" class=\"aligncenter wp-image-29499\" src=\"https:\/\/shuji.ca\/wp-content\/uploads\/2024\/08\/O1CN01R27y6w1nzn1KC3LkX_2215654835161-0-cib.jpg\" alt=\"\" width=\"948\" height=\"948\" srcset=\"https:\/\/shuji.ca\/wp-content\/uploads\/2024\/08\/O1CN01R27y6w1nzn1KC3LkX_2215654835161-0-cib.jpg 800w, https:\/\/shuji.ca\/wp-content\/uploads\/2024\/08\/O1CN01R27y6w1nzn1KC3LkX_2215654835161-0-cib-300x300.jpg 300w, https:\/\/shuji.ca\/wp-content\/uploads\/2024\/08\/O1CN01R27y6w1nzn1KC3LkX_2215654835161-0-cib-150x150.jpg 150w, https:\/\/shuji.ca\/wp-content\/uploads\/2024\/08\/O1CN01R27y6w1nzn1KC3LkX_2215654835161-0-cib-768x768.jpg 768w, https:\/\/shuji.ca\/wp-content\/uploads\/2024\/08\/O1CN01R27y6w1nzn1KC3LkX_2215654835161-0-cib-600x600.jpg 600w, https:\/\/shuji.ca\/wp-content\/uploads\/2024\/08\/O1CN01R27y6w1nzn1KC3LkX_2215654835161-0-cib-100x100.jpg 100w\" sizes=\"(max-width: 948px) 100vw, 948px\" \/><\/p>\n<p>&nbsp;<\/p>\n<p>&nbsp;<\/p>","protected":false},"excerpt":{"rendered":"<p>Features: Officially Licensed: Authentic Sanrio Kuromi &amp; Cinamonroll plush keychains. Perfect Size: MyMelody is approximately 12-13 cm, ideal for backpacks, purses, and keyrings. High-Quality Materials: Made from ultra-soft short plush, cotton, non-woven fabric, and silk for a comfortable feel. Safe for All Ages: Filled with 3D vacuum PP cotton, safe and non-toxic, suitable for ages [&hellip;]<\/p>","protected":false},"featured_media":29499,"comment_status":"open","ping_status":"closed","template":"","meta":[],"product_brand":[],"product_cat":[1214,1213,1203],"product_tag":[],"class_list":{"0":"post-29498","1":"product","2":"type-product","3":"status-publish","4":"has-post-thumbnail","6":"product_cat-sanrio-toys","7":"product_cat-soft-toy","8":"product_cat-toys-games","10":"first","11":"instock","12":"taxable","13":"shipping-taxable","14":"purchasable","15":"product-type-simple"},"_links":{"self":[{"href":"https:\/\/shuji.ca\/fr\/wp-json\/wp\/v2\/product\/29498","targetHints":{"allow":["GET"]}}],"collection":[{"href":"https:\/\/shuji.ca\/fr\/wp-json\/wp\/v2\/product"}],"about":[{"href":"https:\/\/shuji.ca\/fr\/wp-json\/wp\/v2\/types\/product"}],"replies":[{"embeddable":true,"href":"https:\/\/shuji.ca\/fr\/wp-json\/wp\/v2\/comments?post=29498"}],"wp:featuredmedia":[{"embeddable":true,"href":"https:\/\/shuji.ca\/fr\/wp-json\/wp\/v2\/media\/29499"}],"wp:attachment":[{"href":"https:\/\/shuji.ca\/fr\/wp-json\/wp\/v2\/media?parent=29498"}],"wp:term":[{"taxonomy":"product_brand","embeddable":true,"href":"https:\/\/shuji.ca\/fr\/wp-json\/wp\/v2\/product_brand?post=29498"},{"taxonomy":"product_cat","embeddable":true,"href":"https:\/\/shuji.ca\/fr\/wp-json\/wp\/v2\/product_cat?post=29498"},{"taxonomy":"product_tag","embeddable":true,"href":"https:\/\/shuji.ca\/fr\/wp-json\/wp\/v2\/product_tag?post=29498"}],"curies":[{"name":"wp","href":"https:\/\/api.w.org\/{rel}","templated":true}]}}