{"id":29286,"date":"2024-08-03T19:46:06","date_gmt":"2024-08-03T23:46:06","guid":{"rendered":"https:\/\/shuji.ca\/?post_type=product&#038;p=29286"},"modified":"2024-08-11T20:02:48","modified_gmt":"2024-08-12T00:02:48","slug":"luxury-modern-high-end-sectional-sofa-set-with-rubber-wood-frame-and-high-density-foam-cushions","status":"publish","type":"product","link":"https:\/\/shuji.ca\/fr\/shop\/home-living\/sofa\/luxury-modern-high-end-sectional-sofa-set-with-rubber-wood-frame-and-high-density-foam-cushions\/","title":{"rendered":"Luxueux canap\u00e9 sectionnel moderne haut de gamme avec structure en bois de caoutchouc et coussins en mousse haute densit\u00e9"},"content":{"rendered":"<h6>Caract\u00e9ristiques :<\/h6>\n<ul>\n<li>Cadre en bois de caoutchouc import\u00e9 : Cadre durable et robuste en bois de caoutchouc de haute qualit\u00e9 import\u00e9 de Tha\u00eflande, garantissant un soutien et une stabilit\u00e9 durables.<\/li>\n<li>Coussins en mousse haute densit\u00e9 : Assise confortable avec une mousse \u00e0 haute r\u00e9silience qui reprend rapidement sa forme apr\u00e8s l'assise, offrant un excellent soutien et un grand confort.<\/li>\n<li>Housses amovibles en coton et en lin : Les housses en coton et en lin, faciles \u00e0 nettoyer et respectueuses de la peau, peuvent \u00eatre retir\u00e9es pour \u00eatre lav\u00e9es, ce qui permet de conserver un canap\u00e9 frais et hygi\u00e9nique.<\/li>\n<li>Pieds en bois massif stables : les pieds en bois massif, solides et stables, offrent un soutien suppl\u00e9mentaire et emp\u00eachent les oscillations, garantissant ainsi la stabilit\u00e9 du canap\u00e9.<\/li>\n<li>Respectueux de l'environnement et s\u00fbr : Conforme aux normes de protection de l'environnement, il peut \u00eatre utilis\u00e9 en toute s\u00e9curit\u00e9 dans n'importe quelle maison gr\u00e2ce \u00e0 ses mat\u00e9riaux non toxiques et respectueux de l'environnement.<\/li>\n<li>Design contemporain : Un design v\u00e9ritablement luxueux qui s'harmonise avec n'importe quel d\u00e9cor. Disponible en diff\u00e9rentes combinaisons et couleurs.<\/li>\n<\/ul>\n<p>Note : Cet article n\u00e9cessite une commande sp\u00e9ciale et sera livr\u00e9 dans un d\u00e9lai de 14 \u00e0 30 jours. Les retours ou \u00e9changes ne seront pas accept\u00e9s sauf en cas de d\u00e9faut de fabrication.<\/p>\n<p><img fetchpriority=\"high\" decoding=\"async\" class=\"aligncenter wp-image-29288\" src=\"https:\/\/shuji.ca\/wp-content\/uploads\/2024\/08\/QQQO1CN01vjSZ3i1R1P854MqSR_3921312051-0-cib.jpg\" alt=\"\" width=\"901\" height=\"901\" srcset=\"https:\/\/shuji.ca\/wp-content\/uploads\/2024\/08\/QQQO1CN01vjSZ3i1R1P854MqSR_3921312051-0-cib.jpg 800w, https:\/\/shuji.ca\/wp-content\/uploads\/2024\/08\/QQQO1CN01vjSZ3i1R1P854MqSR_3921312051-0-cib-300x300.jpg 300w, https:\/\/shuji.ca\/wp-content\/uploads\/2024\/08\/QQQO1CN01vjSZ3i1R1P854MqSR_3921312051-0-cib-150x150.jpg 150w, https:\/\/shuji.ca\/wp-content\/uploads\/2024\/08\/QQQO1CN01vjSZ3i1R1P854MqSR_3921312051-0-cib-768x768.jpg 768w, https:\/\/shuji.ca\/wp-content\/uploads\/2024\/08\/QQQO1CN01vjSZ3i1R1P854MqSR_3921312051-0-cib-600x600.jpg 600w, https:\/\/shuji.ca\/wp-content\/uploads\/2024\/08\/QQQO1CN01vjSZ3i1R1P854MqSR_3921312051-0-cib-100x100.jpg 100w\" sizes=\"(max-width: 901px) 100vw, 901px\" \/><img decoding=\"async\" class=\"aligncenter\" src=\"https:\/\/cbu01.alicdn.com\/img\/ibank\/O1CN01H6U4L11R1P7tL05B0_!!3921312051-0-cib.jpg\" width=\"900\" height=\"917\" \/> <img decoding=\"async\" class=\"aligncenter wp-image-29289\" src=\"https:\/\/shuji.ca\/wp-content\/uploads\/2024\/08\/O1CN01hmwqaQ1R1P833w9s3_3921312051-0-cib.jpg\" alt=\"\" width=\"900\" height=\"900\" srcset=\"https:\/\/shuji.ca\/wp-content\/uploads\/2024\/08\/O1CN01hmwqaQ1R1P833w9s3_3921312051-0-cib.jpg 800w, https:\/\/shuji.ca\/wp-content\/uploads\/2024\/08\/O1CN01hmwqaQ1R1P833w9s3_3921312051-0-cib-300x300.jpg 300w, https:\/\/shuji.ca\/wp-content\/uploads\/2024\/08\/O1CN01hmwqaQ1R1P833w9s3_3921312051-0-cib-150x150.jpg 150w, https:\/\/shuji.ca\/wp-content\/uploads\/2024\/08\/O1CN01hmwqaQ1R1P833w9s3_3921312051-0-cib-768x768.jpg 768w, https:\/\/shuji.ca\/wp-content\/uploads\/2024\/08\/O1CN01hmwqaQ1R1P833w9s3_3921312051-0-cib-600x600.jpg 600w, https:\/\/shuji.ca\/wp-content\/uploads\/2024\/08\/O1CN01hmwqaQ1R1P833w9s3_3921312051-0-cib-100x100.jpg 100w\" sizes=\"(max-width: 900px) 100vw, 900px\" \/><img loading=\"lazy\" decoding=\"async\" class=\"aligncenter wp-image-29287\" src=\"https:\/\/shuji.ca\/wp-content\/uploads\/2024\/08\/O1CN0124Zl8L1R1P84DM98A_3921312051-0-cib.jpg\" alt=\"\" width=\"900\" height=\"900\" srcset=\"https:\/\/shuji.ca\/wp-content\/uploads\/2024\/08\/O1CN0124Zl8L1R1P84DM98A_3921312051-0-cib.jpg 800w, https:\/\/shuji.ca\/wp-content\/uploads\/2024\/08\/O1CN0124Zl8L1R1P84DM98A_3921312051-0-cib-300x300.jpg 300w, https:\/\/shuji.ca\/wp-content\/uploads\/2024\/08\/O1CN0124Zl8L1R1P84DM98A_3921312051-0-cib-150x150.jpg 150w, https:\/\/shuji.ca\/wp-content\/uploads\/2024\/08\/O1CN0124Zl8L1R1P84DM98A_3921312051-0-cib-768x768.jpg 768w, https:\/\/shuji.ca\/wp-content\/uploads\/2024\/08\/O1CN0124Zl8L1R1P84DM98A_3921312051-0-cib-600x600.jpg 600w, https:\/\/shuji.ca\/wp-content\/uploads\/2024\/08\/O1CN0124Zl8L1R1P84DM98A_3921312051-0-cib-100x100.jpg 100w\" sizes=\"(max-width: 900px) 100vw, 900px\" \/><\/p>\n<p>&nbsp;<\/p>","protected":false},"excerpt":{"rendered":"<p>Features: Imported Rubber Wood Frame: Durable and sturdy frame made from high-quality rubber wood imported from Thailand, ensuring long-lasting support and stability. High-Density Foam Cushions: Comfortable seating with high-resilience foam that quickly recovers its shape after sitting, providing excellent support and comfort. Removable Cotton and Linen Covers: Easy-to-clean, skin-friendly cotton and linen covers that can [&hellip;]<\/p>","protected":false},"featured_media":29287,"comment_status":"open","ping_status":"closed","template":"","meta":[],"product_brand":[],"product_cat":[1221,1199,1215],"product_tag":[],"class_list":{"0":"post-29286","1":"product","2":"type-product","3":"status-publish","4":"has-post-thumbnail","6":"product_cat-coffee-side-tables","7":"product_cat-home-living","8":"product_cat-sofa","9":"product_shipping_class-preorderoversize","10":"product-has-variation-images","12":"first","13":"onbackorder","14":"taxable","15":"shipping-taxable","16":"purchasable","17":"product-type-variable"},"_links":{"self":[{"href":"https:\/\/shuji.ca\/fr\/wp-json\/wp\/v2\/product\/29286","targetHints":{"allow":["GET"]}}],"collection":[{"href":"https:\/\/shuji.ca\/fr\/wp-json\/wp\/v2\/product"}],"about":[{"href":"https:\/\/shuji.ca\/fr\/wp-json\/wp\/v2\/types\/product"}],"replies":[{"embeddable":true,"href":"https:\/\/shuji.ca\/fr\/wp-json\/wp\/v2\/comments?post=29286"}],"wp:featuredmedia":[{"embeddable":true,"href":"https:\/\/shuji.ca\/fr\/wp-json\/wp\/v2\/media\/29287"}],"wp:attachment":[{"href":"https:\/\/shuji.ca\/fr\/wp-json\/wp\/v2\/media?parent=29286"}],"wp:term":[{"taxonomy":"product_brand","embeddable":true,"href":"https:\/\/shuji.ca\/fr\/wp-json\/wp\/v2\/product_brand?post=29286"},{"taxonomy":"product_cat","embeddable":true,"href":"https:\/\/shuji.ca\/fr\/wp-json\/wp\/v2\/product_cat?post=29286"},{"taxonomy":"product_tag","embeddable":true,"href":"https:\/\/shuji.ca\/fr\/wp-json\/wp\/v2\/product_tag?post=29286"}],"curies":[{"name":"wp","href":"https:\/\/api.w.org\/{rel}","templated":true}]}}