{"id":29250,"date":"2024-08-03T18:51:23","date_gmt":"2024-08-03T22:51:23","guid":{"rendered":"https:\/\/shuji.ca\/?post_type=product&#038;p=29250"},"modified":"2024-08-11T20:08:24","modified_gmt":"2024-08-12T00:08:24","slug":"premium-retro-creamy-style-coffee-table-with-tempered-glass-and-integrated-lighting-perfect-for-modern-living-room-decor","status":"publish","type":"product","link":"https:\/\/shuji.ca\/fr\/shop\/home-living\/coffee-side-tables\/premium-retro-creamy-style-coffee-table-with-tempered-glass-and-integrated-lighting-perfect-for-modern-living-room-decor\/","title":{"rendered":"Table basse r\u00e9tro de style cr\u00e8me avec verre tremp\u00e9 sarcelle et \u00e9clairage int\u00e9gr\u00e9 - D\u00e9coration de salon moderne"},"content":{"rendered":"<h6>Caract\u00e9ristiques :<\/h6>\n<ul>\n<li>Surface en verre tremp\u00e9 : Durable et antid\u00e9flagrant, il garantit la s\u00e9curit\u00e9 et une esth\u00e9tique claire. Couleur sarcelle (verre)<\/li>\n<li>Couche de rangement suppl\u00e9mentaire : Pratique et stable, il offre un espace suppl\u00e9mentaire pour les objets. L'\u00e9clairage est int\u00e9gr\u00e9 \u00e0 la table.<\/li>\n<li>Cadre en m\u00e9tal : R\u00e9sistant \u00e0 l'usure, \u00e0 la rouille et \u00e0 la corrosion, il offre une structure solide et durable.<\/li>\n<li>Design \u00e9l\u00e9gant : Combine l'esth\u00e9tique r\u00e9tro avec une touche moderne, ce qui en fait un point de mire dans n'importe quelle pi\u00e8ce.<\/li>\n<li>Taille compacte : S'int\u00e8gre parfaitement dans les salles de s\u00e9jour, am\u00e9liorant ainsi la perception globale de l'espace.<\/li>\n<\/ul>\n<p><img decoding=\"async\" class=\"aligncenter\" src=\"https:\/\/cbu01.alicdn.com\/img\/ibank\/O1CN01M1NnG71TZsBC80ldd_!!2200663772397-0-cib.jpg\" \/><img decoding=\"async\" class=\"aligncenter\" src=\"https:\/\/cbu01.alicdn.com\/img\/ibank\/O1CN01GdqRQ71TZsBOk7NX0_!!2200663772397-0-cib.jpg\" \/><img decoding=\"async\" class=\"aligncenter\" src=\"https:\/\/cbu01.alicdn.com\/img\/ibank\/O1CN01QXrajs1TZsBNueLQ9_!!2200663772397-0-cib.jpg\" \/><img decoding=\"async\" class=\"aligncenter\" src=\"https:\/\/cbu01.alicdn.com\/img\/ibank\/O1CN01oUEOyk1TZsBDUVTDw_!!2200663772397-0-cib.jpg\" \/><img decoding=\"async\" class=\"aligncenter\" src=\"https:\/\/cbu01.alicdn.com\/img\/ibank\/O1CN01H1HTeh1TZsBL2bcvv_!!2200663772397-0-cib.jpg\" \/><img decoding=\"async\" class=\"aligncenter\" src=\"https:\/\/cbu01.alicdn.com\/img\/ibank\/O1CN01tgbszS1TZsBMmb5C9_!!2200663772397-0-cib.jpg\" \/><\/p>","protected":false},"excerpt":{"rendered":"<p>Features: Tempered Glass Surface: Durable and explosion-proof, ensuring safety and clear visual aesthetics. Teal Color (Glass) Additional Storage Layer: Practical and stable, providing extra space for items. Lighting is integrated in the table. Metal Frame: Resistant to wear, rust, and corrosion, offering a sturdy and long-lasting structure. Stylish Design: Combines retro aesthetics with a modern [&hellip;]<\/p>","protected":false},"featured_media":29253,"comment_status":"open","ping_status":"closed","template":"","meta":[],"product_brand":[],"product_cat":[1221,1199],"product_tag":[],"class_list":{"0":"post-29250","1":"product","2":"type-product","3":"status-publish","4":"has-post-thumbnail","6":"product_cat-coffee-side-tables","7":"product_cat-home-living","8":"product_shipping_class-preorderoversize","10":"first","11":"onbackorder","12":"taxable","13":"shipping-taxable","14":"purchasable","15":"product-type-simple"},"_links":{"self":[{"href":"https:\/\/shuji.ca\/fr\/wp-json\/wp\/v2\/product\/29250","targetHints":{"allow":["GET"]}}],"collection":[{"href":"https:\/\/shuji.ca\/fr\/wp-json\/wp\/v2\/product"}],"about":[{"href":"https:\/\/shuji.ca\/fr\/wp-json\/wp\/v2\/types\/product"}],"replies":[{"embeddable":true,"href":"https:\/\/shuji.ca\/fr\/wp-json\/wp\/v2\/comments?post=29250"}],"wp:featuredmedia":[{"embeddable":true,"href":"https:\/\/shuji.ca\/fr\/wp-json\/wp\/v2\/media\/29253"}],"wp:attachment":[{"href":"https:\/\/shuji.ca\/fr\/wp-json\/wp\/v2\/media?parent=29250"}],"wp:term":[{"taxonomy":"product_brand","embeddable":true,"href":"https:\/\/shuji.ca\/fr\/wp-json\/wp\/v2\/product_brand?post=29250"},{"taxonomy":"product_cat","embeddable":true,"href":"https:\/\/shuji.ca\/fr\/wp-json\/wp\/v2\/product_cat?post=29250"},{"taxonomy":"product_tag","embeddable":true,"href":"https:\/\/shuji.ca\/fr\/wp-json\/wp\/v2\/product_tag?post=29250"}],"curies":[{"name":"wp","href":"https:\/\/api.w.org\/{rel}","templated":true}]}}