{"id":29179,"date":"2024-07-29T10:25:44","date_gmt":"2024-07-29T14:25:44","guid":{"rendered":"https:\/\/shuji.ca\/?post_type=product&#038;p=29179"},"modified":"2024-08-11T20:44:24","modified_gmt":"2024-08-12T00:44:24","slug":"pop-mart-spyxfamily-anyas-daily-life-series-collectible-figures-blindbox","status":"publish","type":"product","link":"https:\/\/shuji.ca\/fr\/shop\/anime-manga-peripherals\/action-figures\/pop-mart-spyxfamily-anyas-daily-life-series-collectible-figures-blindbox\/","title":{"rendered":"Pop Mart SPY\u00d7FAMILY Anya&#8217;s Daily Life Series Collectible Figures Blindbox"},"content":{"rendered":"<p><strong>Caract\u00e9ristiques :<\/strong><\/p>\n<ul>\n<li>Figurines SPY\u00d7FAMILY sous licence officielle : les personnages de la c\u00e9l\u00e8bre s\u00e9rie anim\u00e9e repr\u00e9sentent Anya dans diverses expressions et poses adorables.<\/li>\n<li>Mat\u00e9riau de haute qualit\u00e9 : Fabriqu\u00e9 \u00e0 partir d'ABS et de PVC durables, il garantit un plaisir durable et une parfaite pr\u00e9servation des d\u00e9tails.<\/li>\n<li>Ensemble \u00e0 collectionner : Comprend 6 figurines standard et 1 figurine secr\u00e8te rare, offrant un \u00e9l\u00e9ment de surprise dans chaque set.<\/li>\n<li>Taille parfaite : Chaque figurine mesure environ 7,3 \u00e0 9,7 cm de haut, ce qui est id\u00e9al pour une exposition sur un bureau, une \u00e9tag\u00e8re ou dans le cadre d'une collection.<\/li>\n<li>Fabrication d\u00e9taill\u00e9e : Attention m\u00e9ticuleuse aux d\u00e9tails des personnages, y compris les expressions faciales et les tenues embl\u00e9matiques d'Anya.<\/li>\n<\/ul>\n<p>Nom de marque : POP MART<\/p>\n<p><img fetchpriority=\"high\" decoding=\"async\" class=\"aligncenter\" src=\"https:\/\/img.alicdn.com\/imgextra\/i4\/2208399554429\/O1CN01rA69Vg1iaX19fDhAj_!!2208399554429.jpg\" width=\"881\" height=\"1431\" \/><img decoding=\"async\" class=\"aligncenter\" src=\"https:\/\/img.alicdn.com\/imgextra\/i3\/2208399554429\/O1CN01VxKedZ1iaX1E6rZvT_!!2208399554429.jpg\" width=\"882\" height=\"1100\" \/><img decoding=\"async\" class=\"aligncenter\" src=\"https:\/\/img.alicdn.com\/imgextra\/i4\/2208399554429\/O1CN015cb5bJ1iaX1AM6YOb_!!2208399554429.jpg\" width=\"883\" height=\"1486\" \/><img loading=\"lazy\" decoding=\"async\" class=\"aligncenter\" src=\"https:\/\/img.alicdn.com\/imgextra\/i4\/2208399554429\/O1CN01gkd9zp1iaX1CSYVfy_!!2208399554429.jpg\" width=\"884\" height=\"1517\" \/><img loading=\"lazy\" decoding=\"async\" class=\"aligncenter\" src=\"https:\/\/img.alicdn.com\/imgextra\/i2\/2208399554429\/O1CN018hUVTy1iaX1FutmG0_!!2208399554429.jpg\" width=\"891\" height=\"1400\" \/><img loading=\"lazy\" decoding=\"async\" class=\"aligncenter\" src=\"https:\/\/img.alicdn.com\/imgextra\/i3\/2208399554429\/O1CN017GAdu41iaX18QK4se_!!2208399554429.jpg\" width=\"890\" height=\"809\" \/><img loading=\"lazy\" decoding=\"async\" class=\"aligncenter\" src=\"https:\/\/img.alicdn.com\/imgextra\/i4\/2208399554429\/O1CN01Y1abpP1iaX1CSXZTk_!!2208399554429.jpg\" width=\"890\" height=\"1562\" \/><img loading=\"lazy\" decoding=\"async\" class=\"aligncenter\" src=\"https:\/\/img.alicdn.com\/imgextra\/i2\/2208399554429\/O1CN01EZtwTC1iaX1FurdAZ_!!2208399554429.jpg\" width=\"889\" height=\"1668\" \/><img loading=\"lazy\" decoding=\"async\" class=\"aligncenter\" src=\"https:\/\/img.alicdn.com\/imgextra\/i1\/2208399554429\/O1CN01KA29891iaX1J4H7Ue_!!2208399554429.jpg\" width=\"887\" height=\"1554\" \/><img loading=\"lazy\" decoding=\"async\" class=\"aligncenter\" src=\"https:\/\/img.alicdn.com\/imgextra\/i1\/2208399554429\/O1CN01inZnse1iaX1Dn5pso_!!2208399554429.jpg\" width=\"884\" height=\"1435\" \/><img loading=\"lazy\" decoding=\"async\" class=\"aligncenter\" src=\"https:\/\/img.alicdn.com\/imgextra\/i4\/2208399554429\/O1CN01Wm2vIA1iaX1AM6p3S_!!2208399554429.jpg\" width=\"885\" height=\"1571\" \/><\/p>","protected":false},"excerpt":{"rendered":"<p>Features: Officially Licensed SPY\u00d7FAMILY Figures: features characters from the popular anime series, capturing Anya in various adorable expressions and poses. High-Quality Material: Made from durable ABS and PVC, ensuring long-lasting enjoyment and perfect detail preservation. Collectible Set: Includes 6 standard figures and 1 secret rare figure, offering a surprise element in every set. Perfect Size: [&hellip;]<\/p>","protected":false},"featured_media":29184,"comment_status":"open","ping_status":"closed","template":"","meta":[],"product_brand":[],"product_cat":[1222,1207],"product_tag":[],"class_list":{"0":"post-29179","1":"product","2":"type-product","3":"status-publish","4":"has-post-thumbnail","6":"product_cat-action-figures","7":"product_cat-anime-manga-peripherals","8":"product_shipping_class-havestock","10":"first","11":"instock","12":"taxable","13":"shipping-taxable","14":"purchasable","15":"product-type-simple"},"_links":{"self":[{"href":"https:\/\/shuji.ca\/fr\/wp-json\/wp\/v2\/product\/29179","targetHints":{"allow":["GET"]}}],"collection":[{"href":"https:\/\/shuji.ca\/fr\/wp-json\/wp\/v2\/product"}],"about":[{"href":"https:\/\/shuji.ca\/fr\/wp-json\/wp\/v2\/types\/product"}],"replies":[{"embeddable":true,"href":"https:\/\/shuji.ca\/fr\/wp-json\/wp\/v2\/comments?post=29179"}],"wp:featuredmedia":[{"embeddable":true,"href":"https:\/\/shuji.ca\/fr\/wp-json\/wp\/v2\/media\/29184"}],"wp:attachment":[{"href":"https:\/\/shuji.ca\/fr\/wp-json\/wp\/v2\/media?parent=29179"}],"wp:term":[{"taxonomy":"product_brand","embeddable":true,"href":"https:\/\/shuji.ca\/fr\/wp-json\/wp\/v2\/product_brand?post=29179"},{"taxonomy":"product_cat","embeddable":true,"href":"https:\/\/shuji.ca\/fr\/wp-json\/wp\/v2\/product_cat?post=29179"},{"taxonomy":"product_tag","embeddable":true,"href":"https:\/\/shuji.ca\/fr\/wp-json\/wp\/v2\/product_tag?post=29179"}],"curies":[{"name":"wp","href":"https:\/\/api.w.org\/{rel}","templated":true}]}}