{"id":29052,"date":"2024-07-26T01:42:24","date_gmt":"2024-07-26T05:42:24","guid":{"rendered":"https:\/\/shuji.ca\/?post_type=product&#038;p=29052"},"modified":"2024-08-12T00:39:19","modified_gmt":"2024-08-12T04:39:19","slug":"officially-licensed-sanrio-characters-strawberry-cake-surprise-box-collectible-figurines-features-6-characters","status":"publish","type":"product","link":"https:\/\/shuji.ca\/fr\/shop\/anime-manga-peripherals\/action-figures\/officially-licensed-sanrio-characters-strawberry-cake-surprise-box-collectible-figurines-features-6-characters\/","title":{"rendered":"Officially Licensed Sanrio Characters Strawberry Cake Surprise Box &#8211; Collectible Figurines Features 6 Characters"},"content":{"rendered":"<p><strong>Caract\u00e9ristiques :<\/strong><\/p>\n<ul>\n<li>Produit sous licence officielle : Cet ensemble est compos\u00e9 de personnages Sanrio sous licence officielle, ce qui garantit un design et une qualit\u00e9 authentiques.<\/li>\n<li>Ensemble complet de 6 personnages : Comprend des personnages bien-aim\u00e9s tels que Hello Kitty, My Melody, Kuromi, Pompompurin, Cinnamoroll et Pochacco, chacun tenant un accessoire sur le th\u00e8me de la fraise.<\/li>\n<li>Adorable design de base de g\u00e2teau : Chaque personnage repose sur un socle unique, ce qui les rend parfaits pour \u00eatre expos\u00e9s sur un bureau, une \u00e9tag\u00e8re ou pour faire partie d'une collection.<\/li>\n<li>Mat\u00e9riaux durables et s\u00fbrs : Fabriqu\u00e9es en plastique ABS de haute qualit\u00e9, ces figurines sont durables et s\u00fbres pour tous les \u00e2ges. Les figurines peuvent \u00eatre facilement nettoy\u00e9es, ce qui les rend parfaites pour les enfants et les collectionneurs.<\/li>\n<li>Utilisation multifonctionnelle : en plus d'\u00eatre des figurines \u00e0 collectionner, les bases de g\u00e2teaux peuvent \u00e9galement \u00eatre utilis\u00e9es comme mini-conteneurs de stockage, ajoutant \u00e0 la fois du plaisir et de la fonctionnalit\u00e9 \u00e0 votre espace.<\/li>\n<\/ul>\n<p><img fetchpriority=\"high\" decoding=\"async\" class=\"aligncenter\" src=\"https:\/\/cbu01.alicdn.com\/img\/ibank\/O1CN01OwJwYF26crtdQQvMx_!!2211602717683-0-cib.jpg\" width=\"987\" height=\"1923\" \/><img decoding=\"async\" class=\"aligncenter\" src=\"https:\/\/cbu01.alicdn.com\/img\/ibank\/O1CN01vzGnpl26crtaqvg56_!!2211602717683-0-cib.jpg\" width=\"986\" height=\"1712\" \/><img decoding=\"async\" class=\"aligncenter\" src=\"https:\/\/cbu01.alicdn.com\/img\/ibank\/O1CN01K5faCw26crta1Lr1X_!!2211602717683-0-cib.jpg\" width=\"987\" height=\"1543\" \/><img loading=\"lazy\" decoding=\"async\" class=\"aligncenter\" src=\"https:\/\/cbu01.alicdn.com\/img\/ibank\/O1CN01egBTy826crtdQQitH_!!2211602717683-0-cib.jpg\" width=\"986\" height=\"1805\" \/><img loading=\"lazy\" decoding=\"async\" class=\"aligncenter\" src=\"https:\/\/cbu01.alicdn.com\/img\/ibank\/O1CN01YI1wec26crtZwncxl_!!2211602717683-0-cib.jpg\" width=\"989\" height=\"2248\" \/><img loading=\"lazy\" decoding=\"async\" class=\"aligncenter\" src=\"https:\/\/cbu01.alicdn.com\/img\/ibank\/O1CN01Sqbfc026crtamVEfc_!!2211602717683-0-cib.jpg\" width=\"991\" height=\"1337\" \/><img loading=\"lazy\" decoding=\"async\" class=\"aligncenter\" src=\"https:\/\/cbu01.alicdn.com\/img\/ibank\/O1CN01pI1v2N26crtaqx9Yu_!!2211602717683-0-cib.jpg\" width=\"991\" height=\"2120\" \/><\/p>","protected":false},"excerpt":{"rendered":"<p>Features: Officially Licensed Product: This set features officially licensed Sanrio characters, ensuring authentic design and quality. Complete Set of 6 Characters: Includes beloved characters such as Hello Kitty, My Melody, Kuromi, Pompompurin, Cinnamoroll, and Pochacco, each holding a strawberry-themed accessory. Adorable Cake Base Design: Each character stands on a unique cake base, making them perfect [&hellip;]<\/p>","protected":false},"featured_media":29056,"comment_status":"open","ping_status":"closed","template":"","meta":[],"product_brand":[],"product_cat":[1222,1207],"product_tag":[],"class_list":{"0":"post-29052","1":"product","2":"type-product","3":"status-publish","4":"has-post-thumbnail","6":"product_cat-action-figures","7":"product_cat-anime-manga-peripherals","8":"product_shipping_class-havestock","9":"product-has-variation-images","11":"first","12":"instock","13":"taxable","14":"shipping-taxable","15":"purchasable","16":"product-type-variable"},"_links":{"self":[{"href":"https:\/\/shuji.ca\/fr\/wp-json\/wp\/v2\/product\/29052","targetHints":{"allow":["GET"]}}],"collection":[{"href":"https:\/\/shuji.ca\/fr\/wp-json\/wp\/v2\/product"}],"about":[{"href":"https:\/\/shuji.ca\/fr\/wp-json\/wp\/v2\/types\/product"}],"replies":[{"embeddable":true,"href":"https:\/\/shuji.ca\/fr\/wp-json\/wp\/v2\/comments?post=29052"}],"wp:featuredmedia":[{"embeddable":true,"href":"https:\/\/shuji.ca\/fr\/wp-json\/wp\/v2\/media\/29056"}],"wp:attachment":[{"href":"https:\/\/shuji.ca\/fr\/wp-json\/wp\/v2\/media?parent=29052"}],"wp:term":[{"taxonomy":"product_brand","embeddable":true,"href":"https:\/\/shuji.ca\/fr\/wp-json\/wp\/v2\/product_brand?post=29052"},{"taxonomy":"product_cat","embeddable":true,"href":"https:\/\/shuji.ca\/fr\/wp-json\/wp\/v2\/product_cat?post=29052"},{"taxonomy":"product_tag","embeddable":true,"href":"https:\/\/shuji.ca\/fr\/wp-json\/wp\/v2\/product_tag?post=29052"}],"curies":[{"name":"wp","href":"https:\/\/api.w.org\/{rel}","templated":true}]}}