{"id":29033,"date":"2024-07-26T01:33:30","date_gmt":"2024-07-26T05:33:30","guid":{"rendered":"https:\/\/shuji.ca\/?post_type=product&#038;p=29033"},"modified":"2024-08-12T00:45:03","modified_gmt":"2024-08-12T04:45:03","slug":"officially-licensed-sanrio-characters-little-star-series-led-night-light-8-characters-available","status":"publish","type":"product","link":"https:\/\/shuji.ca\/fr\/shop\/anime-manga-peripherals\/action-figures\/officially-licensed-sanrio-characters-little-star-series-led-night-light-8-characters-available\/","title":{"rendered":"Officially Licensed Sanrio Characters Little Star Series LED Night Light &#8211; 8 Characters Available"},"content":{"rendered":"<p><strong>Caract\u00e9ristiques :<\/strong><\/p>\n<ul>\n<li>Adorable forme d'\u00e9toile : Les personnages de Sanrio se cachent derri\u00e8re une \u00e9toile, ajoutant une touche mignonne \u00e0 n'importe quelle pi\u00e8ce.<\/li>\n<li>\u00c9clairage LED doux : Fournit une lumi\u00e8re douce et chaude, parfaite pour cr\u00e9er une atmosph\u00e8re apaisante \u00e0 l'heure du coucher.<\/li>\n<li>Fonctionnement sur piles : Facile \u00e0 utiliser et \u00e0 d\u00e9placer, il est aliment\u00e9 par des piles pour plus de commodit\u00e9.<\/li>\n<li>Produit sous licence officielle : Garantit l'authenticit\u00e9 et la haute qualit\u00e9 de fabrication.<\/li>\n<li>Mat\u00e9riaux s\u00fbrs et durables : Fabriqu\u00e9s \u00e0 partir de mat\u00e9riaux sans danger pour les enfants, ils garantissent une durabilit\u00e9 et une utilisation \u00e0 long terme.<\/li>\n<\/ul>\n<p><img fetchpriority=\"high\" decoding=\"async\" class=\"aligncenter\" src=\"https:\/\/cbu01.alicdn.com\/img\/ibank\/O1CN012eKEH526cruAivDa5_!!2211602717683-0-cib.jpg\" width=\"912\" height=\"1182\" \/><img decoding=\"async\" class=\"aligncenter\" src=\"https:\/\/cbu01.alicdn.com\/img\/ibank\/O1CN01IUjO9E26cru8TyJtg_!!2211602717683-0-cib.jpg\" width=\"914\" height=\"1184\" \/><img decoding=\"async\" class=\"aligncenter\" src=\"https:\/\/cbu01.alicdn.com\/img\/ibank\/O1CN01kJ3bi126cruD7h6OL_!!2211602717683-0-cib.jpg\" width=\"913\" height=\"1183\" \/><img loading=\"lazy\" decoding=\"async\" class=\"aligncenter\" src=\"https:\/\/cbu01.alicdn.com\/img\/ibank\/O1CN01h1209k26cruBW1AGX_!!2211602717683-0-cib.jpg\" width=\"913\" height=\"1183\" \/><img loading=\"lazy\" decoding=\"async\" class=\"aligncenter\" src=\"https:\/\/cbu01.alicdn.com\/img\/ibank\/O1CN01omKp4z26cru8Txa9f_!!2211602717683-0-cib.jpg\" width=\"914\" height=\"1184\" \/><img loading=\"lazy\" decoding=\"async\" class=\"aligncenter\" src=\"https:\/\/cbu01.alicdn.com\/img\/ibank\/O1CN01pK4SmP26cruENPgLe_!!2211602717683-0-cib.jpg\" width=\"915\" height=\"1186\" \/><img loading=\"lazy\" decoding=\"async\" class=\"aligncenter\" src=\"https:\/\/cbu01.alicdn.com\/img\/ibank\/O1CN01SBS8CO26cruAnmiE7_!!2211602717683-0-cib.jpg\" width=\"915\" height=\"1186\" \/><img loading=\"lazy\" decoding=\"async\" class=\"aligncenter wp-image-29043\" src=\"https:\/\/shuji.ca\/wp-content\/uploads\/2024\/07\/SAUOIDUASOIDU.png\" alt=\"\" width=\"915\" height=\"929\" srcset=\"https:\/\/shuji.ca\/wp-content\/uploads\/2024\/07\/SAUOIDUASOIDU.png 907w, https:\/\/shuji.ca\/wp-content\/uploads\/2024\/07\/SAUOIDUASOIDU-295x300.png 295w, https:\/\/shuji.ca\/wp-content\/uploads\/2024\/07\/SAUOIDUASOIDU-768x780.png 768w, https:\/\/shuji.ca\/wp-content\/uploads\/2024\/07\/SAUOIDUASOIDU-600x609.png 600w\" sizes=\"(max-width: 915px) 100vw, 915px\" \/><img loading=\"lazy\" decoding=\"async\" class=\"aligncenter\" src=\"https:\/\/cbu01.alicdn.com\/img\/ibank\/O1CN01OeNTRn26cruBW0d1l_!!2211602717683-0-cib.jpg\" width=\"911\" height=\"1181\" \/><img loading=\"lazy\" decoding=\"async\" class=\"aligncenter\" src=\"https:\/\/cbu01.alicdn.com\/img\/ibank\/O1CN01QM5nan26cruCtkwd1_!!2211602717683-0-cib.jpg\" width=\"912\" height=\"1182\" \/><img loading=\"lazy\" decoding=\"async\" class=\"aligncenter\" src=\"https:\/\/cbu01.alicdn.com\/img\/ibank\/O1CN017ez6R626cruAitsRk_!!2211602717683-0-cib.jpg\" width=\"912\" height=\"1182\" \/><\/p>","protected":false},"excerpt":{"rendered":"<p>Features: Adorable Star Shape: Features Sanrio characters peeking from behind a star, adding a cute touch to any room. Soft LED Lighting: Provides a gentle and warm light, perfect for creating a calming bedtime atmosphere. Battery Operated: Easy to use and move around, powered by batteries for convenience. Officially Licensed Product: Ensures authenticity and high-quality [&hellip;]<\/p>","protected":false},"featured_media":29036,"comment_status":"open","ping_status":"closed","template":"","meta":[],"product_brand":[],"product_cat":[1222,1207],"product_tag":[],"class_list":{"0":"post-29033","1":"product","2":"type-product","3":"status-publish","4":"has-post-thumbnail","6":"product_cat-action-figures","7":"product_cat-anime-manga-peripherals","8":"product_shipping_class-havestock","9":"product-has-variation-images","11":"first","12":"instock","13":"taxable","14":"shipping-taxable","15":"purchasable","16":"product-type-variable"},"_links":{"self":[{"href":"https:\/\/shuji.ca\/fr\/wp-json\/wp\/v2\/product\/29033","targetHints":{"allow":["GET"]}}],"collection":[{"href":"https:\/\/shuji.ca\/fr\/wp-json\/wp\/v2\/product"}],"about":[{"href":"https:\/\/shuji.ca\/fr\/wp-json\/wp\/v2\/types\/product"}],"replies":[{"embeddable":true,"href":"https:\/\/shuji.ca\/fr\/wp-json\/wp\/v2\/comments?post=29033"}],"wp:featuredmedia":[{"embeddable":true,"href":"https:\/\/shuji.ca\/fr\/wp-json\/wp\/v2\/media\/29036"}],"wp:attachment":[{"href":"https:\/\/shuji.ca\/fr\/wp-json\/wp\/v2\/media?parent=29033"}],"wp:term":[{"taxonomy":"product_brand","embeddable":true,"href":"https:\/\/shuji.ca\/fr\/wp-json\/wp\/v2\/product_brand?post=29033"},{"taxonomy":"product_cat","embeddable":true,"href":"https:\/\/shuji.ca\/fr\/wp-json\/wp\/v2\/product_cat?post=29033"},{"taxonomy":"product_tag","embeddable":true,"href":"https:\/\/shuji.ca\/fr\/wp-json\/wp\/v2\/product_tag?post=29033"}],"curies":[{"name":"wp","href":"https:\/\/api.w.org\/{rel}","templated":true}]}}