{"id":28977,"date":"2024-07-24T18:28:36","date_gmt":"2024-07-24T22:28:36","guid":{"rendered":"https:\/\/shuji.ca\/?post_type=product&#038;p=28977"},"modified":"2024-08-12T01:06:19","modified_gmt":"2024-08-12T05:06:19","slug":"officially-licensed-sanrio-characters-series-hand-strap-cute-mini-camera-keychain-with-functional-projection","status":"publish","type":"product","link":"https:\/\/shuji.ca\/fr\/shop\/anime-manga-peripherals\/action-figures\/officially-licensed-sanrio-characters-series-hand-strap-cute-mini-camera-keychain-with-functional-projection\/","title":{"rendered":"Dragonne de la s\u00e9rie Personnages Sanrio sous licence officielle - Porte-cl\u00e9s mignon avec mini appareil photo et projection fonctionnelle"},"content":{"rendered":"<h6>Caract\u00e9ristiques :<\/h6>\n<ul>\n<li>Produit Sanrio sous licence officielle : Porte-cl\u00e9s authentique et de haute qualit\u00e9 \u00e0 l'effigie des personnages bien-aim\u00e9s de Sanrio.<\/li>\n<li>Design de mini-cam\u00e9ra : Adorable porte-cl\u00e9s en forme d'appareil photo dot\u00e9 d'une fonction de projection.<\/li>\n<li>Vari\u00e9t\u00e9 de personnages : Comprend des personnages populaires tels que Hello Kitty, My Melody, Kuromi, Cinnamoroll, Pompompurin et Pochacco.<\/li>\n<li>Mat\u00e9riau durable : Fabriqu\u00e9 en ABS de premi\u00e8re qualit\u00e9, sans COV, il garantit la s\u00e9curit\u00e9 et la long\u00e9vit\u00e9.<\/li>\n<li>Taille pratique : Petit et l\u00e9ger, parfait pour attacher aux sacs, aux cl\u00e9s, ou pour l'utiliser comme accessoire d\u00e9coratif.<\/li>\n<li>Un plaisir interactif : Projette des images des personnages lorsque vous regardez dans le viseur, ajoutant un \u00e9l\u00e9ment ludique au porte-cl\u00e9s.<\/li>\n<\/ul>\n<p><img fetchpriority=\"high\" decoding=\"async\" class=\"aligncenter\" src=\"https:\/\/cbu01.alicdn.com\/img\/ibank\/O1CN01LBQfhT26crsddcI92_!!2211602717683-0-cib.jpg\" width=\"873\" height=\"873\" \/><img decoding=\"async\" class=\"aligncenter\" src=\"https:\/\/cbu01.alicdn.com\/img\/ibank\/O1CN01oyStO926crsgyNI2C_!!2211602717683-0-cib.jpg\" width=\"873\" height=\"973\" \/><img decoding=\"async\" class=\"aligncenter\" src=\"https:\/\/cbu01.alicdn.com\/img\/ibank\/O1CN01HlJkXk26crsdda0nn_!!2211602717683-0-cib.jpg\" width=\"873\" height=\"873\" \/><img loading=\"lazy\" decoding=\"async\" class=\"aligncenter\" src=\"https:\/\/cbu01.alicdn.com\/img\/ibank\/O1CN01JcPfdM26crsddakWu_!!2211602717683-0-cib.jpg\" width=\"873\" height=\"873\" \/><img loading=\"lazy\" decoding=\"async\" class=\"aligncenter\" src=\"https:\/\/cbu01.alicdn.com\/img\/ibank\/O1CN01giXZkg26crse7x4FC_!!2211602717683-0-cib.jpg\" width=\"873\" height=\"873\" \/><img loading=\"lazy\" decoding=\"async\" class=\"aligncenter\" src=\"https:\/\/cbu01.alicdn.com\/img\/ibank\/O1CN012SJ6uQ26crsjqyJYm_!!2211602717683-0-cib.jpg\" width=\"874\" height=\"874\" \/><\/p>","protected":false},"excerpt":{"rendered":"<p>Features: Officially Licensed Sanrio Product: Authentic and high-quality keychain featuring beloved Sanrio characters. Mini Camera Design: Adorable camera-shaped keychain with a functional projection feature. Character Variety: Includes popular characters such as Hello Kitty, My Melody, Kuromi, Cinnamoroll, Pompompurin, and Pochacco. Durable Material: Made from premium, VOC-free ABS material, ensuring safety and longevity. Convenient Size: Small [&hellip;]<\/p>","protected":false},"featured_media":28984,"comment_status":"open","ping_status":"closed","template":"","meta":[],"product_brand":[],"product_cat":[1222,1207],"product_tag":[],"class_list":{"0":"post-28977","1":"product","2":"type-product","3":"status-publish","4":"has-post-thumbnail","6":"product_cat-action-figures","7":"product_cat-anime-manga-peripherals","8":"product_shipping_class-havestock","9":"product-has-variation-images","11":"first","12":"instock","13":"taxable","14":"shipping-taxable","15":"purchasable","16":"product-type-variable"},"_links":{"self":[{"href":"https:\/\/shuji.ca\/fr\/wp-json\/wp\/v2\/product\/28977","targetHints":{"allow":["GET"]}}],"collection":[{"href":"https:\/\/shuji.ca\/fr\/wp-json\/wp\/v2\/product"}],"about":[{"href":"https:\/\/shuji.ca\/fr\/wp-json\/wp\/v2\/types\/product"}],"replies":[{"embeddable":true,"href":"https:\/\/shuji.ca\/fr\/wp-json\/wp\/v2\/comments?post=28977"}],"wp:featuredmedia":[{"embeddable":true,"href":"https:\/\/shuji.ca\/fr\/wp-json\/wp\/v2\/media\/28984"}],"wp:attachment":[{"href":"https:\/\/shuji.ca\/fr\/wp-json\/wp\/v2\/media?parent=28977"}],"wp:term":[{"taxonomy":"product_brand","embeddable":true,"href":"https:\/\/shuji.ca\/fr\/wp-json\/wp\/v2\/product_brand?post=28977"},{"taxonomy":"product_cat","embeddable":true,"href":"https:\/\/shuji.ca\/fr\/wp-json\/wp\/v2\/product_cat?post=28977"},{"taxonomy":"product_tag","embeddable":true,"href":"https:\/\/shuji.ca\/fr\/wp-json\/wp\/v2\/product_tag?post=28977"}],"curies":[{"name":"wp","href":"https:\/\/api.w.org\/{rel}","templated":true}]}}