{"id":28961,"date":"2024-07-23T02:10:47","date_gmt":"2024-07-23T06:10:47","guid":{"rendered":"https:\/\/shuji.ca\/?post_type=product&#038;p=28961"},"modified":"2024-08-12T02:06:38","modified_gmt":"2024-08-12T06:06:38","slug":"officially-licensed-pikachu-valentines-day-special-edition-collectible-figurines","status":"publish","type":"product","link":"https:\/\/shuji.ca\/fr\/shop\/anime-manga-peripherals\/action-figures\/officially-licensed-pikachu-valentines-day-special-edition-collectible-figurines\/","title":{"rendered":"Figurines \u00e0 collectionner Pikachu, \u00e9dition sp\u00e9ciale de la Saint-Valentin, sous licence officielle"},"content":{"rendered":"<p><strong>Caract\u00e9ristiques :<\/strong><\/p>\n<ul>\n<li>Produit Pok\u00e9mon sous licence officielle : Ces porte-cl\u00e9s sont sous licence officielle et repr\u00e9sentent des Pikachu dans diff\u00e9rents th\u00e8mes adorables de la Saint-Valentin.<\/li>\n<li>Mat\u00e9riau de haute qualit\u00e9 : Fabriqu\u00e9 en plastique ABS durable et non toxique, il garantit la s\u00e9curit\u00e9 et la long\u00e9vit\u00e9 pour un usage quotidien.<\/li>\n<li>Compact et portable : Petit format parfait pour attacher aux cl\u00e9s, aux sacs \u00e0 dos ou aux sacs \u00e0 main, ajoutant une touche mignonne \u00e0 vos affaires.<\/li>\n<li>Vari\u00e9t\u00e9 de motifs : L'ensemble comprend six figurines Pikachu uniques, chacune tenant des objets diff\u00e9rents sur le th\u00e8me de la Saint-Valentin, tels que des c\u0153urs, des chocolats et des lettres d'amour.<\/li>\n<li>Id\u00e9al pour les collectionneurs et les fans : Parfait pour les fans et les collectionneurs de Pok\u00e9mon, ces porte-cl\u00e9s constituent un excellent cadeau de Saint-Valentin pour les personnes qui leur sont ch\u00e8res.<\/li>\n<\/ul>\n<p><img fetchpriority=\"high\" decoding=\"async\" class=\"aligncenter wp-image-28966\" src=\"https:\/\/shuji.ca\/wp-content\/uploads\/2024\/07\/HAKLSHDJASHD1.jpg\" alt=\"\" width=\"922\" height=\"922\" srcset=\"https:\/\/shuji.ca\/wp-content\/uploads\/2024\/07\/HAKLSHDJASHD1.jpg 790w, https:\/\/shuji.ca\/wp-content\/uploads\/2024\/07\/HAKLSHDJASHD1-300x300.jpg 300w, https:\/\/shuji.ca\/wp-content\/uploads\/2024\/07\/HAKLSHDJASHD1-150x150.jpg 150w, https:\/\/shuji.ca\/wp-content\/uploads\/2024\/07\/HAKLSHDJASHD1-768x768.jpg 768w, https:\/\/shuji.ca\/wp-content\/uploads\/2024\/07\/HAKLSHDJASHD1-600x600.jpg 600w, https:\/\/shuji.ca\/wp-content\/uploads\/2024\/07\/HAKLSHDJASHD1-100x100.jpg 100w\" sizes=\"(max-width: 922px) 100vw, 922px\" \/> <img decoding=\"async\" class=\"aligncenter wp-image-28964\" src=\"https:\/\/shuji.ca\/wp-content\/uploads\/2024\/07\/JLKASJDLKASDJ1.jpg\" alt=\"\" width=\"922\" height=\"922\" srcset=\"https:\/\/shuji.ca\/wp-content\/uploads\/2024\/07\/JLKASJDLKASDJ1.jpg 800w, https:\/\/shuji.ca\/wp-content\/uploads\/2024\/07\/JLKASJDLKASDJ1-300x300.jpg 300w, https:\/\/shuji.ca\/wp-content\/uploads\/2024\/07\/JLKASJDLKASDJ1-150x150.jpg 150w, https:\/\/shuji.ca\/wp-content\/uploads\/2024\/07\/JLKASJDLKASDJ1-768x768.jpg 768w, https:\/\/shuji.ca\/wp-content\/uploads\/2024\/07\/JLKASJDLKASDJ1-600x600.jpg 600w, https:\/\/shuji.ca\/wp-content\/uploads\/2024\/07\/JLKASJDLKASDJ1-100x100.jpg 100w\" sizes=\"(max-width: 922px) 100vw, 922px\" \/> <img decoding=\"async\" class=\"aligncenter wp-image-28963\" src=\"https:\/\/shuji.ca\/wp-content\/uploads\/2024\/07\/AJKLDAJSLKDLJ1.jpg\" alt=\"\" width=\"922\" height=\"922\" srcset=\"https:\/\/shuji.ca\/wp-content\/uploads\/2024\/07\/AJKLDAJSLKDLJ1.jpg 800w, https:\/\/shuji.ca\/wp-content\/uploads\/2024\/07\/AJKLDAJSLKDLJ1-300x300.jpg 300w, https:\/\/shuji.ca\/wp-content\/uploads\/2024\/07\/AJKLDAJSLKDLJ1-150x150.jpg 150w, https:\/\/shuji.ca\/wp-content\/uploads\/2024\/07\/AJKLDAJSLKDLJ1-768x768.jpg 768w, https:\/\/shuji.ca\/wp-content\/uploads\/2024\/07\/AJKLDAJSLKDLJ1-600x600.jpg 600w, https:\/\/shuji.ca\/wp-content\/uploads\/2024\/07\/AJKLDAJSLKDLJ1-100x100.jpg 100w\" sizes=\"(max-width: 922px) 100vw, 922px\" \/> <img loading=\"lazy\" decoding=\"async\" class=\"aligncenter wp-image-28962\" src=\"https:\/\/shuji.ca\/wp-content\/uploads\/2024\/07\/JASLKDJASKJD1.jpg\" alt=\"\" width=\"923\" height=\"923\" srcset=\"https:\/\/shuji.ca\/wp-content\/uploads\/2024\/07\/JASLKDJASKJD1.jpg 800w, https:\/\/shuji.ca\/wp-content\/uploads\/2024\/07\/JASLKDJASKJD1-300x300.jpg 300w, https:\/\/shuji.ca\/wp-content\/uploads\/2024\/07\/JASLKDJASKJD1-150x150.jpg 150w, https:\/\/shuji.ca\/wp-content\/uploads\/2024\/07\/JASLKDJASKJD1-768x768.jpg 768w, https:\/\/shuji.ca\/wp-content\/uploads\/2024\/07\/JASLKDJASKJD1-600x600.jpg 600w, https:\/\/shuji.ca\/wp-content\/uploads\/2024\/07\/JASLKDJASKJD1-100x100.jpg 100w\" sizes=\"(max-width: 923px) 100vw, 923px\" \/><\/p>","protected":false},"excerpt":{"rendered":"<p>Features: Officially Licensed Pok\u00e9mon Product: These keychains are officially licensed, featuring Pikachu in various adorable Valentine&#8217;s Day themes. High-Quality Material: Made from durable, non-toxic ABS plastic, ensuring safety and longevity for everyday use. Compact and Portable: Small size perfect for attaching to keys, backpacks, or handbags, adding a cute touch to your belongings. Variety of [&hellip;]<\/p>","protected":false},"featured_media":28964,"comment_status":"open","ping_status":"closed","template":"","meta":[],"product_brand":[],"product_cat":[1222,1207],"product_tag":[],"class_list":{"0":"post-28961","1":"product","2":"type-product","3":"status-publish","4":"has-post-thumbnail","6":"product_cat-action-figures","7":"product_cat-anime-manga-peripherals","8":"product_shipping_class-preorder","9":"product-has-variation-images","11":"first","12":"onbackorder","13":"taxable","14":"shipping-taxable","15":"purchasable","16":"product-type-variable"},"_links":{"self":[{"href":"https:\/\/shuji.ca\/fr\/wp-json\/wp\/v2\/product\/28961","targetHints":{"allow":["GET"]}}],"collection":[{"href":"https:\/\/shuji.ca\/fr\/wp-json\/wp\/v2\/product"}],"about":[{"href":"https:\/\/shuji.ca\/fr\/wp-json\/wp\/v2\/types\/product"}],"replies":[{"embeddable":true,"href":"https:\/\/shuji.ca\/fr\/wp-json\/wp\/v2\/comments?post=28961"}],"wp:featuredmedia":[{"embeddable":true,"href":"https:\/\/shuji.ca\/fr\/wp-json\/wp\/v2\/media\/28964"}],"wp:attachment":[{"href":"https:\/\/shuji.ca\/fr\/wp-json\/wp\/v2\/media?parent=28961"}],"wp:term":[{"taxonomy":"product_brand","embeddable":true,"href":"https:\/\/shuji.ca\/fr\/wp-json\/wp\/v2\/product_brand?post=28961"},{"taxonomy":"product_cat","embeddable":true,"href":"https:\/\/shuji.ca\/fr\/wp-json\/wp\/v2\/product_cat?post=28961"},{"taxonomy":"product_tag","embeddable":true,"href":"https:\/\/shuji.ca\/fr\/wp-json\/wp\/v2\/product_tag?post=28961"}],"curies":[{"name":"wp","href":"https:\/\/api.w.org\/{rel}","templated":true}]}}