{"id":28876,"date":"2024-07-22T12:57:35","date_gmt":"2024-07-22T16:57:35","guid":{"rendered":"https:\/\/shuji.ca\/?post_type=product&#038;p=28876"},"modified":"2025-03-30T16:53:17","modified_gmt":"2025-03-30T20:53:17","slug":"maltese-line-puppy-yummy-series-keychain-set","status":"publish","type":"product","link":"https:\/\/shuji.ca\/fr\/shop\/anime-manga-peripherals\/action-figures\/maltese-line-puppy-yummy-series-keychain-set\/","title":{"rendered":"Porte-cl\u00e9s Maltese Line Puppy Yummy Series sous licence officielle - Cute Sweet Treats"},"content":{"rendered":"<h6>Caract\u00e9ristiques :<\/h6>\n<ul>\n<li>Design maltais sous licence officielle, garantissant l'authenticit\u00e9.<\/li>\n<li>Fabriqu\u00e9 \u00e0 partir de mat\u00e9riaux durables de haute qualit\u00e9 pour une utilisation durable<\/li>\n<li>Adorables friandises \u00e0 l'effigie de chiens de styles diff\u00e9rents<\/li>\n<li>Comprend un porte-cl\u00e9s et un cordon robustes pour une fixation facile aux sacs, aux cl\u00e9s, etc.<\/li>\n<li>Lumineux et color\u00e9, c'est un cadeau id\u00e9al pour les amoureux des chiens et les collectionneurs.<\/li>\n<\/ul>\n<p><img fetchpriority=\"high\" decoding=\"async\" class=\"aligncenter wp-image-28973\" src=\"https:\/\/shuji.ca\/wp-content\/uploads\/2024\/07\/LSAJDASKDJASKLDHJ1.jpg\" alt=\"\" width=\"974\" height=\"974\" srcset=\"https:\/\/shuji.ca\/wp-content\/uploads\/2024\/07\/LSAJDASKDJASKLDHJ1.jpg 800w, https:\/\/shuji.ca\/wp-content\/uploads\/2024\/07\/LSAJDASKDJASKLDHJ1-300x300.jpg 300w, https:\/\/shuji.ca\/wp-content\/uploads\/2024\/07\/LSAJDASKDJASKLDHJ1-150x150.jpg 150w, https:\/\/shuji.ca\/wp-content\/uploads\/2024\/07\/LSAJDASKDJASKLDHJ1-768x768.jpg 768w, https:\/\/shuji.ca\/wp-content\/uploads\/2024\/07\/LSAJDASKDJASKLDHJ1-600x600.jpg 600w, https:\/\/shuji.ca\/wp-content\/uploads\/2024\/07\/LSAJDASKDJASKLDHJ1-100x100.jpg 100w\" sizes=\"(max-width: 974px) 100vw, 974px\" \/> <img decoding=\"async\" class=\"aligncenter wp-image-28974\" src=\"https:\/\/shuji.ca\/wp-content\/uploads\/2024\/07\/ASLKDJASLKDJ1.jpg\" alt=\"\" width=\"972\" height=\"972\" srcset=\"https:\/\/shuji.ca\/wp-content\/uploads\/2024\/07\/ASLKDJASLKDJ1.jpg 800w, https:\/\/shuji.ca\/wp-content\/uploads\/2024\/07\/ASLKDJASLKDJ1-300x300.jpg 300w, https:\/\/shuji.ca\/wp-content\/uploads\/2024\/07\/ASLKDJASLKDJ1-150x150.jpg 150w, https:\/\/shuji.ca\/wp-content\/uploads\/2024\/07\/ASLKDJASLKDJ1-768x768.jpg 768w, https:\/\/shuji.ca\/wp-content\/uploads\/2024\/07\/ASLKDJASLKDJ1-600x600.jpg 600w, https:\/\/shuji.ca\/wp-content\/uploads\/2024\/07\/ASLKDJASLKDJ1-100x100.jpg 100w\" sizes=\"(max-width: 972px) 100vw, 972px\" \/> <img decoding=\"async\" class=\"aligncenter\" src=\"https:\/\/cbu01.alicdn.com\/img\/ibank\/O1CN01njdi4D26cru2SFZU4_!!2211602717683-0-cib.jpg\" width=\"972\" height=\"972\" \/><img loading=\"lazy\" decoding=\"async\" class=\"aligncenter\" src=\"https:\/\/cbu01.alicdn.com\/img\/ibank\/O1CN01APLMNJ26cru51soEU_!!2211602717683-0-cib.jpg\" width=\"971\" height=\"971\" \/><\/p>","protected":false},"excerpt":{"rendered":"<p>Caract\u00e9ristiques : Design Maltese sous licence officielle, garantissant l'authenticit\u00e9 Fabriqu\u00e9 \u00e0 partir de mat\u00e9riaux durables de haute qualit\u00e9 pour une utilisation durable Dessins de friandises adorables repr\u00e9sentant des chiens dans diff\u00e9rents styles Comprend un porte-cl\u00e9s et un cordon robustes pour une fixation facile sur les sacs, les cl\u00e9s et plus encore Lumineux et color\u00e9, ce qui en fait un excellent cadeau pour les amoureux des chiens et les collectionneurs.<\/p>","protected":false},"featured_media":28973,"comment_status":"open","ping_status":"closed","template":"","meta":[],"product_brand":[],"product_cat":[1222,1207],"product_tag":[],"class_list":{"0":"post-28876","1":"product","2":"type-product","3":"status-publish","4":"has-post-thumbnail","6":"product_cat-action-figures","7":"product_cat-anime-manga-peripherals","8":"product_shipping_class-havestock","9":"product-has-variation-images","11":"first","12":"instock","13":"taxable","14":"shipping-taxable","15":"purchasable","16":"product-type-variable"},"_links":{"self":[{"href":"https:\/\/shuji.ca\/fr\/wp-json\/wp\/v2\/product\/28876","targetHints":{"allow":["GET"]}}],"collection":[{"href":"https:\/\/shuji.ca\/fr\/wp-json\/wp\/v2\/product"}],"about":[{"href":"https:\/\/shuji.ca\/fr\/wp-json\/wp\/v2\/types\/product"}],"replies":[{"embeddable":true,"href":"https:\/\/shuji.ca\/fr\/wp-json\/wp\/v2\/comments?post=28876"}],"wp:featuredmedia":[{"embeddable":true,"href":"https:\/\/shuji.ca\/fr\/wp-json\/wp\/v2\/media\/28973"}],"wp:attachment":[{"href":"https:\/\/shuji.ca\/fr\/wp-json\/wp\/v2\/media?parent=28876"}],"wp:term":[{"taxonomy":"product_brand","embeddable":true,"href":"https:\/\/shuji.ca\/fr\/wp-json\/wp\/v2\/product_brand?post=28876"},{"taxonomy":"product_cat","embeddable":true,"href":"https:\/\/shuji.ca\/fr\/wp-json\/wp\/v2\/product_cat?post=28876"},{"taxonomy":"product_tag","embeddable":true,"href":"https:\/\/shuji.ca\/fr\/wp-json\/wp\/v2\/product_tag?post=28876"}],"curies":[{"name":"wp","href":"https:\/\/api.w.org\/{rel}","templated":true}]}}