{"id":28853,"date":"2024-07-21T23:30:52","date_gmt":"2024-07-22T03:30:52","guid":{"rendered":"https:\/\/shuji.ca\/?post_type=product&#038;p=28853"},"modified":"2024-08-12T02:17:58","modified_gmt":"2024-08-12T06:17:58","slug":"sanrio-pochacco-lucky-series-figure-new-year-celebration","status":"publish","type":"product","link":"https:\/\/shuji.ca\/fr\/shop\/anime-manga-peripherals\/action-figures\/sanrio-pochacco-lucky-series-figure-new-year-celebration\/","title":{"rendered":"Sanrio Pochacco Lucky Series Figure - C\u00e9l\u00e9bration du Nouvel An"},"content":{"rendered":"<p><strong>Caract\u00e9ristiques :<\/strong><\/p>\n<ul>\n<li>Mat\u00e9riau de haute qualit\u00e9 : Fabriqu\u00e9 en PVC durable, il garantit la long\u00e9vit\u00e9 et une sensation de qualit\u00e9 sup\u00e9rieure.<\/li>\n<li>Taille parfaite : Dimensions compactes de 55 mm x 85 mm, id\u00e9ales pour une pr\u00e9sentation sur un bureau ou une \u00e9tag\u00e8re.<\/li>\n<li>Design unique : L'adorable personnage de Pochacco tient une orange porte-bonheur, symbole de prosp\u00e9rit\u00e9.<\/li>\n<li>Superbe cadeau : Un excellent cadeau pour le Nouvel An ou un prix pour les fans de Sanrio et les enfants, parfait pour r\u00e9pandre la joie et la chance.<\/li>\n<\/ul>\n<p><img decoding=\"async\" class=\"aligncenter\" src=\"https:\/\/cbu01.alicdn.com\/img\/ibank\/O1CN01bMuDYl26crsvoHyFi_!!2211602717683-0-cib.jpg\" \/><img decoding=\"async\" class=\"aligncenter\" src=\"https:\/\/cbu01.alicdn.com\/img\/ibank\/O1CN01ydJ3tV26crsxuL1am_!!2211602717683-0-cib.jpg\" \/><img decoding=\"async\" class=\"aligncenter\" src=\"https:\/\/cbu01.alicdn.com\/img\/ibank\/O1CN01S17K8U26crstoTLMi_!!2211602717683-0-cib.jpg\" \/><img decoding=\"async\" class=\"aligncenter\" src=\"https:\/\/cbu01.alicdn.com\/img\/ibank\/O1CN01EhWlTC26crstsjueb_!!2211602717683-0-cib.jpg\" \/><img decoding=\"async\" class=\"aligncenter\" src=\"https:\/\/cbu01.alicdn.com\/img\/ibank\/O1CN01Mn5cMf26crslmVlUM_!!2211602717683-0-cib.jpg\" \/><img decoding=\"async\" class=\"aligncenter\" src=\"https:\/\/cbu01.alicdn.com\/img\/ibank\/O1CN0112tdGU26crsrz7InH_!!2211602717683-0-cib.jpg\" \/><img decoding=\"async\" class=\"aligncenter\" src=\"https:\/\/cbu01.alicdn.com\/img\/ibank\/O1CN01EBilKe26crsxZw910_!!2211602717683-0-cib.jpg\" \/><img decoding=\"async\" class=\"aligncenter\" src=\"https:\/\/cbu01.alicdn.com\/img\/ibank\/O1CN01Ivtt3g26crsxZz1nU_!!2211602717683-0-cib.jpg\" \/><img decoding=\"async\" class=\"aligncenter\" src=\"https:\/\/cbu01.alicdn.com\/img\/ibank\/O1CN012PeepU26crsulPoHn_!!2211602717683-0-cib.jpg\" \/><img decoding=\"async\" class=\"aligncenter\" src=\"https:\/\/cbu01.alicdn.com\/img\/ibank\/O1CN01rJTL2F26crsqNPpMf_!!2211602717683-0-cib.jpg\" \/><img decoding=\"async\" class=\"aligncenter\" src=\"https:\/\/cbu01.alicdn.com\/img\/ibank\/O1CN01xqy9ye26crsto9fVL_!!2211602717683-0-cib.jpg\" \/><\/p>","protected":false},"excerpt":{"rendered":"<p>Features: High-Quality Material: Made from durable PVC, ensuring longevity and a premium feel. Perfect Size: Compact dimensions of 55mm x 85mm, ideal for desk or shelf display. Unique Design: Features the adorable Pochacco character holding a lucky orange, symbolizing prosperity. Great Gift: An excellent New Year gift or prize for Sanrio fans and children, perfect [&hellip;]<\/p>","protected":false},"featured_media":28860,"comment_status":"open","ping_status":"closed","template":"","meta":[],"product_brand":[],"product_cat":[1222,1207],"product_tag":[],"class_list":{"0":"post-28853","1":"product","2":"type-product","3":"status-publish","4":"has-post-thumbnail","6":"product_cat-action-figures","7":"product_cat-anime-manga-peripherals","8":"product_shipping_class-havestock","9":"product-has-variation-images","11":"first","12":"instock","13":"taxable","14":"shipping-taxable","15":"purchasable","16":"product-type-variable"},"_links":{"self":[{"href":"https:\/\/shuji.ca\/fr\/wp-json\/wp\/v2\/product\/28853","targetHints":{"allow":["GET"]}}],"collection":[{"href":"https:\/\/shuji.ca\/fr\/wp-json\/wp\/v2\/product"}],"about":[{"href":"https:\/\/shuji.ca\/fr\/wp-json\/wp\/v2\/types\/product"}],"replies":[{"embeddable":true,"href":"https:\/\/shuji.ca\/fr\/wp-json\/wp\/v2\/comments?post=28853"}],"wp:featuredmedia":[{"embeddable":true,"href":"https:\/\/shuji.ca\/fr\/wp-json\/wp\/v2\/media\/28860"}],"wp:attachment":[{"href":"https:\/\/shuji.ca\/fr\/wp-json\/wp\/v2\/media?parent=28853"}],"wp:term":[{"taxonomy":"product_brand","embeddable":true,"href":"https:\/\/shuji.ca\/fr\/wp-json\/wp\/v2\/product_brand?post=28853"},{"taxonomy":"product_cat","embeddable":true,"href":"https:\/\/shuji.ca\/fr\/wp-json\/wp\/v2\/product_cat?post=28853"},{"taxonomy":"product_tag","embeddable":true,"href":"https:\/\/shuji.ca\/fr\/wp-json\/wp\/v2\/product_tag?post=28853"}],"curies":[{"name":"wp","href":"https:\/\/api.w.org\/{rel}","templated":true}]}}