{"id":28841,"date":"2024-07-21T23:22:47","date_gmt":"2024-07-22T03:22:47","guid":{"rendered":"https:\/\/shuji.ca\/?post_type=product&#038;p=28841"},"modified":"2024-08-12T02:22:36","modified_gmt":"2024-08-12T06:22:36","slug":"sanrio-characters-star-night-light-keychain-2024-new-design-creative-bag-charm","status":"publish","type":"product","link":"https:\/\/shuji.ca\/fr\/shop\/anime-manga-peripherals\/action-figures\/sanrio-characters-star-night-light-keychain-2024-new-design-creative-bag-charm\/","title":{"rendered":"Sanrio Characters Star Night Light Keychain - 2024 New Design Creative Bag Charm"},"content":{"rendered":"<p><strong>Caract\u00e9ristiques :<\/strong><\/p>\n<ul>\n<li>Design officiel de Sanrio : Les personnages Sanrio les plus populaires sont My Melody, Pochacco, Cinnamoroll et Kuromi.<\/li>\n<li>Double fonction : Sert \u00e0 la fois de porte-cl\u00e9s et de petite veilleuse, offrant un \u00e9clairage doux.<\/li>\n<li>Compact et l\u00e9ger : Facile \u00e0 attacher aux cl\u00e9s, aux sacs ou aux sacs \u00e0 dos sans ajouter d'encombrement.<\/li>\n<li>Mat\u00e9riau de haute qualit\u00e9 : Fabriqu\u00e9 en ABS durable et sans COV, ainsi qu'en d'autres mat\u00e9riaux s\u00fbrs.<\/li>\n<li>Fonctionne avec des piles : Interrupteur marche\/arr\u00eat simple pour une utilisation pratique ; aliment\u00e9 par des piles rempla\u00e7ables.<\/li>\n<li>Cadeau parfait : Id\u00e9al pour les fans des personnages de Sanrio, convient pour diverses occasions telles que les anniversaires et les f\u00eates.<\/li>\n<\/ul>\n<p><img decoding=\"async\" class=\"aligncenter\" src=\"https:\/\/cbu01.alicdn.com\/img\/ibank\/O1CN01v64yql26crvfZD2nf_!!2211602717683-0-cib.jpg\" \/><img decoding=\"async\" class=\"aligncenter\" src=\"https:\/\/cbu01.alicdn.com\/img\/ibank\/O1CN01AU4XbN26crvfZBlq0_!!2211602717683-0-cib.jpg\" \/><img decoding=\"async\" class=\"aligncenter\" src=\"https:\/\/cbu01.alicdn.com\/img\/ibank\/O1CN01ayZu6B26crvVBEmH5_!!2211602717683-0-cib.jpg\" \/><img decoding=\"async\" class=\"aligncenter\" src=\"https:\/\/cbu01.alicdn.com\/img\/ibank\/O1CN01YG8teu26crvb1DPKf_!!2211602717683-0-cib.jpg\" \/><img decoding=\"async\" class=\"aligncenter\" src=\"https:\/\/cbu01.alicdn.com\/img\/ibank\/O1CN01pFCY1S26crvb1F17x_!!2211602717683-0-cib.jpg\" \/><img decoding=\"async\" class=\"aligncenter\" src=\"https:\/\/cbu01.alicdn.com\/img\/ibank\/O1CN01S9umcn26crvdImdj2_!!2211602717683-0-cib.jpg\" \/><img decoding=\"async\" class=\"aligncenter\" src=\"https:\/\/cbu01.alicdn.com\/img\/ibank\/O1CN01qPk0FN26crvekBfdk_!!2211602717683-0-cib.jpg\" \/><img decoding=\"async\" class=\"aligncenter\" src=\"https:\/\/cbu01.alicdn.com\/img\/ibank\/O1CN0163GfDf26crvaeJmGt_!!2211602717683-0-cib.jpg\" \/><img decoding=\"async\" class=\"aligncenter\" src=\"https:\/\/cbu01.alicdn.com\/img\/ibank\/O1CN01L3I1VY26crvdIlERM_!!2211602717683-0-cib.jpg\" \/><img decoding=\"async\" class=\"aligncenter\" src=\"https:\/\/cbu01.alicdn.com\/img\/ibank\/O1CN01nNntR826crvVBI43x_!!2211602717683-0-cib.jpg\" \/><\/p>\n<p>&nbsp;<\/p>","protected":false},"excerpt":{"rendered":"<p>Features: Official Sanrio Design: Features popular Sanrio characters including My Melody, Pochacco, Cinnamoroll, and Kuromi. Dual Functionality: Acts as both a keychain and a small night light, providing gentle illumination. Compact and Lightweight: Easy to attach to keys, bags, or backpacks without adding bulk. High-Quality Material: Made from durable, VOC-free ABS and other safe materials. [&hellip;]<\/p>","protected":false},"featured_media":28852,"comment_status":"open","ping_status":"closed","template":"","meta":[],"product_brand":[],"product_cat":[1222,1207],"product_tag":[],"class_list":{"0":"post-28841","1":"product","2":"type-product","3":"status-publish","4":"has-post-thumbnail","6":"product_cat-action-figures","7":"product_cat-anime-manga-peripherals","8":"product_shipping_class-havestock","9":"product-has-variation-images","11":"first","12":"instock","13":"taxable","14":"shipping-taxable","15":"purchasable","16":"product-type-variable"},"_links":{"self":[{"href":"https:\/\/shuji.ca\/fr\/wp-json\/wp\/v2\/product\/28841","targetHints":{"allow":["GET"]}}],"collection":[{"href":"https:\/\/shuji.ca\/fr\/wp-json\/wp\/v2\/product"}],"about":[{"href":"https:\/\/shuji.ca\/fr\/wp-json\/wp\/v2\/types\/product"}],"replies":[{"embeddable":true,"href":"https:\/\/shuji.ca\/fr\/wp-json\/wp\/v2\/comments?post=28841"}],"wp:featuredmedia":[{"embeddable":true,"href":"https:\/\/shuji.ca\/fr\/wp-json\/wp\/v2\/media\/28852"}],"wp:attachment":[{"href":"https:\/\/shuji.ca\/fr\/wp-json\/wp\/v2\/media?parent=28841"}],"wp:term":[{"taxonomy":"product_brand","embeddable":true,"href":"https:\/\/shuji.ca\/fr\/wp-json\/wp\/v2\/product_brand?post=28841"},{"taxonomy":"product_cat","embeddable":true,"href":"https:\/\/shuji.ca\/fr\/wp-json\/wp\/v2\/product_cat?post=28841"},{"taxonomy":"product_tag","embeddable":true,"href":"https:\/\/shuji.ca\/fr\/wp-json\/wp\/v2\/product_tag?post=28841"}],"curies":[{"name":"wp","href":"https:\/\/api.w.org\/{rel}","templated":true}]}}