{"id":28800,"date":"2024-07-21T23:14:00","date_gmt":"2024-07-22T03:14:00","guid":{"rendered":"https:\/\/shuji.ca\/?post_type=product&#038;p=28800"},"modified":"2024-08-12T02:30:09","modified_gmt":"2024-08-12T06:30:09","slug":"zanmang-loopy-keychain-series-cute-cartoon-animal-bag-charm","status":"publish","type":"product","link":"https:\/\/shuji.ca\/fr\/shop\/anime-manga-peripherals\/action-figures\/zanmang-loopy-keychain-series-cute-cartoon-animal-bag-charm\/","title":{"rendered":"ZanMang Loopy Keychain Series - Breloque de sac en forme d'animal de dessin anim\u00e9"},"content":{"rendered":"<h6>Caract\u00e9ristiques :<\/h6>\n<ul>\n<li>Mat\u00e9riau de haute qualit\u00e9 : Fabriqu\u00e9 en plastique durable et s\u00fbr pour une utilisation de longue dur\u00e9e.<\/li>\n<li>Design adorable : Loopy prend diverses poses mignonnes.<\/li>\n<li>Utilisation polyvalente : Parfait comme porte-cl\u00e9s, d\u00e9coration ou breloque de sac.<\/li>\n<li>Taille compacte : Facile \u00e0 transporter et \u00e0 attacher aux cl\u00e9s, aux sacs ou \u00e0 d'autres accessoires.<\/li>\n<li>Produit sous licence : Officiellement autoris\u00e9 par Zanmang, garantissant l'authenticit\u00e9 et la qualit\u00e9.<\/li>\n<\/ul>\n<p><img decoding=\"async\" class=\"aligncenter\" src=\"https:\/\/cbu01.alicdn.com\/img\/ibank\/O1CN01QoB3h826crublJ7qQ_!!2211602717683-0-cib.jpg\" \/><img decoding=\"async\" class=\"aligncenter\" src=\"https:\/\/cbu01.alicdn.com\/img\/ibank\/O1CN01RDi4R126cruZYyYSp_!!2211602717683-0-cib.jpg\" \/><img decoding=\"async\" class=\"aligncenter\" src=\"https:\/\/cbu01.alicdn.com\/img\/ibank\/O1CN01uUszgJ26cruXqIjaI_!!2211602717683-0-cib.jpg\" \/><img decoding=\"async\" class=\"aligncenter\" src=\"https:\/\/cbu01.alicdn.com\/img\/ibank\/O1CN01UUb51126crubv9z5X_!!2211602717683-0-cib.jpg\" \/><img decoding=\"async\" class=\"aligncenter\" src=\"https:\/\/cbu01.alicdn.com\/img\/ibank\/O1CN01Pny8Gf26cruZYwTZX_!!2211602717683-0-cib.jpg\" \/><img decoding=\"async\" class=\"aligncenter\" src=\"https:\/\/cbu01.alicdn.com\/img\/ibank\/O1CN01yfJpGo26crud9mQ5s_!!2211602717683-0-cib.jpg\" \/><img decoding=\"async\" class=\"aligncenter\" src=\"https:\/\/cbu01.alicdn.com\/img\/ibank\/O1CN01cpxANT26crud9jOzi_!!2211602717683-0-cib.jpg\" \/><img decoding=\"async\" class=\"aligncenter\" src=\"https:\/\/cbu01.alicdn.com\/img\/ibank\/O1CN01oCPmS226cruZamnml_!!2211602717683-0-cib.jpg\" \/><img decoding=\"async\" class=\"aligncenter\" src=\"https:\/\/cbu01.alicdn.com\/img\/ibank\/O1CN01kM5wna26cruXRdCsP_!!2211602717683-0-cib.jpg\" \/><img decoding=\"async\" class=\"aligncenter\" src=\"https:\/\/cbu01.alicdn.com\/img\/ibank\/O1CN019Wqi7r26cruWU4XgP_!!2211602717683-0-cib.jpg\" \/><img decoding=\"async\" class=\"aligncenter\" src=\"https:\/\/cbu01.alicdn.com\/img\/ibank\/O1CN01MB7f9e26cruZaq1Nm_!!2211602717683-0-cib.jpg\" \/><img decoding=\"async\" class=\"aligncenter\" src=\"https:\/\/cbu01.alicdn.com\/img\/ibank\/O1CN014KRgQl26cruduzkfb_!!2211602717683-0-cib.jpg\" \/><img decoding=\"async\" class=\"aligncenter\" src=\"https:\/\/cbu01.alicdn.com\/img\/ibank\/O1CN01yhS7uj26cruXReLZq_!!2211602717683-0-cib.jpg\" \/><\/p>\n<p>&nbsp;<\/p>","protected":false},"excerpt":{"rendered":"<p>Features: High-Quality Material: Made from durable and safe plastic for long-lasting use. Adorable Design: Features Loopy in various cute poses. Multi-Purpose Use: Perfect as a keychain, decoration, or bag charm. Compact Size: Easy to carry around and attach to keys, bags, or other accessories. Licensed Product: Officially authorized by Zanmang, ensuring authenticity and quality. &nbsp;<\/p>","protected":false},"featured_media":28820,"comment_status":"open","ping_status":"closed","template":"","meta":[],"product_brand":[],"product_cat":[1222,1207],"product_tag":[],"class_list":{"0":"post-28800","1":"product","2":"type-product","3":"status-publish","4":"has-post-thumbnail","6":"product_cat-action-figures","7":"product_cat-anime-manga-peripherals","8":"product_shipping_class-havestock","9":"product-has-variation-images","11":"first","12":"instock","13":"taxable","14":"shipping-taxable","15":"purchasable","16":"product-type-variable"},"_links":{"self":[{"href":"https:\/\/shuji.ca\/fr\/wp-json\/wp\/v2\/product\/28800","targetHints":{"allow":["GET"]}}],"collection":[{"href":"https:\/\/shuji.ca\/fr\/wp-json\/wp\/v2\/product"}],"about":[{"href":"https:\/\/shuji.ca\/fr\/wp-json\/wp\/v2\/types\/product"}],"replies":[{"embeddable":true,"href":"https:\/\/shuji.ca\/fr\/wp-json\/wp\/v2\/comments?post=28800"}],"wp:featuredmedia":[{"embeddable":true,"href":"https:\/\/shuji.ca\/fr\/wp-json\/wp\/v2\/media\/28820"}],"wp:attachment":[{"href":"https:\/\/shuji.ca\/fr\/wp-json\/wp\/v2\/media?parent=28800"}],"wp:term":[{"taxonomy":"product_brand","embeddable":true,"href":"https:\/\/shuji.ca\/fr\/wp-json\/wp\/v2\/product_brand?post=28800"},{"taxonomy":"product_cat","embeddable":true,"href":"https:\/\/shuji.ca\/fr\/wp-json\/wp\/v2\/product_cat?post=28800"},{"taxonomy":"product_tag","embeddable":true,"href":"https:\/\/shuji.ca\/fr\/wp-json\/wp\/v2\/product_tag?post=28800"}],"curies":[{"name":"wp","href":"https:\/\/api.w.org\/{rel}","templated":true}]}}