{"id":28733,"date":"2024-07-21T21:49:03","date_gmt":"2024-07-22T01:49:03","guid":{"rendered":"https:\/\/shuji.ca\/?post_type=product&#038;p=28733"},"modified":"2024-08-12T02:40:27","modified_gmt":"2024-08-12T06:40:27","slug":"sanrio-plush-doll-keychain-hello-kitty-and-friends-cartoon-bag-charms","status":"publish","type":"product","link":"https:\/\/shuji.ca\/fr\/shop\/anime-manga-peripherals\/action-figures\/sanrio-plush-doll-keychain-hello-kitty-and-friends-cartoon-bag-charms\/","title":{"rendered":"Porte-cl\u00e9s poup\u00e9e peluche Sanrio - Hello Kitty and Friends Cartoon Bag Charms"},"content":{"rendered":"<p><strong>Caract\u00e9ristiques :<\/strong><\/p>\n<ul>\n<li>Licence officielle : Autoris\u00e9 par Sanrio, garantissant l'authenticit\u00e9 et la qualit\u00e9.<\/li>\n<li>Mat\u00e9riaux de haute qualit\u00e9 : Fabriqu\u00e9 \u00e0 partir de peluches et de mat\u00e9riaux m\u00e9talliques durables et s\u00fbrs.<\/li>\n<li>Designs adorables : Les personnages populaires de Sanrio, Kuromi et Pochacco, sont repr\u00e9sent\u00e9s dans une esth\u00e9tique de dessin anim\u00e9.<\/li>\n<li>Polyvalent : peut \u00eatre utilis\u00e9 comme porte-cl\u00e9s, breloque de sac ou accessoire de voiture.<\/li>\n<li>Fixation facile : \u00c9quip\u00e9 d'un clip et d'un anneau pratiques pour une fixation facile aux sacs, aux cl\u00e9s ou \u00e0 d'autres objets.<\/li>\n<li>Cadeau parfait : Id\u00e9al pour les fans des personnages de Sanrio et tous ceux qui aiment les accessoires mignons et charmants.<\/li>\n<\/ul>\n<p><img decoding=\"async\" class=\"aligncenter\" src=\"https:\/\/cbu01.alicdn.com\/img\/ibank\/O1CN01iMTPWE26crv9SKffg_!!2211602717683-0-cib.jpg\" \/><img decoding=\"async\" class=\"aligncenter\" src=\"https:\/\/cbu01.alicdn.com\/img\/ibank\/O1CN010nXCno26crvEueg6C_!!2211602717683-0-cib.jpg\" \/><img decoding=\"async\" class=\"aligncenter\" src=\"https:\/\/cbu01.alicdn.com\/img\/ibank\/O1CN01Z83E4O26crvEudsC4_!!2211602717683-0-cib.jpg\" \/><img decoding=\"async\" class=\"aligncenter\" src=\"https:\/\/cbu01.alicdn.com\/img\/ibank\/O1CN01JKE7Zu26crvKGhkN0_!!2211602717683-0-cib.jpg\" \/><img decoding=\"async\" class=\"aligncenter\" src=\"https:\/\/cbu01.alicdn.com\/img\/ibank\/O1CN01H0pNux26crv9SLH73_!!2211602717683-0-cib.jpg\" \/><img decoding=\"async\" class=\"aligncenter\" src=\"https:\/\/cbu01.alicdn.com\/img\/ibank\/O1CN018Ysm5A26crv9SL8nL_!!2211602717683-0-cib.jpg\" \/><img decoding=\"async\" class=\"aligncenter\" src=\"https:\/\/cbu01.alicdn.com\/img\/ibank\/O1CN01ub3JJu26crvHjnY82_!!2211602717683-0-cib.jpg\" \/><img decoding=\"async\" class=\"aligncenter\" src=\"https:\/\/cbu01.alicdn.com\/img\/ibank\/O1CN01jhLArm26crvKGjcov_!!2211602717683-0-cib.jpg\" \/><img decoding=\"async\" class=\"aligncenter\" src=\"https:\/\/cbu01.alicdn.com\/img\/ibank\/O1CN01miiexm26crvL1DuQk_!!2211602717683-0-cib.jpg\" \/><img decoding=\"async\" class=\"aligncenter\" src=\"https:\/\/cbu01.alicdn.com\/img\/ibank\/O1CN01Fm0Tkh26crvEuebxt_!!2211602717683-0-cib.jpg\" \/><img decoding=\"async\" class=\"aligncenter\" src=\"https:\/\/cbu01.alicdn.com\/img\/ibank\/O1CN01MPCsi226crvKGjYf9_!!2211602717683-0-cib.jpg\" \/><img decoding=\"async\" class=\"aligncenter\" src=\"https:\/\/cbu01.alicdn.com\/img\/ibank\/O1CN01Ia3HUm26crvGrdPkq_!!2211602717683-0-cib.jpg\" \/><\/p>","protected":false},"excerpt":{"rendered":"<p>Features: Officially Licensed: Authorized by Sanrio, ensuring authenticity and quality. High-Quality Materials: Made from durable and safe plush and metal materials. Adorable Designs: Features popular Sanrio characters, Kuromi and Pochacco, with cute cartoon aesthetics. Multi-Purpose: Can be used as a keychain, bag charm, or car accessory. Easy Attachment: Equipped with a convenient clip and ring [&hellip;]<\/p>","protected":false},"featured_media":28743,"comment_status":"open","ping_status":"closed","template":"","meta":[],"product_brand":[],"product_cat":[1222,1207],"product_tag":[],"class_list":{"0":"post-28733","1":"product","2":"type-product","3":"status-publish","4":"has-post-thumbnail","6":"product_cat-action-figures","7":"product_cat-anime-manga-peripherals","8":"product_shipping_class-havestock","9":"product-has-variation-images","11":"first","12":"instock","13":"taxable","14":"shipping-taxable","15":"purchasable","16":"product-type-variable"},"_links":{"self":[{"href":"https:\/\/shuji.ca\/fr\/wp-json\/wp\/v2\/product\/28733","targetHints":{"allow":["GET"]}}],"collection":[{"href":"https:\/\/shuji.ca\/fr\/wp-json\/wp\/v2\/product"}],"about":[{"href":"https:\/\/shuji.ca\/fr\/wp-json\/wp\/v2\/types\/product"}],"replies":[{"embeddable":true,"href":"https:\/\/shuji.ca\/fr\/wp-json\/wp\/v2\/comments?post=28733"}],"wp:featuredmedia":[{"embeddable":true,"href":"https:\/\/shuji.ca\/fr\/wp-json\/wp\/v2\/media\/28743"}],"wp:attachment":[{"href":"https:\/\/shuji.ca\/fr\/wp-json\/wp\/v2\/media?parent=28733"}],"wp:term":[{"taxonomy":"product_brand","embeddable":true,"href":"https:\/\/shuji.ca\/fr\/wp-json\/wp\/v2\/product_brand?post=28733"},{"taxonomy":"product_cat","embeddable":true,"href":"https:\/\/shuji.ca\/fr\/wp-json\/wp\/v2\/product_cat?post=28733"},{"taxonomy":"product_tag","embeddable":true,"href":"https:\/\/shuji.ca\/fr\/wp-json\/wp\/v2\/product_tag?post=28733"}],"curies":[{"name":"wp","href":"https:\/\/api.w.org\/{rel}","templated":true}]}}