{"id":28723,"date":"2024-07-21T21:24:21","date_gmt":"2024-07-22T01:24:21","guid":{"rendered":"https:\/\/shuji.ca\/?post_type=product&#038;p=28723"},"modified":"2024-08-12T02:44:01","modified_gmt":"2024-08-12T06:44:01","slug":"moon-lab-studio-maltese-and-retriever-keychain","status":"publish","type":"product","link":"https:\/\/shuji.ca\/fr\/shop\/anime-manga-peripherals\/action-figures\/moon-lab-studio-maltese-and-retriever-keychain\/","title":{"rendered":"Porte-cl\u00e9s Moon Lab Studio Maltese et Retriever"},"content":{"rendered":"<p><strong>Caract\u00e9ristiques :<\/strong><\/p>\n<ul>\n<li>Sous licence du studio Moon Lab.<\/li>\n<li>Design adorable : Un chien mignon dessin\u00e9 au trait tient un c\u0153ur rouge, parfait pour exprimer l'amour et l'affection.<\/li>\n<li>Options multi-couleurs : Disponible en diff\u00e9rentes couleurs pour s'adapter \u00e0 votre style personnel.<\/li>\n<li>Polyvalent : peut \u00eatre utilis\u00e9 comme porte-cl\u00e9s, breloque de sac ou accessoire de voiture.<\/li>\n<li>Mat\u00e9riaux de haute qualit\u00e9 : Fabriqu\u00e9 \u00e0 partir de mat\u00e9riaux durables et s\u00fbrs.<\/li>\n<li>Cadeau parfait : C'est un cadeau id\u00e9al pour les amis, les proches et tous ceux qui aiment les accessoires mignons et charmants.<\/li>\n<\/ul>\n<p><img decoding=\"async\" class=\"aligncenter\" src=\"https:\/\/cbu01.alicdn.com\/img\/ibank\/O1CN01eAj5aQ26crva21LTJ_!!2211602717683-0-cib.jpg\" \/><\/p>\n<p><img decoding=\"async\" class=\"aligncenter\" src=\"https:\/\/cbu01.alicdn.com\/img\/ibank\/O1CN01KwtAZq26crvVSiTME_!!2211602717683-0-cib.jpg\" \/><\/p>\n<p><img decoding=\"async\" class=\"aligncenter\" src=\"https:\/\/cbu01.alicdn.com\/img\/ibank\/O1CN01Af72Cu26crvbhroQP_!!2211602717683-0-cib.jpg\" \/><\/p>\n<p><img decoding=\"async\" class=\"aligncenter\" src=\"https:\/\/cbu01.alicdn.com\/img\/ibank\/O1CN01ZW6Mf726crvaKTJjv_!!2211602717683-0-cib.jpg\" \/><\/p>\n<p><img decoding=\"async\" class=\"aligncenter\" src=\"https:\/\/cbu01.alicdn.com\/img\/ibank\/O1CN01DFxAF826crvZ67SUK_!!2211602717683-0-cib.jpg\" \/><\/p>\n<p><img decoding=\"async\" class=\"aligncenter\" src=\"https:\/\/cbu01.alicdn.com\/img\/ibank\/O1CN01Mzl1Hd26crvV5dy1l_!!2211602717683-0-cib.jpg\" \/><\/p>\n<p><img decoding=\"async\" class=\"aligncenter\" src=\"https:\/\/cbu01.alicdn.com\/img\/ibank\/O1CN01LCIyxD26crvb42PEj_!!2211602717683-0-cib.jpg\" \/><\/p>\n<p><img decoding=\"async\" class=\"aligncenter\" src=\"https:\/\/cbu01.alicdn.com\/img\/ibank\/O1CN01p9ueqo26crvaKQpuX_!!2211602717683-0-cib.jpg\" \/><\/p>","protected":false},"excerpt":{"rendered":"<p>Features: Licensed by the Moon Lab Studio. Adorable Design: Features a cute line drawing dog holding a red heart, perfect for expressing love and affection. Multi-Color Options: Available in different colors to suit your personal style. Multi-Purpose: Can be used as a keychain, bag charm, or car accessory. High-Quality Materials: Made from durable and safe [&hellip;]<\/p>","protected":false},"featured_media":28730,"comment_status":"open","ping_status":"closed","template":"","meta":[],"product_brand":[],"product_cat":[1222,1207],"product_tag":[],"class_list":{"0":"post-28723","1":"product","2":"type-product","3":"status-publish","4":"has-post-thumbnail","6":"product_cat-action-figures","7":"product_cat-anime-manga-peripherals","8":"product_shipping_class-havestock","9":"product-has-variation-images","11":"first","12":"instock","13":"taxable","14":"shipping-taxable","15":"purchasable","16":"product-type-variable"},"_links":{"self":[{"href":"https:\/\/shuji.ca\/fr\/wp-json\/wp\/v2\/product\/28723","targetHints":{"allow":["GET"]}}],"collection":[{"href":"https:\/\/shuji.ca\/fr\/wp-json\/wp\/v2\/product"}],"about":[{"href":"https:\/\/shuji.ca\/fr\/wp-json\/wp\/v2\/types\/product"}],"replies":[{"embeddable":true,"href":"https:\/\/shuji.ca\/fr\/wp-json\/wp\/v2\/comments?post=28723"}],"wp:featuredmedia":[{"embeddable":true,"href":"https:\/\/shuji.ca\/fr\/wp-json\/wp\/v2\/media\/28730"}],"wp:attachment":[{"href":"https:\/\/shuji.ca\/fr\/wp-json\/wp\/v2\/media?parent=28723"}],"wp:term":[{"taxonomy":"product_brand","embeddable":true,"href":"https:\/\/shuji.ca\/fr\/wp-json\/wp\/v2\/product_brand?post=28723"},{"taxonomy":"product_cat","embeddable":true,"href":"https:\/\/shuji.ca\/fr\/wp-json\/wp\/v2\/product_cat?post=28723"},{"taxonomy":"product_tag","embeddable":true,"href":"https:\/\/shuji.ca\/fr\/wp-json\/wp\/v2\/product_tag?post=28723"}],"curies":[{"name":"wp","href":"https:\/\/api.w.org\/{rel}","templated":true}]}}