{"id":28690,"date":"2024-07-21T21:04:44","date_gmt":"2024-07-22T01:04:44","guid":{"rendered":"https:\/\/shuji.ca\/?post_type=product&#038;p=28690"},"modified":"2024-08-12T02:52:22","modified_gmt":"2024-08-12T06:52:22","slug":"butterbear-keychain-with-plush-charm-adorable-bag-and-car-accessory","status":"publish","type":"product","link":"https:\/\/shuji.ca\/fr\/shop\/anime-manga-peripherals\/action-figures\/butterbear-keychain-with-plush-charm-adorable-bag-and-car-accessory\/","title":{"rendered":"Porte-cl\u00e9s ourson avec breloque en peluche - Accessoire adorable pour le sac et la voiture"},"content":{"rendered":"<p><strong>Caract\u00e9ristiques :<\/strong><\/p>\n<ul>\n<li>Licence officielle de la marque Butterbear, garantissant l'authenticit\u00e9 du design et de la qualit\u00e9.<\/li>\n<li>Design adorable : L'adorable personnage de Butterbear ajoute une touche de charme \u00e0 vos accessoires.<\/li>\n<li>Multi-usage : Fonctionne comme un porte-cl\u00e9s ou une breloque d\u00e9corative pour les sacs, les sacs \u00e0 dos ou l'int\u00e9rieur des voitures.<\/li>\n<li>Compact et l\u00e9ger : Facile \u00e0 transporter, il mesure environ 10 cm de long.<\/li>\n<li>Cadeau parfait : Id\u00e9al pour les filles et les fans de personnages mignons, offrant une touche de douceur et de sophistication.<\/li>\n<li>Mat\u00e9riau de haute qualit\u00e9 : Fabriqu\u00e9 en PVC durable et doux et en peluche pour plus de long\u00e9vit\u00e9 et de confort.<\/li>\n<\/ul>\n<p><img decoding=\"async\" class=\"aligncenter\" src=\"https:\/\/cbu01.alicdn.com\/img\/ibank\/O1CN01OGSUyN26crwMRLAyD_!!2211602717683-0-cib.jpg\" \/><\/p>\n<p><img decoding=\"async\" class=\"aligncenter\" src=\"https:\/\/cbu01.alicdn.com\/img\/ibank\/O1CN011LSowj26crwIw0TFu_!!2211602717683-0-cib.jpg\" \/><\/p>\n<p><img decoding=\"async\" class=\"aligncenter\" src=\"https:\/\/cbu01.alicdn.com\/img\/ibank\/O1CN01tJkw5M26crwMNP4dj_!!2211602717683-0-cib.jpg\" \/><\/p>\n<p><img decoding=\"async\" class=\"aligncenter\" src=\"https:\/\/cbu01.alicdn.com\/img\/ibank\/O1CN01mWPG8Y26crwMRIpS4_!!2211602717683-0-cib.jpg\" \/><\/p>\n<p><img decoding=\"async\" class=\"aligncenter\" src=\"https:\/\/cbu01.alicdn.com\/img\/ibank\/O1CN01U4SAXA26crwIbNcoh_!!2211602717683-0-cib.jpg\" \/><\/p>\n<p><img decoding=\"async\" class=\"aligncenter\" src=\"https:\/\/cbu01.alicdn.com\/img\/ibank\/O1CN01W3ipIR26crwHkXrfq_!!2211602717683-0-cib.jpg\" \/><\/p>","protected":false},"excerpt":{"rendered":"<p>Features: Officially licensed by the Butterbear brand, ensuring authentic design and quality. Adorable Design: Features the cute Butterbear character, adding a touch of charm to your accessories. Multi-Use: Functions as a keychain or a decorative charm for bags, backpacks, or car interiors. Compact and Lightweight: Easy to carry around, measuring approximately 10cm in total length. [&hellip;]<\/p>","protected":false},"featured_media":28697,"comment_status":"open","ping_status":"closed","template":"","meta":[],"product_brand":[],"product_cat":[1222,1207],"product_tag":[],"class_list":{"0":"post-28690","1":"product","2":"type-product","3":"status-publish","4":"has-post-thumbnail","6":"product_cat-action-figures","7":"product_cat-anime-manga-peripherals","8":"product_shipping_class-havestock","9":"product-has-variation-images","11":"first","12":"instock","13":"taxable","14":"shipping-taxable","15":"purchasable","16":"product-type-variable"},"_links":{"self":[{"href":"https:\/\/shuji.ca\/fr\/wp-json\/wp\/v2\/product\/28690","targetHints":{"allow":["GET"]}}],"collection":[{"href":"https:\/\/shuji.ca\/fr\/wp-json\/wp\/v2\/product"}],"about":[{"href":"https:\/\/shuji.ca\/fr\/wp-json\/wp\/v2\/types\/product"}],"replies":[{"embeddable":true,"href":"https:\/\/shuji.ca\/fr\/wp-json\/wp\/v2\/comments?post=28690"}],"wp:featuredmedia":[{"embeddable":true,"href":"https:\/\/shuji.ca\/fr\/wp-json\/wp\/v2\/media\/28697"}],"wp:attachment":[{"href":"https:\/\/shuji.ca\/fr\/wp-json\/wp\/v2\/media?parent=28690"}],"wp:term":[{"taxonomy":"product_brand","embeddable":true,"href":"https:\/\/shuji.ca\/fr\/wp-json\/wp\/v2\/product_brand?post=28690"},{"taxonomy":"product_cat","embeddable":true,"href":"https:\/\/shuji.ca\/fr\/wp-json\/wp\/v2\/product_cat?post=28690"},{"taxonomy":"product_tag","embeddable":true,"href":"https:\/\/shuji.ca\/fr\/wp-json\/wp\/v2\/product_tag?post=28690"}],"curies":[{"name":"wp","href":"https:\/\/api.w.org\/{rel}","templated":true}]}}