{"id":28671,"date":"2024-07-21T13:43:39","date_gmt":"2024-07-21T17:43:39","guid":{"rendered":"https:\/\/shuji.ca\/?post_type=product&#038;p=28671"},"modified":"2024-08-18T15:50:36","modified_gmt":"2024-08-18T19:50:36","slug":"officially-licensed-sanrio-animal-wear-series-cute-cartoon-keychain-bag-pendant","status":"publish","type":"product","link":"https:\/\/shuji.ca\/fr\/shop\/anime-manga-peripherals\/action-figures\/officially-licensed-sanrio-animal-wear-series-cute-cartoon-keychain-bag-pendant\/","title":{"rendered":"Porte-cl\u00e9s avec pendentif en forme de dessin anim\u00e9, sous licence officielle Sanrio Animal Wear Series - Kuromi, Pochacco, My Melody et bien d'autres encore"},"content":{"rendered":"<h6>Caract\u00e9ristiques :<\/h6>\n<ul>\n<li>Produit Sanrio sous licence officielle : Authenticit\u00e9 garantie avec la licence officielle.<\/li>\n<li>Mat\u00e9riau de haute qualit\u00e9 : Fabriqu\u00e9 en plastique ABS durable, s\u00fbr et sans COV.<\/li>\n<li>Designs d'animaux mignons : Les personnages populaires de Sanrio dans d'adorables costumes d'animaux.<\/li>\n<li>Porte-cl\u00e9s fonctionnel : Comprend un porte-cl\u00e9s robuste et une sangle permettant de l'attacher facilement aux cl\u00e9s ou aux sacs.<\/li>\n<li>Parfait pour les cadeaux : Id\u00e9al pour les fans de Sanrio et les collectionneurs, pour les anniversaires et les occasions sp\u00e9ciales.<\/li>\n<li>Utilisation polyvalente : Id\u00e9al pour d\u00e9corer les sacs, les cl\u00e9s, les sacs \u00e0 dos ou comme objet de collection.<\/li>\n<\/ul>\n<p><img fetchpriority=\"high\" decoding=\"async\" class=\"aligncenter\" src=\"https:\/\/cbu01.alicdn.com\/img\/ibank\/O1CN01CnAx3d26crs3TGABL_!!2211602717683-0-cib.jpg\" width=\"931\" height=\"1127\" \/><img decoding=\"async\" class=\"aligncenter\" src=\"https:\/\/cbu01.alicdn.com\/img\/ibank\/O1CN01LSXCsB26crs4TQcQd_!!2211602717683-0-cib.jpg\" width=\"928\" height=\"1123\" \/><img decoding=\"async\" class=\"aligncenter\" src=\"https:\/\/cbu01.alicdn.com\/img\/ibank\/O1CN01yN66jD26crs4TSpeh_!!2211602717683-0-cib.jpg\" width=\"929\" height=\"1124\" \/><img loading=\"lazy\" decoding=\"async\" class=\"aligncenter wp-image-28677\" src=\"https:\/\/shuji.ca\/wp-content\/uploads\/2024\/07\/x1-5.jpg\" alt=\"\" width=\"968\" height=\"1173\" srcset=\"https:\/\/shuji.ca\/wp-content\/uploads\/2024\/07\/x1-5.jpg 790w, https:\/\/shuji.ca\/wp-content\/uploads\/2024\/07\/x1-5-248x300.jpg 248w, https:\/\/shuji.ca\/wp-content\/uploads\/2024\/07\/x1-5-768x930.jpg 768w, https:\/\/shuji.ca\/wp-content\/uploads\/2024\/07\/x1-5-600x727.jpg 600w\" sizes=\"(max-width: 968px) 100vw, 968px\" \/><img loading=\"lazy\" decoding=\"async\" class=\"aligncenter wp-image-28678\" src=\"https:\/\/shuji.ca\/wp-content\/uploads\/2024\/07\/x2-5.jpg\" alt=\"\" width=\"967\" height=\"1171\" srcset=\"https:\/\/shuji.ca\/wp-content\/uploads\/2024\/07\/x2-5.jpg 790w, https:\/\/shuji.ca\/wp-content\/uploads\/2024\/07\/x2-5-248x300.jpg 248w, https:\/\/shuji.ca\/wp-content\/uploads\/2024\/07\/x2-5-768x929.jpg 768w, https:\/\/shuji.ca\/wp-content\/uploads\/2024\/07\/x2-5-600x726.jpg 600w\" sizes=\"(max-width: 967px) 100vw, 967px\" \/><img loading=\"lazy\" decoding=\"async\" class=\"aligncenter wp-image-28679\" src=\"https:\/\/shuji.ca\/wp-content\/uploads\/2024\/07\/x3-3.jpg\" alt=\"\" width=\"959\" height=\"1160\" srcset=\"https:\/\/shuji.ca\/wp-content\/uploads\/2024\/07\/x3-3.jpg 790w, https:\/\/shuji.ca\/wp-content\/uploads\/2024\/07\/x3-3-248x300.jpg 248w, https:\/\/shuji.ca\/wp-content\/uploads\/2024\/07\/x3-3-768x929.jpg 768w, https:\/\/shuji.ca\/wp-content\/uploads\/2024\/07\/x3-3-600x726.jpg 600w\" sizes=\"(max-width: 959px) 100vw, 959px\" \/><\/p>","protected":false},"excerpt":{"rendered":"<p>Features: Officially Licensed Sanrio Product: Guaranteed authenticity with official licensing. High-Quality Material: Made of durable, safe, and VOC-free ABS plastic. Cute Animal Designs: Features popular Sanrio characters in adorable animal costumes. Functional Keychain: Includes a sturdy keyring and strap for easy attachment to keys or bags. Perfect for Gifts: Ideal for Sanrio fans and collectors, [&hellip;]<\/p>","protected":false},"featured_media":28866,"comment_status":"open","ping_status":"closed","template":"","meta":[],"product_brand":[],"product_cat":[1222,1207],"product_tag":[],"class_list":{"0":"post-28671","1":"product","2":"type-product","3":"status-publish","4":"has-post-thumbnail","6":"product_cat-action-figures","7":"product_cat-anime-manga-peripherals","8":"product_shipping_class-havestock","9":"product-has-variation-images","11":"first","12":"instock","13":"taxable","14":"shipping-taxable","15":"purchasable","16":"product-type-variable"},"_links":{"self":[{"href":"https:\/\/shuji.ca\/fr\/wp-json\/wp\/v2\/product\/28671","targetHints":{"allow":["GET"]}}],"collection":[{"href":"https:\/\/shuji.ca\/fr\/wp-json\/wp\/v2\/product"}],"about":[{"href":"https:\/\/shuji.ca\/fr\/wp-json\/wp\/v2\/types\/product"}],"replies":[{"embeddable":true,"href":"https:\/\/shuji.ca\/fr\/wp-json\/wp\/v2\/comments?post=28671"}],"wp:featuredmedia":[{"embeddable":true,"href":"https:\/\/shuji.ca\/fr\/wp-json\/wp\/v2\/media\/28866"}],"wp:attachment":[{"href":"https:\/\/shuji.ca\/fr\/wp-json\/wp\/v2\/media?parent=28671"}],"wp:term":[{"taxonomy":"product_brand","embeddable":true,"href":"https:\/\/shuji.ca\/fr\/wp-json\/wp\/v2\/product_brand?post=28671"},{"taxonomy":"product_cat","embeddable":true,"href":"https:\/\/shuji.ca\/fr\/wp-json\/wp\/v2\/product_cat?post=28671"},{"taxonomy":"product_tag","embeddable":true,"href":"https:\/\/shuji.ca\/fr\/wp-json\/wp\/v2\/product_tag?post=28671"}],"curies":[{"name":"wp","href":"https:\/\/api.w.org\/{rel}","templated":true}]}}