{"id":28557,"date":"2024-07-21T00:29:03","date_gmt":"2024-07-21T04:29:03","guid":{"rendered":"https:\/\/shuji.ca\/?post_type=product&#038;p=28557"},"modified":"2024-08-12T03:09:02","modified_gmt":"2024-08-12T07:09:02","slug":"officially-licensed-hangyodon-squeeze-toy-keychain-soft-durable-and-fun-for-stress-relief-and-decoration","status":"publish","type":"product","link":"https:\/\/shuji.ca\/fr\/shop\/anime-manga-peripherals\/action-figures\/officially-licensed-hangyodon-squeeze-toy-keychain-soft-durable-and-fun-for-stress-relief-and-decoration\/","title":{"rendered":"Porte-cl\u00e9s Hangyodon Squeeze Toy sous licence officielle - Doux, durable et amusant pour soulager le stress et pour la d\u00e9coration"},"content":{"rendered":"<h6>Caract\u00e9ristiques :<\/h6>\n<ul>\n<li>Sous licence officielle : Authentique design Hangyodon de Holly Box.<\/li>\n<li>Mat\u00e9riau durable : Fabriqu\u00e9 en silicone de haute qualit\u00e9, non toxique et durable.<\/li>\n<li>Doux et compressible : Les yeux sortent en faisant une dr\u00f4le de grimace.<\/li>\n<li>Porte-cl\u00e9s : S'attache facilement aux cl\u00e9s, aux sacs ou aux sacs \u00e0 dos.<\/li>\n<li>Vari\u00e9t\u00e9 d'expressions : Plusieurs expressions faciales mignonnes et amusantes sont disponibles.<\/li>\n<\/ul>\n<p><img fetchpriority=\"high\" decoding=\"async\" class=\"aligncenter\" src=\"https:\/\/cbu01.alicdn.com\/img\/ibank\/O1CN01s5uyXU26crvIT9HSY_!!2211602717683-0-cib.jpg\" width=\"904\" height=\"1361\" \/><img decoding=\"async\" class=\"aligncenter\" src=\"https:\/\/cbu01.alicdn.com\/img\/ibank\/O1CN01FL1BXE26crvH3aEcW_!!2211602717683-0-cib.jpg\" width=\"906\" height=\"1365\" \/><img decoding=\"async\" class=\"aligncenter\" src=\"https:\/\/cbu01.alicdn.com\/img\/ibank\/O1CN01KquwTm26crvJs6RtT_!!2211602717683-0-cib.jpg\" width=\"904\" height=\"1361\" \/><img loading=\"lazy\" decoding=\"async\" class=\"aligncenter\" src=\"https:\/\/cbu01.alicdn.com\/img\/ibank\/O1CN01MUFaN126crvHYeCex_!!2211602717683-0-cib.jpg\" width=\"906\" height=\"1364\" \/><img loading=\"lazy\" decoding=\"async\" class=\"aligncenter\" src=\"https:\/\/cbu01.alicdn.com\/img\/ibank\/O1CN01fLTWG726crv9NURZK_!!2211602717683-0-cib.jpg\" width=\"911\" height=\"1372\" \/><img loading=\"lazy\" decoding=\"async\" class=\"aligncenter\" src=\"https:\/\/cbu01.alicdn.com\/img\/ibank\/O1CN01EnwbhO26crvFEJdiS_!!2211602717683-0-cib.jpg\" width=\"909\" height=\"1368\" \/><img loading=\"lazy\" decoding=\"async\" class=\"aligncenter\" src=\"https:\/\/cbu01.alicdn.com\/img\/ibank\/O1CN01qP0Xt026crvHYfHAB_!!2211602717683-0-cib.jpg\" width=\"909\" height=\"1368\" \/><\/p>","protected":false},"excerpt":{"rendered":"<p>Features: Officially Licensed: Authentic Hangyodon design from Holly Box. Durable Material: Made from high-quality, non-toxic, and durable silicone. Soft and Squeezable: Provides a comfortable and satisfying feel when squeezed &#8211; the eyes will pop out making a funny face. Keychain Design: Easily attach to keys, bags, or backpacks. Variety of Expressions: Available in multiple cute [&hellip;]<\/p>","protected":false},"featured_media":28576,"comment_status":"open","ping_status":"closed","template":"","meta":[],"product_brand":[],"product_cat":[1222,1207],"product_tag":[],"class_list":{"0":"post-28557","1":"product","2":"type-product","3":"status-publish","4":"has-post-thumbnail","6":"product_cat-action-figures","7":"product_cat-anime-manga-peripherals","8":"product_shipping_class-havestock","9":"product-has-variation-images","11":"first","12":"instock","13":"taxable","14":"shipping-taxable","15":"purchasable","16":"product-type-variable"},"_links":{"self":[{"href":"https:\/\/shuji.ca\/fr\/wp-json\/wp\/v2\/product\/28557","targetHints":{"allow":["GET"]}}],"collection":[{"href":"https:\/\/shuji.ca\/fr\/wp-json\/wp\/v2\/product"}],"about":[{"href":"https:\/\/shuji.ca\/fr\/wp-json\/wp\/v2\/types\/product"}],"replies":[{"embeddable":true,"href":"https:\/\/shuji.ca\/fr\/wp-json\/wp\/v2\/comments?post=28557"}],"wp:featuredmedia":[{"embeddable":true,"href":"https:\/\/shuji.ca\/fr\/wp-json\/wp\/v2\/media\/28576"}],"wp:attachment":[{"href":"https:\/\/shuji.ca\/fr\/wp-json\/wp\/v2\/media?parent=28557"}],"wp:term":[{"taxonomy":"product_brand","embeddable":true,"href":"https:\/\/shuji.ca\/fr\/wp-json\/wp\/v2\/product_brand?post=28557"},{"taxonomy":"product_cat","embeddable":true,"href":"https:\/\/shuji.ca\/fr\/wp-json\/wp\/v2\/product_cat?post=28557"},{"taxonomy":"product_tag","embeddable":true,"href":"https:\/\/shuji.ca\/fr\/wp-json\/wp\/v2\/product_tag?post=28557"}],"curies":[{"name":"wp","href":"https:\/\/api.w.org\/{rel}","templated":true}]}}