{"id":28546,"date":"2024-07-21T00:10:46","date_gmt":"2024-07-21T04:10:46","guid":{"rendered":"https:\/\/shuji.ca\/?post_type=product&#038;p=28546"},"modified":"2024-08-12T03:11:11","modified_gmt":"2024-08-12T07:11:11","slug":"hello-kitty-four-seasons-aroma-series-collectible-figurines-set-of-four-scented-figures","status":"publish","type":"product","link":"https:\/\/shuji.ca\/fr\/shop\/anime-manga-peripherals\/action-figures\/hello-kitty-four-seasons-aroma-series-collectible-figurines-set-of-four-scented-figures\/","title":{"rendered":"Figurines \u00e0 collectionner Hello Kitty Four Seasons Aroma Series - Lot de quatre figurines parfum\u00e9es"},"content":{"rendered":"<p><strong>Caract\u00e9ristiques :<\/strong><\/p>\n<ul>\n<li>Licence officielle de Sanrio<\/li>\n<li>Mat\u00e9riaux : Fabriqu\u00e9 en PVC, ABS et infus\u00e9 d'huiles de parfum et d'antioxydants.<\/li>\n<li>Taille : Chaque figurine mesure 80 mm x 72,7 mm x 66 mm et s'adapte parfaitement aux bureaux et aux \u00e9tag\u00e8res.<\/li>\n<li>Quatre motifs saisonniers : Comprend les th\u00e8mes Fleur de printemps, Plaisir d'\u00e9t\u00e9, Feuille d'automne et Neige d'hiver.<\/li>\n<li>Fonctionnalit\u00e9 aromatique : Cette figurine est \u00e0 la fois d\u00e9corative et d\u00e9sodorisante. Elle diffuse un parfum agr\u00e9able.<\/li>\n<li>Utilisation polyvalente : convient \u00e0 la maison, au bureau ou \u00e0 la voiture, am\u00e9liorant l'ambiance avec un parfum d\u00e9licieux.<\/li>\n<\/ul>\n<h6>D\u00e9tails :<\/h6>\n<h6><strong>T<\/strong>Le set de figurines parfum\u00e9es Hello Kitty Four Seasons comprend quatre adorables figurines Hello Kitty, chacune repr\u00e9sentant une saison diff\u00e9rente avec un parfum unique :<\/h6>\n<p>Le set de figurines parfum\u00e9es Hello Kitty Four Seasons comprend quatre adorables figurines Hello Kitty, chacune repr\u00e9sentant une saison diff\u00e9rente avec un parfum unique :<\/p>\n<ul>\n<li>Fleur de printemps : Notes d'orange, de feuille d'orange am\u00e8re, de citron, de jasmin, de n\u00e9roli et de pin.<\/li>\n<li>Plaisir d'\u00e9t\u00e9 : Combine les parfums du c\u00e9drat de la main de Bouddha, du citron, de la feuille d'orange am\u00e8re, de l'orchid\u00e9e, de la campanule, du th\u00e9, du musc, de l'ambre et du bois de santal.<\/li>\n<li>Moisson d'automne : M\u00e9lange de brise de mer, de cassis, de pomme, de th\u00e9 vert et de c\u00e9drat de la main de Bouddha.<\/li>\n<li>Chaleur hivernale : comprend le th\u00e9 de Buddha, la bergamote, la lavande, le th\u00e9 vert, le jasmin, le musc, le bois de c\u00e8dre et le v\u00e9tiver.<\/li>\n<\/ul>\n<p>Chaque figurine d\u00e9gage un ar\u00f4me agr\u00e9able et rafra\u00eechissant, parfait pour am\u00e9liorer l'atmosph\u00e8re de votre espace de vie ou de votre voiture. Appr\u00e9ciez les parfums r\u00e9confortants et d\u00e9licieux inspir\u00e9s par l'essence naturelle de chaque saison, tout en ajoutant une touche de mignonnerie avec Hello Kitty.<\/p>\n<p>Ce produit est id\u00e9al pour les fans de Hello Kitty et tous ceux qui souhaitent ajouter un \u00e9l\u00e9ment de d\u00e9coration charmant et fonctionnel \u00e0 leur maison ou \u00e0 leur voiture. Les mat\u00e9riaux de haute qualit\u00e9 garantissent la durabilit\u00e9, tandis que le design bien pens\u00e9 offre une belle exp\u00e9rience olfactive.<\/p>\n<p><img decoding=\"async\" class=\"aligncenter\" src=\"https:\/\/cbu01.alicdn.com\/img\/ibank\/O1CN01eoHHQR26crrplkDdR_!!2211602717683-0-cib.jpg\" \/><img decoding=\"async\" class=\"aligncenter\" src=\"https:\/\/cbu01.alicdn.com\/img\/ibank\/O1CN01NCfgdj26crrm6uECw_!!2211602717683-0-cib.jpg\" \/><img decoding=\"async\" class=\"aligncenter\" src=\"https:\/\/cbu01.alicdn.com\/img\/ibank\/O1CN01dl1LqT26crrso1dkt_!!2211602717683-0-cib.jpg\" \/><img decoding=\"async\" class=\"aligncenter\" src=\"https:\/\/cbu01.alicdn.com\/img\/ibank\/O1CN01qqXPtQ26crrqmIJsg_!!2211602717683-0-cib.jpg\" \/><img decoding=\"async\" class=\"aligncenter\" src=\"https:\/\/cbu01.alicdn.com\/img\/ibank\/O1CN01XgJVaC26crruByqLn_!!2211602717683-0-cib.jpg\" \/><img decoding=\"async\" class=\"aligncenter\" src=\"https:\/\/cbu01.alicdn.com\/img\/ibank\/O1CN01Bbv2HI26crrtoaX2j_!!2211602717683-0-cib.jpg\" \/><img decoding=\"async\" class=\"aligncenter\" src=\"https:\/\/cbu01.alicdn.com\/img\/ibank\/O1CN01My33k826crrvnOvU1_!!2211602717683-0-cib.jpg\" \/><img decoding=\"async\" class=\"aligncenter\" src=\"https:\/\/cbu01.alicdn.com\/img\/ibank\/O1CN01AqSOS826crrv0JJtP_!!2211602717683-0-cib.jpg\" \/><img decoding=\"async\" class=\"aligncenter\" src=\"https:\/\/cbu01.alicdn.com\/img\/ibank\/O1CN01Juav8426crrplkUIe_!!2211602717683-0-cib.jpg\" \/><img decoding=\"async\" class=\"aligncenter\" src=\"https:\/\/cbu01.alicdn.com\/img\/ibank\/O1CN01FcnQsX26crrplm67r_!!2211602717683-0-cib.jpg\" \/><\/p>","protected":false},"excerpt":{"rendered":"<p>Features: Officially Licensed by Sanrio Materials: Made from PVC, ABS, and infused with fragrance oils and antioxidants. Size: Each figure measures 80mm x 72.7mm x 66mm, fitting perfectly on desks and shelves. Four Seasonal Designs: Includes Spring Blossom, Summer Fun, Autumn Leaf, and Winter Snow themes. Aroma Functionality: Acts as both a decorative figurine and [&hellip;]<\/p>","protected":false},"featured_media":28570,"comment_status":"open","ping_status":"closed","template":"","meta":[],"product_brand":[],"product_cat":[1222,1207],"product_tag":[],"class_list":{"0":"post-28546","1":"product","2":"type-product","3":"status-publish","4":"has-post-thumbnail","6":"product_cat-action-figures","7":"product_cat-anime-manga-peripherals","8":"product_shipping_class-havestock","9":"product-has-variation-images","11":"first","12":"instock","13":"taxable","14":"shipping-taxable","15":"purchasable","16":"product-type-variable"},"_links":{"self":[{"href":"https:\/\/shuji.ca\/fr\/wp-json\/wp\/v2\/product\/28546","targetHints":{"allow":["GET"]}}],"collection":[{"href":"https:\/\/shuji.ca\/fr\/wp-json\/wp\/v2\/product"}],"about":[{"href":"https:\/\/shuji.ca\/fr\/wp-json\/wp\/v2\/types\/product"}],"replies":[{"embeddable":true,"href":"https:\/\/shuji.ca\/fr\/wp-json\/wp\/v2\/comments?post=28546"}],"wp:featuredmedia":[{"embeddable":true,"href":"https:\/\/shuji.ca\/fr\/wp-json\/wp\/v2\/media\/28570"}],"wp:attachment":[{"href":"https:\/\/shuji.ca\/fr\/wp-json\/wp\/v2\/media?parent=28546"}],"wp:term":[{"taxonomy":"product_brand","embeddable":true,"href":"https:\/\/shuji.ca\/fr\/wp-json\/wp\/v2\/product_brand?post=28546"},{"taxonomy":"product_cat","embeddable":true,"href":"https:\/\/shuji.ca\/fr\/wp-json\/wp\/v2\/product_cat?post=28546"},{"taxonomy":"product_tag","embeddable":true,"href":"https:\/\/shuji.ca\/fr\/wp-json\/wp\/v2\/product_tag?post=28546"}],"curies":[{"name":"wp","href":"https:\/\/api.w.org\/{rel}","templated":true}]}}