{"id":28525,"date":"2024-07-20T23:42:28","date_gmt":"2024-07-21T03:42:28","guid":{"rendered":"https:\/\/shuji.ca\/?post_type=product&#038;p=28525"},"modified":"2024-08-12T03:15:35","modified_gmt":"2024-08-12T07:15:35","slug":"pokemon-pikachu-cute-can-figure-set-6-styles","status":"publish","type":"product","link":"https:\/\/shuji.ca\/fr\/shop\/anime-manga-peripherals\/action-figures\/pokemon-pikachu-cute-can-figure-set-6-styles\/","title":{"rendered":"Set de figurines de bo\u00eetes de conserve Pokemon Pikachu - 6 mod\u00e8les"},"content":{"rendered":"<h6>Caract\u00e9ristiques<\/h6>\n<ul>\n<li>Officially licensed Product<\/li>\n<li>Material: ATBC-PVC, Metal<\/li>\n<li>Product Dimensions: Approx. 85mm x 65mm<\/li>\n<li>Can Dimensions: Diameter 70mm x Height 130mm<\/li>\n<li>Styles Included: Chef Pikachu, Flower Pikachu, Chocolate Pikachu, Love Letter Pikachu, Vacation Pikachu, Heart Pikachu<\/li>\n<li>Package Includes: 1 can figure, 1 collectible card, 1 sticker<\/li>\n<\/ul>\n<h6>Product Description<\/h6>\n<p>This set features six adorable Pikachu figures each housed in a can with unique designs, perfect for display and collection. The can dimensions are diameter 70mm and height 130mm, while the figures are approximately 85mm x 65mm in size. Made from high-quality ATBC-PVC and metal, these figures are durable and long-lasting. The set includes six styles: Chef Pikachu, Flower Pikachu, Chocolate Pikachu, Love Letter Pikachu, Vacation Pikachu, and Heart Pikachu. Each can also comes with a collectible card and a sticker that can be used for decoration on various items like phones, laptops, and luggage.<\/p>\n<p><img decoding=\"async\" class=\"aligncenter\" src=\"https:\/\/cbu01.alicdn.com\/img\/ibank\/O1CN010cyTfs26crg2oW6Zf_!!2211602717683-0-cib.jpg\" \/><\/p>\n<p><img decoding=\"async\" class=\"aligncenter\" src=\"https:\/\/cbu01.alicdn.com\/img\/ibank\/O1CN01g1NUsd26crftx5H2u_!!2211602717683-0-cib.jpg\" \/><\/p>\n<p><img decoding=\"async\" class=\"aligncenter\" src=\"https:\/\/cbu01.alicdn.com\/img\/ibank\/O1CN017p1kam26crfsSGeDZ_!!2211602717683-0-cib.jpg\" \/><\/p>\n<p><img decoding=\"async\" class=\"aligncenter\" src=\"https:\/\/cbu01.alicdn.com\/img\/ibank\/O1CN01xDJPWS26crfwhirAe_!!2211602717683-0-cib.jpg\" \/><\/p>\n<p><img decoding=\"async\" class=\"aligncenter\" src=\"https:\/\/cbu01.alicdn.com\/img\/ibank\/O1CN01zIAoa626crfzXGAA4_!!2211602717683-0-cib.jpg\" \/><\/p>\n<p><img decoding=\"async\" class=\"aligncenter\" src=\"https:\/\/cbu01.alicdn.com\/img\/ibank\/O1CN01eUnoLe26crg26C1JL_!!2211602717683-0-cib.jpg\" \/><\/p>\n<p><img decoding=\"async\" class=\"aligncenter\" src=\"https:\/\/cbu01.alicdn.com\/img\/ibank\/O1CN010rqimW26crfwdgVZV_!!2211602717683-0-cib.jpg\" \/><\/p>\n<p><img decoding=\"async\" class=\"aligncenter\" src=\"https:\/\/cbu01.alicdn.com\/img\/ibank\/O1CN018Jg3Il26crftx6oey_!!2211602717683-0-cib.jpg\" \/><\/p>\n<p><img decoding=\"async\" class=\"aligncenter\" src=\"https:\/\/cbu01.alicdn.com\/img\/ibank\/O1CN017vmWYC26crfxDsU3P_!!2211602717683-0-cib.jpg\" \/><\/p>\n<p><img decoding=\"async\" class=\"aligncenter\" src=\"https:\/\/cbu01.alicdn.com\/img\/ibank\/O1CN01bUer3p26crfsSJbBK_!!2211602717683-0-cib.jpg\" \/><\/p>\n<p><img decoding=\"async\" class=\"aligncenter\" src=\"https:\/\/cbu01.alicdn.com\/img\/ibank\/O1CN01dT4mDC26crfnm9GJ5_!!2211602717683-0-cib.jpg\" \/><\/p>\n<p><img decoding=\"async\" class=\"aligncenter\" src=\"https:\/\/cbu01.alicdn.com\/img\/ibank\/O1CN018A5vm826crg10AAKc_!!2211602717683-0-cib.jpg\" \/><\/p>\n<p><img decoding=\"async\" class=\"aligncenter\" src=\"https:\/\/cbu01.alicdn.com\/img\/ibank\/O1CN01xdiAhH26crfwdf25F_!!2211602717683-0-cib.jpg\" \/><\/p>\n<p>&nbsp;<\/p>\n<p>&nbsp;<\/p>","protected":false},"excerpt":{"rendered":"<p>Features Officially licensed Product Material: ATBC-PVC, Metal Product Dimensions: Approx. 85mm x 65mm Can Dimensions: Diameter 70mm x Height 130mm Styles Included: Chef Pikachu, Flower Pikachu, Chocolate Pikachu, Love Letter Pikachu, Vacation Pikachu, Heart Pikachu Package Includes: 1 can figure, 1 collectible card, 1 sticker Product Description This set features six adorable Pikachu figures each [&hellip;]<\/p>","protected":false},"featured_media":28526,"comment_status":"open","ping_status":"closed","template":"","meta":[],"product_brand":[],"product_cat":[1222,1207],"product_tag":[],"class_list":{"0":"post-28525","1":"product","2":"type-product","3":"status-publish","4":"has-post-thumbnail","6":"product_cat-action-figures","7":"product_cat-anime-manga-peripherals","8":"product_shipping_class-havestock","9":"product-has-variation-images","11":"first","12":"instock","13":"taxable","14":"shipping-taxable","15":"purchasable","16":"product-type-variable"},"_links":{"self":[{"href":"https:\/\/shuji.ca\/fr\/wp-json\/wp\/v2\/product\/28525","targetHints":{"allow":["GET"]}}],"collection":[{"href":"https:\/\/shuji.ca\/fr\/wp-json\/wp\/v2\/product"}],"about":[{"href":"https:\/\/shuji.ca\/fr\/wp-json\/wp\/v2\/types\/product"}],"replies":[{"embeddable":true,"href":"https:\/\/shuji.ca\/fr\/wp-json\/wp\/v2\/comments?post=28525"}],"wp:featuredmedia":[{"embeddable":true,"href":"https:\/\/shuji.ca\/fr\/wp-json\/wp\/v2\/media\/28526"}],"wp:attachment":[{"href":"https:\/\/shuji.ca\/fr\/wp-json\/wp\/v2\/media?parent=28525"}],"wp:term":[{"taxonomy":"product_brand","embeddable":true,"href":"https:\/\/shuji.ca\/fr\/wp-json\/wp\/v2\/product_brand?post=28525"},{"taxonomy":"product_cat","embeddable":true,"href":"https:\/\/shuji.ca\/fr\/wp-json\/wp\/v2\/product_cat?post=28525"},{"taxonomy":"product_tag","embeddable":true,"href":"https:\/\/shuji.ca\/fr\/wp-json\/wp\/v2\/product_tag?post=28525"}],"curies":[{"name":"wp","href":"https:\/\/api.w.org\/{rel}","templated":true}]}}