{"id":28502,"date":"2024-07-20T19:52:03","date_gmt":"2024-07-20T23:52:03","guid":{"rendered":"https:\/\/shuji.ca\/?post_type=product&#038;p=28502"},"modified":"2025-03-30T17:13:46","modified_gmt":"2025-03-30T21:13:46","slug":"officially-licensed-sanrio-characters-cherry-blossom-season-night-light-figures-kuromi-cinnamoroll","status":"publish","type":"product","link":"https:\/\/shuji.ca\/fr\/shop\/anime-manga-peripherals\/action-figures\/officially-licensed-sanrio-characters-cherry-blossom-season-night-light-figures-kuromi-cinnamoroll\/","title":{"rendered":"Personnages Sanrio sous licence officielle Veilleuse saison des cerisiers - Kuromi &amp; Cinnamoroll"},"content":{"rendered":"<h6>Caract\u00e9ristiques :<\/h6>\n<ul>\n<li>Personnages Sanrio sous licence officielle avec un design adorable.<\/li>\n<li>La lumi\u00e8re douce de la veilleuse cr\u00e9e une atmosph\u00e8re chaleureuse.<\/li>\n<li>Fabriqu\u00e9 en PVC de haute qualit\u00e9 et respectueux de l'environnement.<\/li>\n<li>Petit et l\u00e9ger, parfait pour les bureaux, les \u00e9tag\u00e8res et les tables de chevet.<\/li>\n<li>Deux charmants mod\u00e8les : Kuromi et Cinnamoroll.<\/li>\n<li>Id\u00e9al comme cadeau pour les fans de Sanrio et les collectionneurs.<\/li>\n<\/ul>\n<p><img fetchpriority=\"high\" decoding=\"async\" class=\"aligncenter wp-image-28506\" src=\"https:\/\/shuji.ca\/wp-content\/uploads\/2024\/07\/JSLAKDJALSKJD1.jpg\" alt=\"\" width=\"990\" height=\"990\" srcset=\"https:\/\/shuji.ca\/wp-content\/uploads\/2024\/07\/JSLAKDJALSKJD1.jpg 800w, https:\/\/shuji.ca\/wp-content\/uploads\/2024\/07\/JSLAKDJALSKJD1-300x300.jpg 300w, https:\/\/shuji.ca\/wp-content\/uploads\/2024\/07\/JSLAKDJALSKJD1-150x150.jpg 150w, https:\/\/shuji.ca\/wp-content\/uploads\/2024\/07\/JSLAKDJALSKJD1-768x768.jpg 768w, https:\/\/shuji.ca\/wp-content\/uploads\/2024\/07\/JSLAKDJALSKJD1-600x600.jpg 600w, https:\/\/shuji.ca\/wp-content\/uploads\/2024\/07\/JSLAKDJALSKJD1-100x100.jpg 100w\" sizes=\"(max-width: 990px) 100vw, 990px\" \/> <img decoding=\"async\" class=\"aligncenter size-full wp-image-28507\" src=\"https:\/\/shuji.ca\/wp-content\/uploads\/2024\/07\/Sjdlkasjdlkja.png\" alt=\"\" width=\"986\" height=\"1153\" srcset=\"https:\/\/shuji.ca\/wp-content\/uploads\/2024\/07\/Sjdlkasjdlkja.png 986w, https:\/\/shuji.ca\/wp-content\/uploads\/2024\/07\/Sjdlkasjdlkja-257x300.png 257w, https:\/\/shuji.ca\/wp-content\/uploads\/2024\/07\/Sjdlkasjdlkja-876x1024.png 876w, https:\/\/shuji.ca\/wp-content\/uploads\/2024\/07\/Sjdlkasjdlkja-768x898.png 768w, https:\/\/shuji.ca\/wp-content\/uploads\/2024\/07\/Sjdlkasjdlkja-600x702.png 600w\" sizes=\"(max-width: 986px) 100vw, 986px\" \/><img decoding=\"async\" class=\"aligncenter size-full wp-image-28508\" src=\"https:\/\/shuji.ca\/wp-content\/uploads\/2024\/07\/jalksjdlkasjda1.png\" alt=\"\" width=\"982\" height=\"1145\" srcset=\"https:\/\/shuji.ca\/wp-content\/uploads\/2024\/07\/jalksjdlkasjda1.png 982w, https:\/\/shuji.ca\/wp-content\/uploads\/2024\/07\/jalksjdlkasjda1-257x300.png 257w, https:\/\/shuji.ca\/wp-content\/uploads\/2024\/07\/jalksjdlkasjda1-878x1024.png 878w, https:\/\/shuji.ca\/wp-content\/uploads\/2024\/07\/jalksjdlkasjda1-768x895.png 768w, https:\/\/shuji.ca\/wp-content\/uploads\/2024\/07\/jalksjdlkasjda1-600x700.png 600w\" sizes=\"(max-width: 982px) 100vw, 982px\" \/><\/p>","protected":false},"excerpt":{"rendered":"<p>Features: Officially licensed Sanrio characters with adorable design. Soft glowing night light creates a cozy atmosphere. Made from high-quality, eco-friendly PVC material. Small and lightweight, perfect for desks, shelves, and bedside tables. Two charming designs: Kuromi and Cinnamoroll. Ideal as a gift for Sanrio fans and collectors.<\/p>","protected":false},"featured_media":28506,"comment_status":"open","ping_status":"closed","template":"","meta":[],"product_brand":[],"product_cat":[1222,1207],"product_tag":[],"class_list":{"0":"post-28502","1":"product","2":"type-product","3":"status-publish","4":"has-post-thumbnail","6":"product_cat-action-figures","7":"product_cat-anime-manga-peripherals","8":"product_shipping_class-preorder","9":"product-has-variation-images","11":"first","12":"instock","13":"taxable","14":"shipping-taxable","15":"purchasable","16":"product-type-variable"},"_links":{"self":[{"href":"https:\/\/shuji.ca\/fr\/wp-json\/wp\/v2\/product\/28502","targetHints":{"allow":["GET"]}}],"collection":[{"href":"https:\/\/shuji.ca\/fr\/wp-json\/wp\/v2\/product"}],"about":[{"href":"https:\/\/shuji.ca\/fr\/wp-json\/wp\/v2\/types\/product"}],"replies":[{"embeddable":true,"href":"https:\/\/shuji.ca\/fr\/wp-json\/wp\/v2\/comments?post=28502"}],"wp:featuredmedia":[{"embeddable":true,"href":"https:\/\/shuji.ca\/fr\/wp-json\/wp\/v2\/media\/28506"}],"wp:attachment":[{"href":"https:\/\/shuji.ca\/fr\/wp-json\/wp\/v2\/media?parent=28502"}],"wp:term":[{"taxonomy":"product_brand","embeddable":true,"href":"https:\/\/shuji.ca\/fr\/wp-json\/wp\/v2\/product_brand?post=28502"},{"taxonomy":"product_cat","embeddable":true,"href":"https:\/\/shuji.ca\/fr\/wp-json\/wp\/v2\/product_cat?post=28502"},{"taxonomy":"product_tag","embeddable":true,"href":"https:\/\/shuji.ca\/fr\/wp-json\/wp\/v2\/product_tag?post=28502"}],"curies":[{"name":"wp","href":"https:\/\/api.w.org\/{rel}","templated":true}]}}