{"id":28372,"date":"2024-07-19T00:17:29","date_gmt":"2024-07-19T04:17:29","guid":{"rendered":"https:\/\/shuji.ca\/?post_type=product&#038;p=28372"},"modified":"2024-08-12T03:24:36","modified_gmt":"2024-08-12T07:24:36","slug":"official-pokemon-sweet-dream-collection-figurines-adorable-and-authentic-pokemon-character-collectible-figurines-for-kids-and-collectors","status":"publish","type":"product","link":"https:\/\/shuji.ca\/fr\/shop\/anime-manga-peripherals\/action-figures\/official-pokemon-sweet-dream-collection-figurines-adorable-and-authentic-pokemon-character-collectible-figurines-for-kids-and-collectors\/","title":{"rendered":"Figurines officielles Pok\u00e9mon Sweet Dream Collection - Figurines \u00e0 collectionner adorables et authentiques de personnages Pok\u00e9mon pour les enfants et les collectionneurs"},"content":{"rendered":"<h6>Caract\u00e9ristiques :<\/h6>\n<ul>\n<li>Design Pok\u00e9mon authentique : Chaque peluche pr\u00e9sente un design authentique de la s\u00e9rie Pok\u00e9mon, capturant l'essence m\u00eame des personnages bien-aim\u00e9s.<\/li>\n<li>Mati\u00e8re douce et c\u00e2line : Fabriqu\u00e9 en tissu pelucheux de haute qualit\u00e9, il est doux au toucher et garantit une sensation de confort (dans le lit).<\/li>\n<li>Vari\u00e9t\u00e9 de personnages : Comprend des Pok\u00e9mon populaires comme Pikachu, Eevee, Bulbasaur et bien d'autres, chacun avec des poses et des expressions uniques.<\/li>\n<li>Durable et s\u00fbr : Fabriqu\u00e9 avec des coutures solides et des mat\u00e9riaux s\u00fbrs et non toxiques, il convient \u00e0 tous les \u00e2ges.<\/li>\n<li>Id\u00e9al pour les cadeaux : Un cadeau parfait pour les fans de Pok\u00e9mon de tous \u00e2ges, pour les anniversaires, les f\u00eates et les occasions sp\u00e9ciales.<\/li>\n<\/ul>\n<p><img fetchpriority=\"high\" decoding=\"async\" class=\"aligncenter wp-image-28377\" src=\"https:\/\/shuji.ca\/wp-content\/uploads\/2024\/07\/12H3JKHKJASDKASDB1.jpg\" alt=\"\" width=\"948\" height=\"948\" srcset=\"https:\/\/shuji.ca\/wp-content\/uploads\/2024\/07\/12H3JKHKJASDKASDB1.jpg 800w, https:\/\/shuji.ca\/wp-content\/uploads\/2024\/07\/12H3JKHKJASDKASDB1-300x300.jpg 300w, https:\/\/shuji.ca\/wp-content\/uploads\/2024\/07\/12H3JKHKJASDKASDB1-150x150.jpg 150w, https:\/\/shuji.ca\/wp-content\/uploads\/2024\/07\/12H3JKHKJASDKASDB1-768x768.jpg 768w, https:\/\/shuji.ca\/wp-content\/uploads\/2024\/07\/12H3JKHKJASDKASDB1-600x600.jpg 600w, https:\/\/shuji.ca\/wp-content\/uploads\/2024\/07\/12H3JKHKJASDKASDB1-100x100.jpg 100w\" sizes=\"(max-width: 948px) 100vw, 948px\" \/> <img decoding=\"async\" class=\"aligncenter wp-image-28379\" src=\"https:\/\/shuji.ca\/wp-content\/uploads\/2024\/07\/JALSKDJLKASJD1313131.jpg\" alt=\"\" width=\"948\" height=\"948\" srcset=\"https:\/\/shuji.ca\/wp-content\/uploads\/2024\/07\/JALSKDJLKASJD1313131.jpg 800w, https:\/\/shuji.ca\/wp-content\/uploads\/2024\/07\/JALSKDJLKASJD1313131-300x300.jpg 300w, https:\/\/shuji.ca\/wp-content\/uploads\/2024\/07\/JALSKDJLKASJD1313131-150x150.jpg 150w, https:\/\/shuji.ca\/wp-content\/uploads\/2024\/07\/JALSKDJLKASJD1313131-768x768.jpg 768w, https:\/\/shuji.ca\/wp-content\/uploads\/2024\/07\/JALSKDJLKASJD1313131-600x600.jpg 600w, https:\/\/shuji.ca\/wp-content\/uploads\/2024\/07\/JALSKDJLKASJD1313131-100x100.jpg 100w\" sizes=\"(max-width: 948px) 100vw, 948px\" \/> <img decoding=\"async\" class=\"aligncenter wp-image-28376\" src=\"https:\/\/shuji.ca\/wp-content\/uploads\/2024\/07\/HJASJKHDASDH1.jpg\" alt=\"\" width=\"946\" height=\"946\" srcset=\"https:\/\/shuji.ca\/wp-content\/uploads\/2024\/07\/HJASJKHDASDH1.jpg 800w, https:\/\/shuji.ca\/wp-content\/uploads\/2024\/07\/HJASJKHDASDH1-300x300.jpg 300w, https:\/\/shuji.ca\/wp-content\/uploads\/2024\/07\/HJASJKHDASDH1-150x150.jpg 150w, https:\/\/shuji.ca\/wp-content\/uploads\/2024\/07\/HJASJKHDASDH1-768x768.jpg 768w, https:\/\/shuji.ca\/wp-content\/uploads\/2024\/07\/HJASJKHDASDH1-600x600.jpg 600w, https:\/\/shuji.ca\/wp-content\/uploads\/2024\/07\/HJASJKHDASDH1-100x100.jpg 100w\" sizes=\"(max-width: 946px) 100vw, 946px\" \/> <img loading=\"lazy\" decoding=\"async\" class=\"aligncenter wp-image-28375\" src=\"https:\/\/shuji.ca\/wp-content\/uploads\/2024\/07\/AJKDLJASLKDJ1.jpg\" alt=\"\" width=\"946\" height=\"946\" srcset=\"https:\/\/shuji.ca\/wp-content\/uploads\/2024\/07\/AJKDLJASLKDJ1.jpg 800w, https:\/\/shuji.ca\/wp-content\/uploads\/2024\/07\/AJKDLJASLKDJ1-300x300.jpg 300w, https:\/\/shuji.ca\/wp-content\/uploads\/2024\/07\/AJKDLJASLKDJ1-150x150.jpg 150w, https:\/\/shuji.ca\/wp-content\/uploads\/2024\/07\/AJKDLJASLKDJ1-768x768.jpg 768w, https:\/\/shuji.ca\/wp-content\/uploads\/2024\/07\/AJKDLJASLKDJ1-600x600.jpg 600w, https:\/\/shuji.ca\/wp-content\/uploads\/2024\/07\/AJKDLJASLKDJ1-100x100.jpg 100w\" sizes=\"(max-width: 946px) 100vw, 946px\" \/><\/p>","protected":false},"excerpt":{"rendered":"<p>Features: Authentic Pok\u00e9mon Design: Each plush toy features a genuine design from the Pok\u00e9mon series, capturing the beloved characters&#8217; true essence. Soft and Cuddly Material: Made from high-quality, plush fabric that is soft to the touch, ensuring a cozy feel (the bed). Variety of Characters: Includes popular Pok\u00e9mon like Pikachu, Eevee, Bulbasaur, and more, each [&hellip;]<\/p>","protected":false},"featured_media":28377,"comment_status":"open","ping_status":"closed","template":"","meta":[],"product_brand":[],"product_cat":[1222,1207],"product_tag":[],"class_list":{"0":"post-28372","1":"product","2":"type-product","3":"status-publish","4":"has-post-thumbnail","6":"product_cat-action-figures","7":"product_cat-anime-manga-peripherals","8":"product_shipping_class-havestock","9":"product-has-variation-images","11":"first","12":"instock","13":"taxable","14":"shipping-taxable","15":"purchasable","16":"product-type-variable"},"_links":{"self":[{"href":"https:\/\/shuji.ca\/fr\/wp-json\/wp\/v2\/product\/28372","targetHints":{"allow":["GET"]}}],"collection":[{"href":"https:\/\/shuji.ca\/fr\/wp-json\/wp\/v2\/product"}],"about":[{"href":"https:\/\/shuji.ca\/fr\/wp-json\/wp\/v2\/types\/product"}],"replies":[{"embeddable":true,"href":"https:\/\/shuji.ca\/fr\/wp-json\/wp\/v2\/comments?post=28372"}],"wp:featuredmedia":[{"embeddable":true,"href":"https:\/\/shuji.ca\/fr\/wp-json\/wp\/v2\/media\/28377"}],"wp:attachment":[{"href":"https:\/\/shuji.ca\/fr\/wp-json\/wp\/v2\/media?parent=28372"}],"wp:term":[{"taxonomy":"product_brand","embeddable":true,"href":"https:\/\/shuji.ca\/fr\/wp-json\/wp\/v2\/product_brand?post=28372"},{"taxonomy":"product_cat","embeddable":true,"href":"https:\/\/shuji.ca\/fr\/wp-json\/wp\/v2\/product_cat?post=28372"},{"taxonomy":"product_tag","embeddable":true,"href":"https:\/\/shuji.ca\/fr\/wp-json\/wp\/v2\/product_tag?post=28372"}],"curies":[{"name":"wp","href":"https:\/\/api.w.org\/{rel}","templated":true}]}}