{"id":28341,"date":"2024-07-18T18:51:49","date_gmt":"2024-07-18T22:51:49","guid":{"rendered":"https:\/\/shuji.ca\/?post_type=product&#038;p=28341"},"modified":"2024-08-12T03:28:27","modified_gmt":"2024-08-12T07:28:27","slug":"officially-licensed-crayon-shinchan-keychain-cute-charms-for-bags-and-cars-featuring-iconic-characters-in-various-outfits","status":"publish","type":"product","link":"https:\/\/shuji.ca\/fr\/shop\/anime-manga-peripherals\/action-figures\/officially-licensed-crayon-shinchan-keychain-cute-charms-for-bags-and-cars-featuring-iconic-characters-in-various-outfits\/","title":{"rendered":"Porte-cl\u00e9s Crayon Shinchan sous licence officielle - Mignonnes breloques pour sacs et voitures - Personnages embl\u00e9matiques en diff\u00e9rentes tenues"},"content":{"rendered":"<h6>Caract\u00e9ristiques :<\/h6>\n<ul>\n<li>Design authentique : Porte-cl\u00e9s Crayon Shinchan sous licence officielle avec des dessins de personnages de dessins anim\u00e9s de haute qualit\u00e9.<\/li>\n<li>Utilisation polyvalente : id\u00e9al pour d\u00e9corer les sacs, les cl\u00e9s de voiture ou les sacs \u00e0 dos, en ajoutant une touche amusante et ludique \u00e0 vos accessoires.<\/li>\n<li>Mat\u00e9riau durable : Fabriqu\u00e9 \u00e0 partir de mat\u00e9riaux robustes et durables, il garantit une utilisation durable et une r\u00e9sistance \u00e0 l'usure.<\/li>\n<li>Mignon et color\u00e9 : Disponible en plusieurs mod\u00e8les de personnages, y compris Shinchan dans diff\u00e9rentes tenues, apportant une touche de couleur et de mignonnerie.<\/li>\n<li>Excellente id\u00e9e de cadeau : C'est un excellent cadeau pour les anniversaires, les vacances ou toute autre occasion pour les amis et la famille qui adorent Crayon Shinchan.<\/li>\n<\/ul>\n<p><img fetchpriority=\"high\" decoding=\"async\" class=\"aligncenter wp-image-28352\" src=\"https:\/\/shuji.ca\/wp-content\/uploads\/2024\/07\/HAJKSDHASJHD1.jpg\" alt=\"\" width=\"899\" height=\"899\" srcset=\"https:\/\/shuji.ca\/wp-content\/uploads\/2024\/07\/HAJKSDHASJHD1.jpg 790w, https:\/\/shuji.ca\/wp-content\/uploads\/2024\/07\/HAJKSDHASJHD1-300x300.jpg 300w, https:\/\/shuji.ca\/wp-content\/uploads\/2024\/07\/HAJKSDHASJHD1-150x150.jpg 150w, https:\/\/shuji.ca\/wp-content\/uploads\/2024\/07\/HAJKSDHASJHD1-768x768.jpg 768w, https:\/\/shuji.ca\/wp-content\/uploads\/2024\/07\/HAJKSDHASJHD1-600x600.jpg 600w, https:\/\/shuji.ca\/wp-content\/uploads\/2024\/07\/HAJKSDHASJHD1-100x100.jpg 100w\" sizes=\"(max-width: 899px) 100vw, 899px\" \/> <img decoding=\"async\" class=\"aligncenter wp-image-28351\" src=\"https:\/\/shuji.ca\/wp-content\/uploads\/2024\/07\/GAJKHSGDJAGSD1.jpg\" alt=\"\" width=\"900\" height=\"1200\" srcset=\"https:\/\/shuji.ca\/wp-content\/uploads\/2024\/07\/GAJKHSGDJAGSD1.jpg 790w, https:\/\/shuji.ca\/wp-content\/uploads\/2024\/07\/GAJKHSGDJAGSD1-225x300.jpg 225w, https:\/\/shuji.ca\/wp-content\/uploads\/2024\/07\/GAJKHSGDJAGSD1-768x1024.jpg 768w, https:\/\/shuji.ca\/wp-content\/uploads\/2024\/07\/GAJKHSGDJAGSD1-600x800.jpg 600w\" sizes=\"(max-width: 900px) 100vw, 900px\" \/> <img decoding=\"async\" class=\"aligncenter wp-image-28350\" src=\"https:\/\/shuji.ca\/wp-content\/uploads\/2024\/07\/HASKJDHASDH1ADAD1.jpg\" alt=\"\" width=\"901\" height=\"1201\" srcset=\"https:\/\/shuji.ca\/wp-content\/uploads\/2024\/07\/HASKJDHASDH1ADAD1.jpg 790w, https:\/\/shuji.ca\/wp-content\/uploads\/2024\/07\/HASKJDHASDH1ADAD1-225x300.jpg 225w, https:\/\/shuji.ca\/wp-content\/uploads\/2024\/07\/HASKJDHASDH1ADAD1-768x1024.jpg 768w, https:\/\/shuji.ca\/wp-content\/uploads\/2024\/07\/HASKJDHASDH1ADAD1-600x800.jpg 600w\" sizes=\"(max-width: 901px) 100vw, 901px\" \/> <img loading=\"lazy\" decoding=\"async\" class=\"aligncenter wp-image-28349\" src=\"https:\/\/shuji.ca\/wp-content\/uploads\/2024\/07\/BASKDHASKJDHAS1.jpg\" alt=\"\" width=\"901\" height=\"1201\" srcset=\"https:\/\/shuji.ca\/wp-content\/uploads\/2024\/07\/BASKDHASKJDHAS1.jpg 790w, https:\/\/shuji.ca\/wp-content\/uploads\/2024\/07\/BASKDHASKJDHAS1-225x300.jpg 225w, https:\/\/shuji.ca\/wp-content\/uploads\/2024\/07\/BASKDHASKJDHAS1-768x1024.jpg 768w, https:\/\/shuji.ca\/wp-content\/uploads\/2024\/07\/BASKDHASKJDHAS1-600x800.jpg 600w\" sizes=\"(max-width: 901px) 100vw, 901px\" \/> <img loading=\"lazy\" decoding=\"async\" class=\"aligncenter wp-image-28342\" src=\"https:\/\/shuji.ca\/wp-content\/uploads\/2024\/07\/AJSJDKLASJDJ1.jpg\" alt=\"\" width=\"900\" height=\"900\" srcset=\"https:\/\/shuji.ca\/wp-content\/uploads\/2024\/07\/AJSJDKLASJDJ1.jpg 790w, https:\/\/shuji.ca\/wp-content\/uploads\/2024\/07\/AJSJDKLASJDJ1-300x300.jpg 300w, https:\/\/shuji.ca\/wp-content\/uploads\/2024\/07\/AJSJDKLASJDJ1-150x150.jpg 150w, https:\/\/shuji.ca\/wp-content\/uploads\/2024\/07\/AJSJDKLASJDJ1-768x768.jpg 768w, https:\/\/shuji.ca\/wp-content\/uploads\/2024\/07\/AJSJDKLASJDJ1-600x600.jpg 600w, https:\/\/shuji.ca\/wp-content\/uploads\/2024\/07\/AJSJDKLASJDJ1-100x100.jpg 100w\" sizes=\"(max-width: 900px) 100vw, 900px\" \/><\/p>","protected":false},"excerpt":{"rendered":"<p>Features: Authentic Design: Officially licensed Crayon Shinchan keychains with high-quality cartoon character designs. Versatile Use: Ideal for decorating bags, car keys, or backpacks, adding a fun and playful touch to your accessories. Durable Material: Made from sturdy and durable materials, ensuring long-lasting use and resistance to wear and tear. Cute and Colorful: Available in multiple [&hellip;]<\/p>","protected":false},"featured_media":28350,"comment_status":"open","ping_status":"closed","template":"","meta":[],"product_brand":[],"product_cat":[1222,1207],"product_tag":[],"class_list":{"0":"post-28341","1":"product","2":"type-product","3":"status-publish","4":"has-post-thumbnail","6":"product_cat-action-figures","7":"product_cat-anime-manga-peripherals","8":"product_shipping_class-havestock","9":"product-has-variation-images","11":"first","12":"instock","13":"taxable","14":"shipping-taxable","15":"purchasable","16":"product-type-variable"},"_links":{"self":[{"href":"https:\/\/shuji.ca\/fr\/wp-json\/wp\/v2\/product\/28341","targetHints":{"allow":["GET"]}}],"collection":[{"href":"https:\/\/shuji.ca\/fr\/wp-json\/wp\/v2\/product"}],"about":[{"href":"https:\/\/shuji.ca\/fr\/wp-json\/wp\/v2\/types\/product"}],"replies":[{"embeddable":true,"href":"https:\/\/shuji.ca\/fr\/wp-json\/wp\/v2\/comments?post=28341"}],"wp:featuredmedia":[{"embeddable":true,"href":"https:\/\/shuji.ca\/fr\/wp-json\/wp\/v2\/media\/28350"}],"wp:attachment":[{"href":"https:\/\/shuji.ca\/fr\/wp-json\/wp\/v2\/media?parent=28341"}],"wp:term":[{"taxonomy":"product_brand","embeddable":true,"href":"https:\/\/shuji.ca\/fr\/wp-json\/wp\/v2\/product_brand?post=28341"},{"taxonomy":"product_cat","embeddable":true,"href":"https:\/\/shuji.ca\/fr\/wp-json\/wp\/v2\/product_cat?post=28341"},{"taxonomy":"product_tag","embeddable":true,"href":"https:\/\/shuji.ca\/fr\/wp-json\/wp\/v2\/product_tag?post=28341"}],"curies":[{"name":"wp","href":"https:\/\/api.w.org\/{rel}","templated":true}]}}