{"id":27980,"date":"2024-07-14T16:52:14","date_gmt":"2024-07-14T20:52:14","guid":{"rendered":"https:\/\/shuji.ca\/?post_type=product&#038;p=27980"},"modified":"2024-08-12T23:53:56","modified_gmt":"2024-08-13T03:53:56","slug":"round-makeup-brush-storage-holder-with-four-compartments","status":"publish","type":"product","link":"https:\/\/shuji.ca\/fr\/shop\/beauty-personal-care\/beauty-devices-tools\/round-makeup-brush-storage-holder-with-four-compartments\/","title":{"rendered":"Porte-pinceaux de maquillage rond \u00e0 quatre compartiments"},"content":{"rendered":"<p><strong>Caract\u00e9ristiques :<\/strong><\/p>\n<ul>\n<li>Rangement compartiment\u00e9 : Con\u00e7u avec quatre compartiments pour garder les pinceaux de maquillage et les cosm\u00e9tiques organis\u00e9s.<\/li>\n<li>Design esth\u00e9tique : L'aspect attrayant rehausse l'attrait visuel de votre meuble-lavabo.<\/li>\n<li>Couvercle transparent : Le couvercle transparent offre une bonne visibilit\u00e9 et prot\u00e8ge de la poussi\u00e8re et de l'humidit\u00e9.<\/li>\n<li>Mat\u00e9riau antibact\u00e9rien : Fabriqu\u00e9 \u00e0 partir de mat\u00e9riaux qui emp\u00eachent la croissance bact\u00e9rienne pour une meilleure hygi\u00e8ne.<\/li>\n<li>Poign\u00e9e portable : Poign\u00e9e pratique pour faciliter le transport.<\/li>\n<li>Grande capacit\u00e9 : Amplement d'espace pour ranger plusieurs articles de maquillage, ce qui en fait un compl\u00e9ment id\u00e9al \u00e0 votre routine de beaut\u00e9.<\/li>\n<\/ul>\n<p><img fetchpriority=\"high\" decoding=\"async\" class=\"wp-image-27981 aligncenter\" src=\"https:\/\/shuji.ca\/wp-content\/uploads\/2024\/07\/Screenshot-2024-07-14-164632.png\" alt=\"\" width=\"769\" height=\"637\" srcset=\"https:\/\/shuji.ca\/wp-content\/uploads\/2024\/07\/Screenshot-2024-07-14-164632.png 649w, https:\/\/shuji.ca\/wp-content\/uploads\/2024\/07\/Screenshot-2024-07-14-164632-300x249.png 300w, https:\/\/shuji.ca\/wp-content\/uploads\/2024\/07\/Screenshot-2024-07-14-164632-600x497.png 600w\" sizes=\"(max-width: 769px) 100vw, 769px\" \/> <img decoding=\"async\" class=\"wp-image-27992 aligncenter\" src=\"https:\/\/shuji.ca\/wp-content\/uploads\/2024\/07\/Screenshot-2024-07-14-165013.png\" alt=\"\" width=\"768\" height=\"781\" srcset=\"https:\/\/shuji.ca\/wp-content\/uploads\/2024\/07\/Screenshot-2024-07-14-165013.png 582w, https:\/\/shuji.ca\/wp-content\/uploads\/2024\/07\/Screenshot-2024-07-14-165013-295x300.png 295w\" sizes=\"(max-width: 768px) 100vw, 768px\" \/> <img decoding=\"async\" class=\"wp-image-27984 aligncenter\" src=\"https:\/\/shuji.ca\/wp-content\/uploads\/2024\/07\/Screenshot-2024-07-14-164534.png\" alt=\"\" width=\"768\" height=\"758\" srcset=\"https:\/\/shuji.ca\/wp-content\/uploads\/2024\/07\/Screenshot-2024-07-14-164534.png 686w, https:\/\/shuji.ca\/wp-content\/uploads\/2024\/07\/Screenshot-2024-07-14-164534-300x296.png 300w, https:\/\/shuji.ca\/wp-content\/uploads\/2024\/07\/Screenshot-2024-07-14-164534-600x592.png 600w, https:\/\/shuji.ca\/wp-content\/uploads\/2024\/07\/Screenshot-2024-07-14-164534-100x100.png 100w\" sizes=\"(max-width: 768px) 100vw, 768px\" \/> <img loading=\"lazy\" decoding=\"async\" class=\"wp-image-27982 aligncenter\" src=\"https:\/\/shuji.ca\/wp-content\/uploads\/2024\/07\/Screenshot-2024-07-14-164558.png\" alt=\"\" width=\"766\" height=\"765\" srcset=\"https:\/\/shuji.ca\/wp-content\/uploads\/2024\/07\/Screenshot-2024-07-14-164558.png 666w, https:\/\/shuji.ca\/wp-content\/uploads\/2024\/07\/Screenshot-2024-07-14-164558-300x300.png 300w, https:\/\/shuji.ca\/wp-content\/uploads\/2024\/07\/Screenshot-2024-07-14-164558-150x150.png 150w, https:\/\/shuji.ca\/wp-content\/uploads\/2024\/07\/Screenshot-2024-07-14-164558-600x599.png 600w, https:\/\/shuji.ca\/wp-content\/uploads\/2024\/07\/Screenshot-2024-07-14-164558-100x100.png 100w\" sizes=\"(max-width: 766px) 100vw, 766px\" \/> <img loading=\"lazy\" decoding=\"async\" class=\"wp-image-27983 aligncenter\" src=\"https:\/\/shuji.ca\/wp-content\/uploads\/2024\/07\/Screenshot-2024-07-14-164546.png\" alt=\"\" width=\"767\" height=\"797\" srcset=\"https:\/\/shuji.ca\/wp-content\/uploads\/2024\/07\/Screenshot-2024-07-14-164546.png 637w, https:\/\/shuji.ca\/wp-content\/uploads\/2024\/07\/Screenshot-2024-07-14-164546-289x300.png 289w, https:\/\/shuji.ca\/wp-content\/uploads\/2024\/07\/Screenshot-2024-07-14-164546-600x624.png 600w\" sizes=\"(max-width: 767px) 100vw, 767px\" \/><\/p>","protected":false},"excerpt":{"rendered":"<p>Features: Partitioned Storage: Designed with four compartments to keep makeup brushes and cosmetics organized. Aesthetic Design: Attractive appearance enhances the visual appeal of your vanity. Transparent Lid: Clear cover provides visibility and protects against dust and moisture. Antibacterial Material: Made from materials that prevent bacterial growth for added hygiene. Portable Handle: Convenient handle for easy [&hellip;]<\/p>","protected":false},"featured_media":27981,"comment_status":"open","ping_status":"closed","template":"","meta":[],"product_brand":[],"product_cat":[1202,1235],"product_tag":[],"class_list":{"0":"post-27980","1":"product","2":"type-product","3":"status-publish","4":"has-post-thumbnail","6":"product_cat-beauty-personal-care","7":"product_cat-beauty-devices-tools","8":"product_shipping_class-preorder","9":"product-has-variation-images","11":"first","12":"onbackorder","13":"taxable","14":"shipping-taxable","15":"purchasable","16":"product-type-variable"},"_links":{"self":[{"href":"https:\/\/shuji.ca\/fr\/wp-json\/wp\/v2\/product\/27980","targetHints":{"allow":["GET"]}}],"collection":[{"href":"https:\/\/shuji.ca\/fr\/wp-json\/wp\/v2\/product"}],"about":[{"href":"https:\/\/shuji.ca\/fr\/wp-json\/wp\/v2\/types\/product"}],"replies":[{"embeddable":true,"href":"https:\/\/shuji.ca\/fr\/wp-json\/wp\/v2\/comments?post=27980"}],"wp:featuredmedia":[{"embeddable":true,"href":"https:\/\/shuji.ca\/fr\/wp-json\/wp\/v2\/media\/27981"}],"wp:attachment":[{"href":"https:\/\/shuji.ca\/fr\/wp-json\/wp\/v2\/media?parent=27980"}],"wp:term":[{"taxonomy":"product_brand","embeddable":true,"href":"https:\/\/shuji.ca\/fr\/wp-json\/wp\/v2\/product_brand?post=27980"},{"taxonomy":"product_cat","embeddable":true,"href":"https:\/\/shuji.ca\/fr\/wp-json\/wp\/v2\/product_cat?post=27980"},{"taxonomy":"product_tag","embeddable":true,"href":"https:\/\/shuji.ca\/fr\/wp-json\/wp\/v2\/product_tag?post=27980"}],"curies":[{"name":"wp","href":"https:\/\/api.w.org\/{rel}","templated":true}]}}