{"id":27909,"date":"2024-07-14T15:59:56","date_gmt":"2024-07-14T19:59:56","guid":{"rendered":"https:\/\/shuji.ca\/?post_type=product&#038;p=27909"},"modified":"2024-08-18T15:46:24","modified_gmt":"2024-08-18T19:46:24","slug":"large-capacity-dust-proof-transparent-portable-cosmetic-storage-box","status":"publish","type":"product","link":"https:\/\/shuji.ca\/fr\/shop\/beauty-personal-care\/beauty-devices-tools\/large-capacity-dust-proof-transparent-portable-cosmetic-storage-box\/","title":{"rendered":"Bo\u00eete de rangement portable pour cosm\u00e9tiques, transparente et anti-poussi\u00e8re, de grande capacit\u00e9"},"content":{"rendered":"<h6>Caract\u00e9ristiques :<\/h6>\n<ul>\n<li>Grande capacit\u00e9 : Permet de ranger divers produits cosm\u00e9tiques et articles de tous les jours.<\/li>\n<li>Conception en couches : Plusieurs couches pour un rangement organis\u00e9 et un acc\u00e8s facile aux objets.<\/li>\n<li>Visuel transparent : Couvercle transparent permettant de voir le contenu sans l'ouvrir.<\/li>\n<li>Poign\u00e9e portable : Poign\u00e9e confortable pour un transport facile partout.<\/li>\n<li>Mat\u00e9riaux sains : Fabriqu\u00e9 \u00e0 partir de mat\u00e9riaux de haute qualit\u00e9, s\u00fbrs et durables.<\/li>\n<li>Verrouillage de s\u00e9curit\u00e9 : Verrouillage rotatif s\u00e9curis\u00e9 pour \u00e9viter les d\u00e9versements accidentels et les chutes.<\/li>\n<\/ul>\n<p><img fetchpriority=\"high\" decoding=\"async\" class=\"size-full wp-image-27921 aligncenter\" src=\"https:\/\/shuji.ca\/wp-content\/uploads\/2024\/07\/O1CN01X8RTsu1bZQreczgdl_2207277363479-0-cib.jpeg\" alt=\"\" width=\"720\" height=\"720\" srcset=\"https:\/\/shuji.ca\/wp-content\/uploads\/2024\/07\/O1CN01X8RTsu1bZQreczgdl_2207277363479-0-cib.jpeg 720w, https:\/\/shuji.ca\/wp-content\/uploads\/2024\/07\/O1CN01X8RTsu1bZQreczgdl_2207277363479-0-cib-300x300.jpeg 300w, https:\/\/shuji.ca\/wp-content\/uploads\/2024\/07\/O1CN01X8RTsu1bZQreczgdl_2207277363479-0-cib-150x150.jpeg 150w, https:\/\/shuji.ca\/wp-content\/uploads\/2024\/07\/O1CN01X8RTsu1bZQreczgdl_2207277363479-0-cib-600x600.jpeg 600w, https:\/\/shuji.ca\/wp-content\/uploads\/2024\/07\/O1CN01X8RTsu1bZQreczgdl_2207277363479-0-cib-100x100.jpeg 100w\" sizes=\"(max-width: 720px) 100vw, 720px\" \/><\/p>\n<p><img decoding=\"async\" class=\"size-full wp-image-27922 aligncenter\" src=\"https:\/\/shuji.ca\/wp-content\/uploads\/2024\/07\/O1CN019ZPHB61bZQrecyLX3_2207277363479-0-cib.jpeg\" alt=\"\" width=\"720\" height=\"720\" srcset=\"https:\/\/shuji.ca\/wp-content\/uploads\/2024\/07\/O1CN019ZPHB61bZQrecyLX3_2207277363479-0-cib.jpeg 720w, https:\/\/shuji.ca\/wp-content\/uploads\/2024\/07\/O1CN019ZPHB61bZQrecyLX3_2207277363479-0-cib-300x300.jpeg 300w, https:\/\/shuji.ca\/wp-content\/uploads\/2024\/07\/O1CN019ZPHB61bZQrecyLX3_2207277363479-0-cib-150x150.jpeg 150w, https:\/\/shuji.ca\/wp-content\/uploads\/2024\/07\/O1CN019ZPHB61bZQrecyLX3_2207277363479-0-cib-600x600.jpeg 600w, https:\/\/shuji.ca\/wp-content\/uploads\/2024\/07\/O1CN019ZPHB61bZQrecyLX3_2207277363479-0-cib-100x100.jpeg 100w\" sizes=\"(max-width: 720px) 100vw, 720px\" \/><\/p>\n<p><img decoding=\"async\" class=\"size-full wp-image-27920 aligncenter\" src=\"https:\/\/shuji.ca\/wp-content\/uploads\/2024\/07\/O1CN01xRdp9f1bZQrccI0bJ_2207277363479-0-cib.jpeg\" alt=\"\" width=\"720\" height=\"720\" srcset=\"https:\/\/shuji.ca\/wp-content\/uploads\/2024\/07\/O1CN01xRdp9f1bZQrccI0bJ_2207277363479-0-cib.jpeg 720w, https:\/\/shuji.ca\/wp-content\/uploads\/2024\/07\/O1CN01xRdp9f1bZQrccI0bJ_2207277363479-0-cib-300x300.jpeg 300w, https:\/\/shuji.ca\/wp-content\/uploads\/2024\/07\/O1CN01xRdp9f1bZQrccI0bJ_2207277363479-0-cib-150x150.jpeg 150w, https:\/\/shuji.ca\/wp-content\/uploads\/2024\/07\/O1CN01xRdp9f1bZQrccI0bJ_2207277363479-0-cib-600x600.jpeg 600w, https:\/\/shuji.ca\/wp-content\/uploads\/2024\/07\/O1CN01xRdp9f1bZQrccI0bJ_2207277363479-0-cib-100x100.jpeg 100w\" sizes=\"(max-width: 720px) 100vw, 720px\" \/><\/p>\n<p>&nbsp;<\/p>\n<p><img loading=\"lazy\" decoding=\"async\" class=\"size-full wp-image-27924 aligncenter\" src=\"https:\/\/shuji.ca\/wp-content\/uploads\/2024\/07\/Screenshot-2024-07-14-155906-1.png\" alt=\"\" width=\"604\" height=\"720\" srcset=\"https:\/\/shuji.ca\/wp-content\/uploads\/2024\/07\/Screenshot-2024-07-14-155906-1.png 604w, https:\/\/shuji.ca\/wp-content\/uploads\/2024\/07\/Screenshot-2024-07-14-155906-1-252x300.png 252w, https:\/\/shuji.ca\/wp-content\/uploads\/2024\/07\/Screenshot-2024-07-14-155906-1-600x715.png 600w\" sizes=\"(max-width: 604px) 100vw, 604px\" \/><\/p>","protected":false},"excerpt":{"rendered":"<p>Features: Large Capacity: Holds various cosmetics and daily items for convenient storage. Layered Design: Multiple layers for organized storage, easy access to items. Transparent Visual: Clear lid for easy viewing of contents without opening. Portable Handle: Comfortable handle for easy carrying anywhere. Healthy Material: Made from high-quality, safe, and durable materials. Security Lock: Secure rotating [&hellip;]<\/p>","protected":false},"featured_media":27922,"comment_status":"open","ping_status":"closed","template":"","meta":[],"product_brand":[],"product_cat":[1202,1235],"product_tag":[],"class_list":{"0":"post-27909","1":"product","2":"type-product","3":"status-publish","4":"has-post-thumbnail","6":"product_cat-beauty-personal-care","7":"product_cat-beauty-devices-tools","8":"product_shipping_class-preorder","9":"product-has-variation-images","11":"first","12":"onbackorder","13":"taxable","14":"shipping-taxable","15":"purchasable","16":"product-type-variable"},"_links":{"self":[{"href":"https:\/\/shuji.ca\/fr\/wp-json\/wp\/v2\/product\/27909","targetHints":{"allow":["GET"]}}],"collection":[{"href":"https:\/\/shuji.ca\/fr\/wp-json\/wp\/v2\/product"}],"about":[{"href":"https:\/\/shuji.ca\/fr\/wp-json\/wp\/v2\/types\/product"}],"replies":[{"embeddable":true,"href":"https:\/\/shuji.ca\/fr\/wp-json\/wp\/v2\/comments?post=27909"}],"wp:featuredmedia":[{"embeddable":true,"href":"https:\/\/shuji.ca\/fr\/wp-json\/wp\/v2\/media\/27922"}],"wp:attachment":[{"href":"https:\/\/shuji.ca\/fr\/wp-json\/wp\/v2\/media?parent=27909"}],"wp:term":[{"taxonomy":"product_brand","embeddable":true,"href":"https:\/\/shuji.ca\/fr\/wp-json\/wp\/v2\/product_brand?post=27909"},{"taxonomy":"product_cat","embeddable":true,"href":"https:\/\/shuji.ca\/fr\/wp-json\/wp\/v2\/product_cat?post=27909"},{"taxonomy":"product_tag","embeddable":true,"href":"https:\/\/shuji.ca\/fr\/wp-json\/wp\/v2\/product_tag?post=27909"}],"curies":[{"name":"wp","href":"https:\/\/api.w.org\/{rel}","templated":true}]}}