{"id":27813,"date":"2024-07-13T15:38:39","date_gmt":"2024-07-13T19:38:39","guid":{"rendered":"https:\/\/shuji.ca\/?post_type=product&#038;p=27813"},"modified":"2024-08-28T21:40:24","modified_gmt":"2024-08-29T01:40:24","slug":"360-rotating-makeup-brush-organizer-with-dustproof-cover","status":"publish","type":"product","link":"https:\/\/shuji.ca\/fr\/shop\/beauty-personal-care\/beauty-devices-tools\/360-rotating-makeup-brush-organizer-with-dustproof-cover\/","title":{"rendered":"Organisateur de pinceaux de maquillage rotatif \u00e0 360\u00b0 avec couvercle anti-poussi\u00e8re"},"content":{"rendered":"<p><strong>Caract\u00e9ristiques :<\/strong><\/p>\n<ul>\n<li>Rotation \u00e0 360\u00b0 pour un acc\u00e8s facile<\/li>\n<li>Housse imperm\u00e9able et anti-poussi\u00e8re pour prot\u00e9ger les pinceaux<\/li>\n<li>Plusieurs compartiments pour un rangement organis\u00e9<\/li>\n<li>Taille compacte pour \u00e9conomiser de l'espace sur le bureau<\/li>\n<li>Grille int\u00e9rieure amovible pour un nettoyage facile<\/li>\n<li>Base stable avec patins antid\u00e9rapants pour un placement s\u00fbr<\/li>\n<\/ul>\n<p><img fetchpriority=\"high\" decoding=\"async\" class=\"aligncenter wp-image-30451\" src=\"https:\/\/shuji.ca\/wp-content\/uploads\/2024\/07\/O1CN01hbLPy21neifmbhnX6_2917815115-0-cib.jpg\" alt=\"\" width=\"864\" height=\"864\" srcset=\"https:\/\/shuji.ca\/wp-content\/uploads\/2024\/07\/O1CN01hbLPy21neifmbhnX6_2917815115-0-cib.jpg 800w, https:\/\/shuji.ca\/wp-content\/uploads\/2024\/07\/O1CN01hbLPy21neifmbhnX6_2917815115-0-cib-300x300.jpg 300w, https:\/\/shuji.ca\/wp-content\/uploads\/2024\/07\/O1CN01hbLPy21neifmbhnX6_2917815115-0-cib-150x150.jpg 150w, https:\/\/shuji.ca\/wp-content\/uploads\/2024\/07\/O1CN01hbLPy21neifmbhnX6_2917815115-0-cib-768x768.jpg 768w, https:\/\/shuji.ca\/wp-content\/uploads\/2024\/07\/O1CN01hbLPy21neifmbhnX6_2917815115-0-cib-12x12.jpg 12w, https:\/\/shuji.ca\/wp-content\/uploads\/2024\/07\/O1CN01hbLPy21neifmbhnX6_2917815115-0-cib-600x600.jpg 600w, https:\/\/shuji.ca\/wp-content\/uploads\/2024\/07\/O1CN01hbLPy21neifmbhnX6_2917815115-0-cib-100x100.jpg 100w\" sizes=\"(max-width: 864px) 100vw, 864px\" \/> <img decoding=\"async\" class=\"aligncenter wp-image-30452\" src=\"https:\/\/shuji.ca\/wp-content\/uploads\/2024\/07\/O1CN01jDYnre1neifcLEf6m_2917815115-0-cib.jpg\" alt=\"\" width=\"865\" height=\"865\" srcset=\"https:\/\/shuji.ca\/wp-content\/uploads\/2024\/07\/O1CN01jDYnre1neifcLEf6m_2917815115-0-cib.jpg 800w, https:\/\/shuji.ca\/wp-content\/uploads\/2024\/07\/O1CN01jDYnre1neifcLEf6m_2917815115-0-cib-300x300.jpg 300w, https:\/\/shuji.ca\/wp-content\/uploads\/2024\/07\/O1CN01jDYnre1neifcLEf6m_2917815115-0-cib-150x150.jpg 150w, https:\/\/shuji.ca\/wp-content\/uploads\/2024\/07\/O1CN01jDYnre1neifcLEf6m_2917815115-0-cib-768x768.jpg 768w, https:\/\/shuji.ca\/wp-content\/uploads\/2024\/07\/O1CN01jDYnre1neifcLEf6m_2917815115-0-cib-12x12.jpg 12w, https:\/\/shuji.ca\/wp-content\/uploads\/2024\/07\/O1CN01jDYnre1neifcLEf6m_2917815115-0-cib-600x600.jpg 600w, https:\/\/shuji.ca\/wp-content\/uploads\/2024\/07\/O1CN01jDYnre1neifcLEf6m_2917815115-0-cib-100x100.jpg 100w\" sizes=\"(max-width: 865px) 100vw, 865px\" \/> <img decoding=\"async\" class=\"aligncenter wp-image-30453\" src=\"https:\/\/shuji.ca\/wp-content\/uploads\/2024\/07\/O1CN014yhB9u1neifmbjTmE_2917815115-0-cib.jpg\" alt=\"\" width=\"863\" height=\"863\" srcset=\"https:\/\/shuji.ca\/wp-content\/uploads\/2024\/07\/O1CN014yhB9u1neifmbjTmE_2917815115-0-cib.jpg 800w, https:\/\/shuji.ca\/wp-content\/uploads\/2024\/07\/O1CN014yhB9u1neifmbjTmE_2917815115-0-cib-300x300.jpg 300w, https:\/\/shuji.ca\/wp-content\/uploads\/2024\/07\/O1CN014yhB9u1neifmbjTmE_2917815115-0-cib-150x150.jpg 150w, https:\/\/shuji.ca\/wp-content\/uploads\/2024\/07\/O1CN014yhB9u1neifmbjTmE_2917815115-0-cib-768x768.jpg 768w, https:\/\/shuji.ca\/wp-content\/uploads\/2024\/07\/O1CN014yhB9u1neifmbjTmE_2917815115-0-cib-12x12.jpg 12w, https:\/\/shuji.ca\/wp-content\/uploads\/2024\/07\/O1CN014yhB9u1neifmbjTmE_2917815115-0-cib-600x600.jpg 600w, https:\/\/shuji.ca\/wp-content\/uploads\/2024\/07\/O1CN014yhB9u1neifmbjTmE_2917815115-0-cib-100x100.jpg 100w\" sizes=\"(max-width: 863px) 100vw, 863px\" \/><\/p>\n<p>&nbsp;<\/p>","protected":false},"excerpt":{"rendered":"<p>Features: 360\u00b0 Rotating Design for Easy Access Dustproof and Waterproof Cover to Protect Brushes Multiple Compartments for Organized Storage Compact Size to Save Desk Space Removable Inner Grid for Easy Cleaning Stable Base with Anti-Slip Pads for Secure Placement &nbsp;<\/p>","protected":false},"featured_media":27819,"comment_status":"open","ping_status":"closed","template":"","meta":[],"product_brand":[],"product_cat":[1202,1235],"product_tag":[],"class_list":{"0":"post-27813","1":"product","2":"type-product","3":"status-publish","4":"has-post-thumbnail","6":"product_cat-beauty-personal-care","7":"product_cat-beauty-devices-tools","8":"product_shipping_class-preorder","9":"product-has-variation-images","11":"first","12":"onbackorder","13":"taxable","14":"shipping-taxable","15":"purchasable","16":"product-type-variable"},"_links":{"self":[{"href":"https:\/\/shuji.ca\/fr\/wp-json\/wp\/v2\/product\/27813","targetHints":{"allow":["GET"]}}],"collection":[{"href":"https:\/\/shuji.ca\/fr\/wp-json\/wp\/v2\/product"}],"about":[{"href":"https:\/\/shuji.ca\/fr\/wp-json\/wp\/v2\/types\/product"}],"replies":[{"embeddable":true,"href":"https:\/\/shuji.ca\/fr\/wp-json\/wp\/v2\/comments?post=27813"}],"wp:featuredmedia":[{"embeddable":true,"href":"https:\/\/shuji.ca\/fr\/wp-json\/wp\/v2\/media\/27819"}],"wp:attachment":[{"href":"https:\/\/shuji.ca\/fr\/wp-json\/wp\/v2\/media?parent=27813"}],"wp:term":[{"taxonomy":"product_brand","embeddable":true,"href":"https:\/\/shuji.ca\/fr\/wp-json\/wp\/v2\/product_brand?post=27813"},{"taxonomy":"product_cat","embeddable":true,"href":"https:\/\/shuji.ca\/fr\/wp-json\/wp\/v2\/product_cat?post=27813"},{"taxonomy":"product_tag","embeddable":true,"href":"https:\/\/shuji.ca\/fr\/wp-json\/wp\/v2\/product_tag?post=27813"}],"curies":[{"name":"wp","href":"https:\/\/api.w.org\/{rel}","templated":true}]}}